{"id":2085,"date":"2020-09-15T16:06:37","date_gmt":"2020-09-15T16:06:37","guid":{"rendered":"https:\/\/memphisschoolguide.org\/escuelas-del-condado-de-shelby-y-planes-de-reapertura-de-la-escuela-charter-de-memphis\/"},"modified":"2021-10-25T20:27:50","modified_gmt":"2021-10-25T20:27:50","slug":"escuelas-del-condado-de-shelby-y-planes-de-reapertura-de-la-escuela-charter-de-memphis","status":"publish","type":"page","link":"https:\/\/memphisschoolguide.org\/es\/escuelas-del-condado-de-shelby-y-planes-de-reapertura-de-la-escuela-charter-de-memphis\/","title":{"rendered":"Planes de reapertura de las escuelas del condado de Shelby"},"content":{"rendered":"<section class=\"wpb-content-wrapper\"><p>[vc_row css=&#8221;.vc_custom_1435816078010{margin-bottom: 15px !important;}&#8221;][vc_column width=&#8221;1\/3&#8243;][vc_single_image image=&#8221;2063&#8243; img_size=&#8221;full&#8221; alignment=&#8221;center&#8221; css_animation=&#8221;flipInX&#8221; css=&#8221;.vc_custom_1598297694694{margin-top: 16px !important;margin-bottom: 88px !important;}&#8221;][\/vc_column][vc_column width=&#8221;2\/3&#8243;][vc_custom_heading text=&#8221;Plan de reingreso de las escuelas del condado de Shelby&#8221; font_container=&#8221;tag:h2|text_align:left|color:%23307ad5&#8243; google_fonts=&#8221;font_family:Montserrat%3Aregular%2C700|font_style:700%20bold%20regular%3A700%3Anormal&#8221; css_animation=&#8221;zoomInLeft&#8221; css=&#8221;.vc_custom_1598303038547{margin-top: -8px !important;margin-bottom: 29px !important;}&#8221;][vc_row_inner css=&#8221;.vc_custom_1598302724028{margin-bottom: 0px !important;}&#8221;][vc_column_inner width=&#8221;1\/2&#8243;][vc_column_text css=&#8221;.vc_custom_1610489965233{margin-bottom: 32px !important;}&#8221;]<\/p>\n<div class=\"x-text none\">Las Escuelas del Condado de Shelby (SCS) est\u00e1n retrasando el regreso al aprendizaje en persona debido al aumento actual de casos de COVID-19 en el Condado de Shelby.<\/div>\n<p>[\/vc_column_text][\/vc_column_inner][vc_column_inner width=&#8221;1\/2&#8243;][vc_single_image image=&#8221;2066&#8243; img_size=&#8221;medium&#8221;][\/vc_column_inner][\/vc_row_inner][vc_column_text css=&#8221;.vc_custom_1610489993744{margin-bottom: 32px !important;}&#8221;]Las escuelas reabrir\u00e1n <b><i>no antes del<\/i><\/p>\n<p><\/b> segundo semestre, el <b><i>8 de febrero (Pre-K-5) y el 22 de febrero (6-12).<\/i><\/p>\n<p><\/b> <i> <\/i>[\/vc_column_text][vc_btn title=&#8221;Volver al aprendizaje en persona&#8221; shape=&#8221;square&#8221; color=&#8221;inverse&#8221; size=&#8221;sm&#8221; align=&#8221;left&#8221; i_align=&#8221;right&#8221; i_icon_fontawesome=&#8221;fas fa-angle-right&#8221; button_block=&#8221;true&#8221; add_icon=&#8221;true&#8221; css=&#8221;.vc_custom_1610490050397{margin-bottom: 0px !important;}&#8221; link=&#8221;url:http%3A%2F%2Fwww.scsk12.org%2Flearningoptions%2Ffacts%3FPID%3D1857|target:%20_blank|&#8221;][\/vc_column][\/vc_row][vc_row css=&#8221;.vc_custom_1435816078010{margin-bottom: 15px !important;}&#8221;][vc_column offset=&#8221;vc_hidden-lg vc_hidden-md vc_hidden-sm vc_hidden-xs&#8221;][vc_custom_heading text=&#8221;Plan de Reingreso de Charter School&#8221; font_container=&#8221;tag:h2|text_align:left|color:%23307ad5&#8243; google_fonts=&#8221;font_family:Montserrat%3Aregular%2C700|font_style:700%20bold%20regular%3A700%3Anormal&#8221; css_animation=&#8221;zoomInLeft&#8221; css=&#8221;.vc_custom_1598303070590{margin-top: -8px !important;margin-bottom: 29px !important;}&#8221;][vc_column_text css=&#8221;.vc_custom_1598303386508{margin-bottom: 32px !important;}&#8221;]<\/p>\n<div>Memphis Education Fund se ha puesto en contacto con las escuelas ch\u00e1rter del \u00e1rea del condado de Shelby para compilar planes de reingreso mientras las escuelas se abren para el semestre de oto\u00f1o. Consulte a continuaci\u00f3n para obtener m\u00e1s informaci\u00f3n y enlaces a sitios web escolares donde puede obtener m\u00e1s informaci\u00f3n sobre el plan, las pol\u00edticas y los procedimientos de cada escuela.<\/div>\n<p>[\/vc_column_text][\/vc_column][\/vc_row][vc_row equal_height=&#8221;yes&#8221; content_placement=&#8221;top&#8221; css=&#8221;.vc_custom_1598309121049{margin-bottom: 15px !important;border-bottom-width: 1px !important;border-bottom-color: #000000 !important;border-bottom-style: dashed !important;}&#8221;][vc_column width=&#8221;1\/3&#8243; css=&#8221;.vc_custom_1628782055043{border-right-width: 1px !important;border-right-color: #000000 !important;border-right-style: dashed !important;}&#8221; offset=&#8221;vc_hidden-lg vc_hidden-md vc_hidden-sm vc_hidden-xs&#8221;][vc_single_image image=&#8221;2068&#8243; img_size=&#8221;full&#8221; alignment=&#8221;center&#8221; onclick=&#8221;custom_link&#8221; img_link_target=&#8221;_blank&#8221; link=&#8221;https:%2F%2Fdrive.google.com%2Ffile%2Fd%2F1N27S1WxsF0bVChF-c_BVoF0eF1UC63eL%2Fview|&#8221;][vc_column_text]<\/p>\n<h4 style=\"text-align: center;\">Instrucci\u00f3n totalmente virtual<\/h4>\n<p style=\"text-align: center;\"><strong>Grados 4 &#8211; 7 ? Asientos abiertos<\/strong><\/p>\n<p>[\/vc_column_text][vc_column_text]<\/p>\n<p style=\"text-align: center;\"><em>La escuela ha comenzado, pero Believe Memphis Academy sigue aceptando nuevos estudiantes.<\/em><\/p>\n<p>[\/vc_column_text][vc_btn title=&#8221;Informaci\u00f3n del programa Believe At Home&#8221; shape=&#8221;square&#8221; color=&#8221;info&#8221; size=&#8221;sm&#8221; align=&#8221;center&#8221; button_block=&#8221;true&#8221; link=&#8221;url:https%3A%2F%2Fdrive.google.com%2Ffile%2Fd%2F1N27S1WxsF0bVChF-c_BVoF0eF1UC63eL%2Fview|target:%20_blank|&#8221;][vc_btn title=&#8221;Inscribirse&#8221; shape=&#8221;square&#8221; color=&#8221;info&#8221; size=&#8221;sm&#8221; align=&#8221;center&#8221; button_block=&#8221;true&#8221; link=&#8221;url:https%3A%2F%2Fwww.believememphisacademy.org%2Fenroll|target:%20_blank|&#8221;][vc_btn title=&#8221;Perfil de la Gu\u00eda Escolar de Memphis&#8221; shape=&#8221;square&#8221; color=&#8221;primary&#8221; size=&#8221;sm&#8221; align=&#8221;center&#8221; button_block=&#8221;true&#8221; link=&#8221;url:http%3A%2F%2Fschools.memphisschoolguide.org%2Fs%2Fbelieve-memphis-academy-memphis-tn-3454|target:%20_blank|&#8221;][\/vc_column][vc_column width=&#8221;1\/3&#8243; css=&#8221;.vc_custom_1628782063468{border-right-width: 1px !important;border-right-color: #000000 !important;border-right-style: dashed !important;}&#8221; offset=&#8221;vc_hidden-lg vc_hidden-md vc_hidden-sm vc_hidden-xs&#8221;][vc_single_image image=&#8221;2070&#8243; img_size=&#8221;full&#8221; alignment=&#8221;center&#8221; onclick=&#8221;custom_link&#8221; img_link_target=&#8221;_blank&#8221; link=&#8221;https:%2F%2Fmseec.sememphis.org%2Fapps%2Fnews%2Farticle%2F1263014|&#8221;][vc_column_text]<\/p>\n<h4 style=\"text-align: center;\">Instrucci\u00f3n totalmente virtual<\/h4>\n<p style=\"text-align: center;\"><strong>Grados K &#8211; 5 ? Asientos abiertos<\/strong><\/p>\n<p style=\"text-align: center;\"><em>Sigo inscribi\u00e9ndote. Cuidado infantil asequible en el sitio disponible para los estudiantes<\/em><\/p>\n<p>[\/vc_column_text][vc_btn title=&#8221;Plan de reapertura&#8221; shape=&#8221;square&#8221; color=&#8221;info&#8221; size=&#8221;sm&#8221; align=&#8221;center&#8221; button_block=&#8221;true&#8221; link=&#8221;url:https%3A%2F%2Fmseec.sememphis.org%2Fapps%2Fnews%2Farticle%2F1263014|target:%20_blank|&#8221;][vc_btn title=&#8221;Inscribirse&#8221; shape=&#8221;square&#8221; color=&#8221;info&#8221; size=&#8221;sm&#8221; align=&#8221;center&#8221; button_block=&#8221;true&#8221; link=&#8221;url:https%3A%2F%2Fecollect.accelaschool.com%2Fsememphis%3Ffbclid%3DIwAR1Bf8_qoXSdX6ATY3uIWR0IkYcIiH_36x63SUPdogkiKeCENwtkFmVB88s|target:%20_blank|&#8221;][vc_btn title=&#8221;Perfil de la Gu\u00eda Escolar de Memphis&#8221; shape=&#8221;square&#8221; color=&#8221;primary&#8221; size=&#8221;sm&#8221; align=&#8221;center&#8221; button_block=&#8221;true&#8221; link=&#8221;url:http%3A%2F%2Fschools.memphisschoolguide.org%2Fschools%2F%3FkeywordSearch%3Dtrue%26filter_keywords%3Dschool%2Bof%2Bexcellence|target:%20_blank|&#8221;][\/vc_column][vc_column width=&#8221;1\/3&#8243; offset=&#8221;vc_hidden-lg vc_hidden-md vc_hidden-sm vc_hidden-xs&#8221;][vc_single_image image=&#8221;2072&#8243; img_size=&#8221;full&#8221; alignment=&#8221;center&#8221; onclick=&#8221;custom_link&#8221; img_link_target=&#8221;_blank&#8221; link=&#8221;https:%2F%2Fdocs.google.com%2Fdocument%2Fd%2F1np2zs6fQV2UyKRGu4_kqtShDoG9bxMft9Bcu28ffQD8%2Fedit|&#8221;][vc_column_text]<\/p>\n<h4 style=\"text-align: center;\">Elecci\u00f3n de Instrucci\u00f3n En Persona o Virtual<\/h4>\n<p style=\"text-align: center;\"><strong>PK ? 40 Asientos Abiertos<\/strong><br \/>\n<strong>Grados K &#8211; 5 ? Espera<\/strong><\/p>\n<p style=\"text-align: center;\"><em>La escuela ha comenzado, pero la inscripci\u00f3n sigue abierta.  <\/em><\/p>\n<p>[\/vc_column_text][vc_btn title=&#8221;Plan de reapertura&#8221; shape=&#8221;square&#8221; color=&#8221;info&#8221; size=&#8221;sm&#8221; align=&#8221;center&#8221; button_block=&#8221;true&#8221; link=&#8221;url:https%3A%2F%2Fdocs.google.com%2Fdocument%2Fd%2F1np2zs6fQV2UyKRGu4_kqtShDoG9bxMft9Bcu28ffQD8%2Fedit|target:%20_blank|&#8221;][vc_btn title=&#8221;Inscribirse&#8221; shape=&#8221;square&#8221; color=&#8221;info&#8221; size=&#8221;sm&#8221; align=&#8221;center&#8221; button_block=&#8221;true&#8221; link=&#8221;url:https%3A%2F%2Fwww.libertasmemphis.org%2Four-school|target:%20_blank|&#8221;][vc_btn title=&#8221;Perfil de la Gu\u00eda Escolar de Memphis&#8221; shape=&#8221;square&#8221; color=&#8221;primary&#8221; size=&#8221;sm&#8221; align=&#8221;center&#8221; button_block=&#8221;true&#8221; link=&#8221;url:http%3A%2F%2Fschools.memphisschoolguide.org%2Fs%2Flibertas-school-of-memphis-memphis-tn-3013|target:%20_blank|&#8221;][\/vc_column][\/vc_row][vc_row equal_height=&#8221;yes&#8221; content_placement=&#8221;top&#8221; css=&#8221;.vc_custom_1598309388929{margin-bottom: 40px !important;}&#8221;][vc_column width=&#8221;1\/3&#8243; css=&#8221;.vc_custom_1628782079934{border-right-width: 1px !important;border-right-color: #000000 !important;border-right-style: dashed !important;}&#8221; offset=&#8221;vc_hidden-lg vc_hidden-md vc_hidden-sm vc_hidden-xs&#8221;][vc_single_image image=&#8221;2074&#8243; img_size=&#8221;full&#8221; alignment=&#8221;center&#8221; onclick=&#8221;custom_link&#8221; img_link_target=&#8221;_blank&#8221; link=&#8221;https:%2F%2Fwww.capstoneeducationgroup.org%2Fdefault.aspx%3Fp%3D170063%26amp%3Bnaid%3D27221|&#8221;][vc_column_text]<\/p>\n<h4 style=\"text-align: center;\">Instrucci\u00f3n totalmente virtual<\/h4>\n<p style=\"text-align: center;\"><strong>Cornerstone Prep Denver Campus<\/strong><br \/>\n<strong>PK4 &#8211; 5 ? M\u00e1s de 20 asientos abiertos por grado<\/strong><\/p>\n<p style=\"text-align: center;\"><strong>Cornerstone Prep Lester Campus<\/strong><br \/>\n<strong>PK &#8211; 5 ? M\u00e1s de 20 asientos abiertos por grado<\/strong><\/p>\n<p style=\"text-align: center;\"><strong>Lester Prep<\/strong><br \/>\n<strong>6 &#8211; 8 ? M\u00e1s de 20 asientos abiertos por grado<\/strong>[\/vc_column_text][vc_column_text]<\/p>\n<p style=\"text-align: center;\"><em>La escuela comienza el 31 de agosto, pero la inscripci\u00f3n permanecer\u00e1 abierta hasta el 15 de septiembre.<\/em><\/p>\n<p>[\/vc_column_text][vc_btn title=&#8221;Plan Virtual de Aprendizaje&#8221; shape=&#8221;square&#8221; color=&#8221;info&#8221; size=&#8221;sm&#8221; align=&#8221;center&#8221; button_block=&#8221;true&#8221; link=&#8221;url:https%3A%2F%2Fwww.capstoneeducationgroup.org%2Fdefault.aspx%3Fp%3D170063%26naid%3D27221|target:%20_blank|&#8221;][vc_btn title=&#8221;Inscribirse&#8221; shape=&#8221;square&#8221; color=&#8221;info&#8221; size=&#8221;sm&#8221; align=&#8221;center&#8221; button_block=&#8221;true&#8221; link=&#8221;url:https%3A%2F%2Fwww.capstoneeducationgroup.org%2Fdefault.aspx%3Fp%3D170063%26naid%3D26945|target:%20_blank|&#8221;][vc_btn title=&#8221;Perfil de la Gu\u00eda Escolar de Memphis (Denver Campus)&#8221; shape=&#8221;square&#8221; color=&#8221;primary&#8221; size=&#8221;sm&#8221; align=&#8221;center&#8221; button_block=&#8221;true&#8221; link=&#8221;url:http%3A%2F%2Fschools.memphisschoolguide.org%2Fs%2Fcornerstone-prep-denver-campus-memphis-tn-3021|target:%20_blank|&#8221;][vc_btn title=&#8221;Perfil de la Gu\u00eda Escolar de Memphis (Lester Campus)&#8221; shape=&#8221;square&#8221; color=&#8221;primary&#8221; size=&#8221;sm&#8221; align=&#8221;center&#8221; button_block=&#8221;true&#8221; link=&#8221;url:http%3A%2F%2Fschools.memphisschoolguide.org%2Fs%2Fcornerstone-prep-lester-campus-memphis-tn-2988|target:%20_blank|&#8221;][vc_btn title=&#8221;Perfil de la Gu\u00eda Escolar de Memphis (Lester Prep)&#8221; shape=&#8221;square&#8221; color=&#8221;primary&#8221; size=&#8221;sm&#8221; align=&#8221;center&#8221; button_block=&#8221;true&#8221; link=&#8221;url:http%3A%2F%2Fschools.memphisschoolguide.org%2Fs%2Flester-prep-memphis-tn-2999|target:%20_blank|&#8221;][\/vc_column][vc_column width=&#8221;1\/3&#8243; css=&#8221;.vc_custom_1628782086751{border-right-width: 1px !important;border-right-color: #000000 !important;border-right-style: dashed !important;}&#8221; offset=&#8221;vc_hidden-lg vc_hidden-md vc_hidden-sm vc_hidden-xs&#8221;][vc_single_image image=&#8221;2076&#8243; img_size=&#8221;full&#8221; alignment=&#8221;center&#8221; onclick=&#8221;custom_link&#8221; img_link_target=&#8221;_blank&#8221; link=&#8221;https:%2F%2Fhollywood.promiseacademy.com%2Fourpages%2Fauto%2F2020%2F7%2F16%2F39981037%2FGuide%20to%20Reopening%20Revised%20July%2031.pdf|&#8221;][vc_column_text]<\/p>\n<h4 style=\"text-align: center;\">Elecci\u00f3n de Instrucci\u00f3n En Persona o Virtual<\/h4>\n<p style=\"text-align: center;\"><strong>Grados K &#8211; 5 ? Aperturas limitadas<\/strong><\/p>\n<p style=\"text-align: center;\"><em>El primer d\u00eda de escolar y familiar para la inscripci\u00f3n es el 26 de agosto.<\/em><\/p>\n<p>[\/vc_column_text][vc_btn title=&#8221;Plan de reapertura&#8221; shape=&#8221;square&#8221; color=&#8221;info&#8221; size=&#8221;sm&#8221; align=&#8221;center&#8221; button_block=&#8221;true&#8221; link=&#8221;url:https%3A%2F%2Fhollywood.promiseacademy.com%2Fourpages%2Fauto%2F2020%2F7%2F16%2F39981037%2FGuide%2520to%2520Reopening%2520Revised%2520July%252031.pdf|target:%20_blank|&#8221;][vc_btn title=&#8221;Inscribirse&#8221; shape=&#8221;square&#8221; color=&#8221;info&#8221; size=&#8221;sm&#8221; align=&#8221;center&#8221; button_block=&#8221;true&#8221; link=&#8221;url:https%3A%2F%2Fhollywood.promiseacademy.com%2Fapps%2Fpages%2Findex.jsp%3FuREC_ID%3D174182%26type%3Dd%26pREC_ID%3D357950%26hideMenu%3D1|target:%20_blank|&#8221;][vc_btn title=&#8221;Perfil de la Gu\u00eda Escolar de Memphis&#8221; shape=&#8221;square&#8221; color=&#8221;primary&#8221; size=&#8221;sm&#8221; align=&#8221;center&#8221; button_block=&#8221;true&#8221; link=&#8221;url:http%3A%2F%2Fschools.memphisschoolguide.org%2Fschools%2F%3FkeywordSearch%3Dtrue%26filter_keywords%3Dpromise%2Bacademy|target:%20_blank|&#8221;][\/vc_column][vc_column width=&#8221;1\/3&#8243; offset=&#8221;vc_hidden-lg vc_hidden-md vc_hidden-sm vc_hidden-xs&#8221;][vc_single_image image=&#8221;2078&#8243; img_size=&#8221;full&#8221; alignment=&#8221;center&#8221; onclick=&#8221;custom_link&#8221; link=&#8221;https:%2F%2Fdrive.google.com%2Ffile%2Fd%2F1_WvZW9z7kjaNP2TtUehvJKSmMO4AFI9_%2Fview|&#8221;][vc_column_text]<\/p>\n<h4 style=\"text-align: center;\">Instrucci\u00f3n totalmente virtual<\/h4>\n<div style=\"text-align: center;\"><strong>Power Center Academy High: Hickory Hill  <\/strong><\/div>\n<div style=\"text-align: center;\"><strong>Grado 9 ? 5 espacios<\/strong><\/div>\n<div style=\"text-align: center;\"><strong>Grado 10 ? 10 espacios<\/strong><\/div>\n<div><b> <\/b><\/div>\n<p style=\"text-align: center;\"><b>Escuela Primaria y Media de power Center Academy: Sureste<\/b><br \/>\n<strong>Grado K ? 8 espacios<\/strong><br \/>\n<strong>Grado 6 ? 10 espacios<\/strong><br \/>\n<strong>Grado 7 ? 12 espacios<\/strong><br \/>\n<strong>Grado 8 ? 5 espacios  <\/strong><\/p>\n<p style=\"text-align: center;\"><em>La inscripci\u00f3n limitada est\u00e1 abierta.<\/em><\/p>\n<p>[\/vc_column_text][vc_btn title=&#8221;Plan de reapertura&#8221; shape=&#8221;square&#8221; color=&#8221;info&#8221; size=&#8221;sm&#8221; align=&#8221;center&#8221; button_block=&#8221;true&#8221; link=&#8221;url:https%3A%2F%2Fdrive.google.com%2Ffile%2Fd%2F1_WvZW9z7kjaNP2TtUehvJKSmMO4AFI9_%2Fview|target:%20_blank|&#8221;][vc_btn title=&#8221;Inscribirse&#8221; shape=&#8221;square&#8221; color=&#8221;info&#8221; size=&#8221;sm&#8221; align=&#8221;center&#8221; button_block=&#8221;true&#8221; link=&#8221;url:http%3A%2F%2Fwww.gestaltcs.org%2Fscholars%2Fadmissions%2F|target:%20_blank|&#8221;][vc_btn title=&#8221;Perfil de la Gu\u00eda Escolar de Memphis&#8221; shape=&#8221;square&#8221; color=&#8221;primary&#8221; size=&#8221;sm&#8221; align=&#8221;center&#8221; button_block=&#8221;true&#8221; link=&#8221;url:http%3A%2F%2Fschools.memphisschoolguide.org%2Fschools%2F%3FkeywordSearch%3Dtrue%26filter_keywords%3Dpower%2Bcenter|target:%20_blank|&#8221;][\/vc_column][\/vc_row]<\/p>\n<\/section>","protected":false},"excerpt":{"rendered":"<p>[vc_row css=&#8221;.vc_custom_1435816078010{margin-bottom: 15px !important;}&#8221;][vc_column width=&#8221;1\/3&#8243;][vc_single_image image=&#8221;2063&#8243; img_size=&#8221;full&#8221; alignment=&#8221;center&#8221; css_animation=&#8221;flipInX&#8221; css=&#8221;.vc_custom_1598297694694{margin-top: 16px !important;margin-bottom: 88px !important;}&#8221;][\/vc_column][vc_column width=&#8221;2\/3&#8243;][vc_custom_heading text=&#8221;Plan de reingreso de las escuelas del condado de Shelby&#8221; font_container=&#8221;tag:h2|text_align:left|color:%23307ad5&#8243; google_fonts=&#8221;font_family:Montserrat%3Aregular%2C700|font_style:700%20bold%20regular%3A700%3Anormal&#8221; css_animation=&#8221;zoomInLeft&#8221; css=&#8221;.vc_custom_1598303038547{margin-top: -8px !important;margin-bottom: 29px !important;}&#8221;][vc_row_inner css=&#8221;.vc_custom_1598302724028{margin-bottom: 0px !important;}&#8221;][vc_column_inner width=&#8221;1\/2&#8243;][vc_column_text css=&#8221;.vc_custom_1610489965233{margin-bottom: 32px !important;}&#8221;] Las Escuelas del Condado de Shelby (SCS) est\u00e1n retrasando el regreso al aprendizaje en persona [&hellip;]<\/p>\n","protected":false},"author":2,"featured_media":0,"parent":0,"menu_order":0,"comment_status":"closed","ping_status":"closed","template":"","meta":{"footnotes":""},"class_list":["post-2085","page","type-page","status-publish","hentry"],"_links":{"self":[{"href":"https:\/\/memphisschoolguide.org\/es\/wp-json\/wp\/v2\/pages\/2085","targetHints":{"allow":["GET"]}}],"collection":[{"href":"https:\/\/memphisschoolguide.org\/es\/wp-json\/wp\/v2\/pages"}],"about":[{"href":"https:\/\/memphisschoolguide.org\/es\/wp-json\/wp\/v2\/types\/page"}],"author":[{"embeddable":true,"href":"https:\/\/memphisschoolguide.org\/es\/wp-json\/wp\/v2\/users\/2"}],"replies":[{"embeddable":true,"href":"https:\/\/memphisschoolguide.org\/es\/wp-json\/wp\/v2\/comments?post=2085"}],"version-history":[{"count":0,"href":"https:\/\/memphisschoolguide.org\/es\/wp-json\/wp\/v2\/pages\/2085\/revisions"}],"wp:attachment":[{"href":"https:\/\/memphisschoolguide.org\/es\/wp-json\/wp\/v2\/media?parent=2085"}],"curies":[{"name":"wp","href":"https:\/\/api.w.org\/{rel}","templated":true}]}}