{"id":1770,"date":"2020-03-09T22:08:00","date_gmt":"2020-03-09T22:08:00","guid":{"rendered":"https:\/\/memphisschools.wpengine.com\/que-hace-una-buena-escuela\/"},"modified":"2020-04-08T16:40:35","modified_gmt":"2020-04-08T16:40:35","slug":"que-hace-una-buena-escuela","status":"publish","type":"page","link":"https:\/\/memphisschoolguide.org\/es\/que-hace-una-buena-escuela\/","title":{"rendered":"\u00bfQu\u00e9 hace una buena escuela?"},"content":{"rendered":"<section class=\"wpb-content-wrapper\"><p>[vc_row css=&#8221;.vc_custom_1435816078010{margin-bottom: 15px !important;}&#8221;][vc_column width=&#8221;1\/3&#8243;][vc_single_image image=&#8221;1576&#8243; img_size=&#8221;full&#8221; alignment=&#8221;center&#8221; onclick=&#8221;zoom&#8221; css_animation=&#8221;flipInX&#8221; css=&#8221;.vc_custom_1582766933517{margin-top: 16px !important;margin-bottom: 88px !important;}&#8221;][\/vc_column][vc_column width=&#8221;2\/3&#8243;][vc_custom_heading text=&#8221;\u00a1Pregunta de truco!&#8221; font_container=&#8221;tag:h2|text_align:left|color:%23307ad5&#8243; google_fonts=&#8221;font_family:Montserrat%3Aregular%2C700|font_style:700%20bold%20regular%3A700%3Anormal&#8221; css_animation=&#8221;zoomInLeft&#8221; css=&#8221;.vc_custom_1582766416189{margin-top: -8px !important;margin-bottom: 29px !important;}&#8221;][vc_column_text css=&#8221;.vc_custom_1582766154302{margin-bottom: 32px !important;}&#8221;]<\/p>\n<div class=\"x-text none\">No hay una sola escuela que sea &#8220;buena&#8221; para cada estudiante o familia. Es por eso que es tan importante tomar una decisi\u00f3n activa basada en si una escuela es de alta calidad, y tambi\u00e9n si es una buena opci\u00f3n para su hijo y su familia. Comience su investigaci\u00f3n escolar aqu\u00ed en Memphis School Guide, guardando sus favoritos sobre la marcha. Pero una vez que tienes una lista corta, es hora de hacerles una visita. Te diremos qu\u00e9 buscar a continuaci\u00f3n.<\/div>\n<p>[\/vc_column_text][vc_btn title=&#8221;\u00bfQu\u00e9 hace que una escuela sea de alta calidad?&#8221; shape=&#8221;square&#8221; size=&#8221;sm&#8221; align=&#8221;left&#8221; i_align=&#8221;right&#8221; i_icon_fontawesome=&#8221;fas fa-angle-right&#8221; button_block=&#8221;true&#8221; add_icon=&#8221;true&#8221; css=&#8221;.vc_custom_1582786285524{margin-bottom: 0px !important;}&#8221; link=&#8221;url:https%3A%2F%2Fmemphisschoolguide.org%2Fque-hace-una-buena-escuela%2F%3Flang%3Des%23highquality|&#8221;][vc_btn title=&#8221;\u00bfC\u00f3mo encuentro una buena opci\u00f3n para mi hijo y mi familia?&#8221; shape=&#8221;square&#8221; size=&#8221;sm&#8221; align=&#8221;left&#8221; i_align=&#8221;right&#8221; i_icon_fontawesome=&#8221;fas fa-angle-right&#8221; button_block=&#8221;true&#8221; add_icon=&#8221;true&#8221; css=&#8221;.vc_custom_1582786300720{margin-bottom: 0px !important;}&#8221; link=&#8221;url:https%3A%2F%2Fmemphisschoolguide.org%2Fque-hace-una-buena-escuela%2F%3Flang%3Des%23bestfit|&#8221;][vc_btn title=&#8221;Hazles una visita&#8221; shape=&#8221;square&#8221; size=&#8221;sm&#8221; align=&#8221;left&#8221; i_align=&#8221;right&#8221; i_icon_fontawesome=&#8221;fas fa-angle-right&#8221; button_block=&#8221;true&#8221; add_icon=&#8221;true&#8221; css=&#8221;.vc_custom_1582786311029{margin-bottom: 0px !important;}&#8221; link=&#8221;url:https%3A%2F%2Fmemphisschoolguide.org%2Fque-hace-una-buena-escuela%2F%3Flang%3Des%23visit|&#8221;][vc_btn title=&#8221;Cr\u00e9dito extra&#8221; shape=&#8221;square&#8221; size=&#8221;sm&#8221; align=&#8221;left&#8221; i_align=&#8221;right&#8221; i_icon_fontawesome=&#8221;fas fa-angle-right&#8221; button_block=&#8221;true&#8221; add_icon=&#8221;true&#8221; css=&#8221;.vc_custom_1582786320335{margin-bottom: 0px !important;}&#8221; link=&#8221;url:https%3A%2F%2Fmemphisschoolguide.org%2Fque-hace-una-buena-escuela%2F%3Flang%3Des%23extra|&#8221;][\/vc_column][\/vc_row][vc_row full_width=&#8221;stretch_row&#8221; gap=&#8221;30&#8243; content_placement=&#8221;top&#8221; css=&#8221;.vc_custom_1582785948501{margin-top: 0px !important;margin-bottom: 15px !important;padding-bottom: 50px !important;background-color: #f0f0f0 !important;}&#8221; el_id=&#8221;highquality&#8221;][vc_column width=&#8221;2\/3&#8243;][vc_custom_heading text=&#8221;\u00bfQu\u00e9 hace que una escuela sea de alta calidad?&#8221; font_container=&#8221;tag:h2|text_align:left|color:%23307ad5&#8243; google_fonts=&#8221;font_family:Montserrat%3Aregular%2C700|font_style:700%20bold%20regular%3A700%3Anormal&#8221; css_animation=&#8221;zoomInLeft&#8221; css=&#8221;.vc_custom_1582767115232{margin-top: -8px !important;margin-bottom: 29px !important;}&#8221;][vc_tta_accordion shape=&#8221;square&#8221; active_section=&#8221;0&#8243; collapsible_all=&#8221;true&#8221;][vc_tta_section title=&#8221;Altas expectativas para todos los estudiantes&#8221; tab_id=&#8221;1582767191867-7f3dddd7-8384&#8243;][vc_column_text]Los estudiantes de edades similares pueden aprender en diferentes niveles y tasas, pero una escuela debe esperar que todos los estudiantes est\u00e9n trabajando al menos en el nivel de grado y alentados a ir m\u00e1s all\u00e1. Se debe alentar a los que est\u00e9n listos a seguir adelante.<\/p>\n<p><i><br \/>\n  <strong>Busque:<\/strong><br \/>\n<\/i> Pregunte c\u00f3mo ajustan la ense\u00f1anza para los alumnos de diferentes niveles. Luego pida ver ejemplos de que sucede en las aulas. \u00bfLa escuela pone excusas sobre los estudiantes que tienen un nivel por debajo del grado, o habla de lo que est\u00e1 haciendo para llevarlos all\u00ed?[\/vc_column_text][\/vc_tta_section][vc_tta_section title=&#8221;Conc\u00e9ntrese en el aprendizaje efectivo&#8221; tab_id=&#8221;1582767191896-02bf8516-d531&#8243;][vc_column_text]La tecnolog\u00eda fresca, los temas de moda y las salas de rendimiento de lujo son geniales, pero el caucho realmente se encuentra con el camino en el aula cuando las interacciones profesor-alumno est\u00e1n dando lugar a un aprendizaje real en las materias b\u00e1sicas.<\/p>\n<p><i><br \/>\n  <strong>Busque<\/strong><br \/>\n<\/i>: Dondequiera que vaya en la escuela, debe ver a los estudiantes y maestros activamente involucrados en la ense\u00f1anza y el aprendizaje. Los estudiantes deben verse interesados y enfocados. Los maestros deben ser capaces de explicar por qu\u00e9 hacen lo que hacen y c\u00f3mo saben que funciona. Si dicen que est\u00e1n haciendo algo porque es &#8220;obligatorio&#8221;, considere que es una bandera roja.[\/vc_column_text][\/vc_tta_section][vc_tta_section title=&#8221;Fuerte conexi\u00f3n hogar-escuela&#8221; tab_id=&#8221;1582767257433-facb6973-5051&#8243;][vc_column_text]Una escuela debe valorarlo, el padre o tutor del ni\u00f1o, como una parte crucial del equipo de aprendizaje. Deben decirle lo que su estudiante est\u00e1 aprendiendo, c\u00f3mo est\u00e1n progresando y c\u00f3mo puede ayudar en casa.<\/p>\n<p><i><br \/>\n  <strong>Busque<\/strong><br \/>\n<\/i>: Solicite muestras de comunicaciones de los padres, como boletines informativos o sitios web, y pregunte con qu\u00e9 frecuencia se van a casa o se actualizan. \u00bfProporcionan informaci\u00f3n sobre lo que los estudiantes est\u00e1n aprendiendo? Las escuelas deben proporcionar una variedad de maneras de comunicarse con los maestros, como notas, llamadas telef\u00f3nicas, correos electr\u00f3nicos, conferencias o conversaciones en el pick-up\/drop-off. Pregunte a otros padres con ni\u00f1os en esa escuela si los l\u00edderes y maestros de la escuela responden a preguntas e inquietudes. Los eventos en toda la escuela, como actuaciones o festivales, son divertidos y pueden construir comunidad, pero no deben reemplazar la comunicaci\u00f3n puntual sobre lo que su estudiante est\u00e1 aprendiendo.[\/vc_column_text][\/vc_tta_section][vc_tta_section title=&#8221;Fuerte liderazgo escolar&#8221; tab_id=&#8221;1582767293919-fd51dead-41cc&#8221;][vc_column_text]El l\u00edder de una escuela, ya sea que vayan por el nombre del director, director o Big Cheese, es la base de cualquier gran escuela. Sin uno, ni siquiera una escuela que est\u00e1 haciendo algunas cosas bien no golpear\u00e1 todos los cilindros.<\/p>\n<p><i><br \/>\n  <strong>Busque<\/strong><br \/>\n<\/i>: Hable con el director y obtenga su propio sentido de lo que son como. Pero tambi\u00e9n pregunte a los padres que tienen hijos en la escuela si hay mucha rotaci\u00f3n de maestros, o si hay mucha incoherencia en la calidad de la ense\u00f1anza desde el sal\u00f3n de clases hasta el sal\u00f3n de clases. Cualquiera de los dos podr\u00eda causar problemas en la parte superior.[\/vc_column_text][\/vc_tta_section][vc_tta_section title=&#8221;Puntuaciones de las pruebas&#8221; tab_id=&#8221;1582767324354-2829f8e2-bed7&#8243;][vc_column_text]Todos los estudiantes de <span style=\"font-weight: 400\">escuelas p\u00fablicas en los grados 3-12 en Tennessee toman la misma prueba estandarizada, el TNReady, como parte del Programa de Evaluaci\u00f3n Integral de Tennessee (TCAP, por sus siglas en japon\u00e9s).<\/span> <span style=\"font-weight: 400\">Para obtener m\u00e1s informaci\u00f3n sobre TNReady y las pruebas estandarizadas, visite el <\/span>sitio web del <span style=\"font-weight: 400\"> <a href=\"https:\/\/www.tn.gov\/education\/assessment\/tnready.html\">website<\/a>estado.<\/span>[\/vc_column_text][\/vc_tta_section][\/vc_tta_accordion][\/vc_column][vc_column width=&#8221;1\/3&#8243; css=&#8221;.vc_custom_1582770985667{margin-top: 50px !important;padding-top: 50px !important;background-color: #2c3d50 !important;}&#8221;][vc_single_image image=&#8221;1577&#8243; img_size=&#8221;full&#8221; alignment=&#8221;center&#8221; onclick=&#8221;custom_link&#8221; img_link_target=&#8221;_blank&#8221; css_animation=&#8221;flipInY&#8221; link=&#8221;https:\/\/pickyparent.com\/&#8221; css=&#8221;.vc_custom_1582768601667{margin-top: -90px !important;}&#8221;][vc_column_text css=&#8221;.vc_custom_1582767826783{padding-right: 25px !important;padding-left: 25px !important;}&#8221;]<\/p>\n<div id=\"x-section-2\" class=\"x-section\">\n<div class=\"x-container max width\">\n<div class=\"x-column x-sm x-1-3\">\n<div class=\"x-text none\"><span style=\"color: #ffffff\">Gran parte del contenido de esta p\u00e1gina est\u00e1 adaptado de la <a style=\"color: #ffffff\" href=\"https:\/\/web.archive.org\/web\/20180713232604\/http:\/\/pickyparent.com\/\" target=\"_blank\" rel=\"noopener noreferrer\">Picky Parent Guide,<\/a>que se puede descargar gratuitamente en su sitio web. Gracias a los autores, Bryan y Emily Ayscue Hassel por permitirnos compartir sus grandes ideas con los padres de Memphis!<\/span><\/div>\n<\/div>\n<\/div>\n<\/div>\n<p>[\/vc_column_text][\/vc_column][\/vc_row][vc_row el_id=&#8221;bestfit&#8221;][vc_column width=&#8221;1\/3&#8243;][vc_single_image image=&#8221;1578&#8243; img_size=&#8221;medium&#8221; alignment=&#8221;center&#8221; css_animation=&#8221;slideInLeft&#8221;][\/vc_column][vc_column width=&#8221;2\/3&#8243;][vc_custom_heading text=&#8221;\u00bfC\u00f3mo encuentro una buena opci\u00f3n para mi hijo y mi familia?&#8221; font_container=&#8221;tag:h2|text_align:left|color:%23307ad5&#8243; google_fonts=&#8221;font_family:Montserrat%3Aregular%2C700|font_style:700%20bold%20regular%3A700%3Anormal&#8221; css_animation=&#8221;zoomInLeft&#8221; css=&#8221;.vc_custom_1582768006930{margin-top: -8px !important;margin-bottom: 29px !important;}&#8221;][vc_column_text]<\/p>\n<div class=\"x-container max width\">\n<div class=\"x-column x-sm x-2-3\">\n<div class=\"x-text none\">\n<p>Hay un mont\u00f3n de diferentes tipos de escuelas locales. Cualquiera de ellos puede ser una buena opci\u00f3n para su hijo y su familia, por lo que no necesita encerrarse en solo mirar un tipo. Usted quiere pensar en lo bien que las escuelas diferentes se ajustan a las necesidades de <em>su<\/em> hijo y <em>de su<\/em> familia.<\/p>\n<\/div>\n<\/div>\n<\/div>\n<p>[\/vc_column_text][vc_tta_accordion shape=&#8221;square&#8221; active_section=&#8221;0&#8243; collapsible_all=&#8221;true&#8221;][vc_tta_section title=&#8221;Lo que aprenden&#8221; tab_id=&#8221;1582768180011-7df37737-8f4b&#8221;][vc_column_text]<\/p>\n<h4>\u00bfQu\u00e9 quiere sque seg\u00fan una escuela para ense\u00f1arle a su hijo y a qu\u00e9 nivel?<\/h4>\n<ul>\n<li>\u00bfMi hijo est\u00e1 trabajando por encima, por debajo o justo en el nivel de grado?\n<ul>\n<li class=\"bump\"><i><br \/>\n  <strong>Busque<\/strong><br \/>\n<\/i>: Un entorno acad\u00e9mico desafiante, pero no frustrante.<\/li>\n<\/ul>\n<\/li>\n<li>\u00bfMi hijo tiene \u00e1reas particulares de fortaleza o debilidad?\n<ul>\n<li class=\"bump\"><i><br \/>\n  <strong>Buscar<\/strong><br \/>\n<\/i>: Oportunidades de enriquecimiento en el \u00e1rea de la fuerza, o m\u00e9todos de intervenci\u00f3n que abordan las debilidades<\/li>\n<\/ul>\n<\/li>\n<li>\u00bfQu\u00e9 se cubre adem\u00e1s de los conceptos b\u00e1sicos de lectura, escritura y matem\u00e1ticas?\n<ul>\n<li class=\"bump\"><i><br \/>\n  <strong>Busque<\/strong><br \/>\n<\/i>: Evidencia de que la escuela est\u00e1 explorando ciencias, estudios sociales y m\u00e1s all\u00e1<\/li>\n<\/ul>\n<\/li>\n<li>\u00bfEs importante que mi hijo reciba arte, m\u00fasica, educaci\u00f3n f\u00edsica importante u otras clases de apoyo?\n<ul>\n<li class=\"bump\"><i><br \/>\n  <strong>Busque:<\/strong><br \/>\n<\/i>Maestros fuertes en estas \u00e1reas: si se quedan, es probable que su hijo los tenga a\u00f1o tras a\u00f1o.<\/li>\n<\/ul>\n<\/li>\n<li>\u00bfHay actividades extracurriculares que son importantes para mi hijo que s\u00f3lo podr\u00eda pasar la escuela?\n<ul>\n<li class=\"bump\"><i><br \/>\n  <strong>Buscar<\/strong><br \/>\n<\/i>: Equipos o clubes existentes, o una apertura a la creaci\u00f3n de nuevos basados en la demanda de los estudiantes<\/li>\n<\/ul>\n<\/li>\n<li>\u00bfQuiero que la escuela proporcione instrucci\u00f3n religiosa?\n<ul>\n<li class=\"bump\"><i><br \/>\n  <strong>Busque<\/strong><br \/>\n<\/i>: Una escuela privada \u2014 las escuelas p\u00fablicas no pueden<\/li>\n<\/ul>\n<\/li>\n<li>\u00bfCon cu\u00e1nto y con qu\u00e9 tipo de tarea estoy de acuerdo?\n<ul>\n<li class=\"bump\"><i><br \/>\n  <strong>Busque<\/strong><br \/>\n<\/i>: Una pol\u00edtica de deberes en toda la escuela que hace hincapi\u00e9 en las asignaciones de alta calidad y apropiadas para la edad<\/li>\n<\/ul>\n<\/li>\n<\/ul>\n<p>[\/vc_column_text][\/vc_tta_section][vc_tta_section title=&#8221;C\u00f3mo aprenden&#8221; tab_id=&#8221;1582768180078-25620a26-7490&#8243;][vc_column_text]<\/p>\n<h4>Los ni\u00f1os aprenden mejor de diferentes maneras y la escuela adecuada satisfar\u00e1 las necesidades de aprendizaje de su hijo.<\/h4>\n<ul>\n<li>\u00bfMi hijo aprende mejor cuando est\u00e1 mirando y escuchando, o cuando est\u00e1 tocando y haciendo?\n<ul>\n<li class=\"bump\"><i><br \/>\n  <strong>Busque<\/strong><br \/>\n<\/i>: \u00bfCu\u00e1les de los dos son los estudiantes de la escuela haciendo la mayor parte de?<\/li>\n<\/ul>\n<\/li>\n<li>\u00bfMi hijo tiene poca motivaci\u00f3n para tener \u00e9xito en la escuela?\n<ul>\n<li class=\"bump\"><i><br \/>\n  <strong>Pregunte por<\/strong><br \/>\n<\/i>: Una explicaci\u00f3n de c\u00f3mo la escuela establece expectativas claras y desafiantes para los estudiantes, y monitorea regularmente el progreso de los estudiantes<\/li>\n<\/ul>\n<\/li>\n<li>\u00bfMi hijo tiene dificultades f\u00edsicas, mentales o de aprendizaje?\n<ul>\n<li class=\"bump\"><i><br \/>\n  <strong>Busque:<\/strong><br \/>\n<\/i>Instalaciones adecuadas, personas y recursos para apoyar a su hijo. Detallar la necesidad de su hijo para la escuela y pregunte c\u00f3mo proporcionar\u00e1 apoyo.<\/li>\n<\/ul>\n<\/li>\n<li>\u00bfMi hijo tiene dificultades de comportamiento significativas?\n<ul>\n<li class=\"bump\"><i><br \/>\n  <strong>Busque<\/strong><br \/>\n<\/i>: Un enfoque disciplinado con el que usted est\u00e1 de acuerdo, y l\u00edneas abiertas de comunicaci\u00f3n entre la escuela y los padres<\/li>\n<\/ul>\n<\/li>\n<\/ul>\n<p>[\/vc_column_text][\/vc_tta_section][vc_tta_section title=&#8221;Cuestiones sociales&#8221; tab_id=&#8221;1582768180148-33a2ad7b-068c&#8221;][vc_column_text]<\/p>\n<h4>Es posible que su decisi\u00f3n no dependa de la escena social de una escuela, pero tampoco la ignore.<\/h4>\n<ul>\n<li>\u00bfMi hijo se siente fuertemente acerca de asistir a la escuela con amigos o vecinos actuales?\n<ul>\n<li class=\"bump\"><i><br \/>\n  <strong>Busque<\/strong><br \/>\n<\/i>: Esos ni\u00f1os!<\/li>\n<\/ul>\n<\/li>\n<li>\u00bfQu\u00e9 buscas en una comunidad escolar?\n<ul>\n<li class=\"bump\"><i><br \/>\n  <strong>Busque<\/strong><br \/>\n<\/i>: Un nivel de diversidad estudiantil y participaci\u00f3n de los padres que se ajuste a sus valores. Trate de asistir a una reuni\u00f3n de la PTA para tener una idea de esto.<\/li>\n<\/ul>\n<\/li>\n<li>\u00bfQu\u00e9 tan involucrado quiero ser como padre?\n<ul>\n<li class=\"bump\"><i><br \/>\n  <strong>Buscar<\/strong><br \/>\n<\/i>: Oportunidades para que los padres participen como voluntarios en la escuela, sirviendo en consejos de toma de decisiones o recaudando fondos<\/li>\n<\/ul>\n<\/li>\n<\/ul>\n<p>[\/vc_column_text][\/vc_tta_section][vc_tta_section title=&#8221;Cuestiones pr\u00e1cticas&#8221; tab_id=&#8221;1582768180223-68c514b5-1f67&#8243;][vc_column_text]<\/p>\n<h4>No descarte estos factores en nombre de obtener a su hijo la mejor educaci\u00f3n posible. A largo plazo, no es probable que el estr\u00e9s de las finanzas o el calendario de su familia sea sostenible.<\/h4>\n<ul>\n<li>\u00bfNecesito centrar mi b\u00fasqueda en un \u00e1rea determinada debido a d\u00f3nde vivo o trabajo?\n<ul>\n<li class=\"bump\"><i><br \/>\n  <strong>Considere<\/strong><br \/>\n<\/i>: Asistir a la escuela cerca de casa tiene ventajas definitivas, pero la escuela correcta podr\u00eda valer la pena conducir a, si se puede balancear.<\/li>\n<\/ul>\n<\/li>\n<li>\u00bfNecesito que la escuela proporcione transporte?\n<ul>\n<li class=\"bump\"><i><br \/>\n  <strong>Considere<\/strong><br \/>\n<\/i>: \u00bfHay transporte disponible?<\/li>\n<\/ul>\n<\/li>\n<li>\u00bfEstoy dispuesto a considerar un horario escolar no est\u00e1ndar?\n<ul>\n<li class=\"bump\"><i><br \/>\n  <strong>Considere<\/strong><br \/>\n<\/i>: Algunas escuelas ofrecen d\u00edas o a\u00f1os escolares extendidos, lo que usted puede pensar que es algo bueno o malo.<\/li>\n<\/ul>\n<\/li>\n<li>\u00bfNecesito cuidado antes o despu\u00e9s del cuidado?\n<ul>\n<li class=\"bump\"><i><br \/>\n  <strong>Considere<\/strong><br \/>\n<\/i>: \u00bfEst\u00e1n disponibles los programas, cu\u00e1nto cuestan y qu\u00e9 hacen los ni\u00f1os durante ellos?<\/li>\n<\/ul>\n<\/li>\n<li>\u00bfEstoy dispuesto a pagar la matr\u00edcula?\n<ul>\n<li class=\"bump\"><i><br \/>\n  <strong>Considere<\/strong><br \/>\n<\/i>: La escuela privada adecuada puede valer la pena pagar. Solo aseg\u00farate de entender <em>todos los<\/em> costos antes de firmar un contrato.<\/li>\n<\/ul>\n<\/li>\n<li>\u00bfQuiero\/necesito mantener a mis hijos juntos?\n<ul>\n<li class=\"bump\"><i><br \/>\n  <strong>Considere<\/strong><br \/>\n<\/i>: La gama de grados ofrecida por la escuela y si puede satisfacer todas sus necesidades<\/li>\n<\/ul>\n<\/li>\n<\/ul>\n<p>[\/vc_column_text][\/vc_tta_section][\/vc_tta_accordion][\/vc_column][\/vc_row][vc_row el_id=&#8221;visit&#8221;][vc_column][stm_multy_separator css=&#8221;.vc_custom_1435819083449{margin-bottom: 64px !important;}&#8221;][\/vc_column][\/vc_row][vc_row][vc_column width=&#8221;2\/3&#8243;][vc_custom_heading text=&#8221;Hazles una visita&#8221; font_container=&#8221;tag:h2|text_align:left|color:%23307ad5&#8243; google_fonts=&#8221;font_family:Montserrat%3Aregular%2C700|font_style:700%20bold%20regular%3A700%3Anormal&#8221; css_animation=&#8221;zoomInLeft&#8221; css=&#8221;.vc_custom_1582768788522{margin-top: -8px !important;margin-bottom: 29px !important;}&#8221;][vc_column_text]<\/p>\n<div class=\"x-container max width\">\n<div class=\"x-column x-sm x-2-3\">\n<div class=\"x-text none\">\n<div class=\"x-text none\">\n<p>No hay sustituto para entrar en la escuela para ver por ti mismo lo que est\u00e1 pasando. Pero con el fin de obtener el m\u00e1ximo provecho de su visita a la escuela, usted querr\u00e1 obtener tanta informaci\u00f3n sobre la escuela antes de tiempo. A continuaci\u00f3n se muestran maneras en que puede obtener sus preguntas b\u00e1sicas respondidas para que pueda pasar su tiempo de cara en las preguntas m\u00e1s dif\u00edciles.<\/p>\n<\/div>\n<\/div>\n<\/div>\n<\/div>\n<p>[\/vc_column_text][vc_tta_accordion shape=&#8221;square&#8221; active_section=&#8221;0&#8243; collapsible_all=&#8221;true&#8221;][vc_tta_section title=&#8221;Investigaci\u00f3n en l\u00ednea&#8221; tab_id=&#8221;1582768748995-f98eab88-c3e7&#8243;][vc_column_text]Comienza aqu\u00ed en Memphis School Guide para reducir tu lista seg\u00fan la ubicaci\u00f3n, el tipo de escuela, los puntajes de las pruebas, el costo, las rese\u00f1as de los padres o cualquier otra cosa que est\u00e9s buscando. (Guarda tus favoritos a medida que avanzas, y te actualizaremos cuando haya nueva informaci\u00f3n sobre ellos.) A continuaci\u00f3n, pase tiempo en los sitios web y p\u00e1ginas de redes sociales de sus escuelas favoritas.<\/p>\n<p><i><br \/>\n  <strong>Buscar<\/strong><br \/>\n<\/i>: \u00bfSe ha actualizado la informaci\u00f3n recientemente? \u00bfHay noticias sobre cosas en las que la escuela est\u00e1 involucrada? \u00bfQu\u00e9 est\u00e1n haciendo en las redes sociales? \u00bfS\u00f3lo los resultados deportivos recientes, o est\u00e1n destacando los logros acad\u00e9micos de los estudiantes tambi\u00e9n? Una escuela que pone un poco de esfuerzo en su presencia en l\u00ednea est\u00e1 demostrando que se preocupa por lo que las familias saben de ella. Tambi\u00e9n busque sitios web dirigidos por padres o estudiantes sobre la escuela, que pueden darle una idea de la comunidad escolar m\u00e1s grande.[\/vc_column_text][\/vc_tta_section][vc_tta_section title=&#8221;Pregunte a otros padres&#8221; tab_id=&#8221;1582768749087-27f08415-8a14&#8243;][vc_column_text]Pero no cualquier padre&#8230; que han tenido experiencia reciente con la escuela. Escuchar los recuerdos de su vecino anciano de la escuela cuando sus hijos fueron all\u00ed podr\u00eda ser bueno para las relaciones de vecinos, pero no ser\u00e1 tan \u00fatil en la evaluaci\u00f3n de la escuela hoy. Pero si encuentras a un padre cuyos hijos han asistido en los \u00faltimos uno o dos a\u00f1os, y que te dar\u00e1 tanto los aspectos positivos como los negativos de su experiencia, has alcanzado el oro. Pero ten cuidado con cualquiera que parezca tener rencor contra un solo miembro del personal de la escuela, esa persona puede no ser tu mejor fuente de informaci\u00f3n imparcial.[\/vc_column_text][\/vc_tta_section][\/vc_tta_accordion][\/vc_column][vc_column width=&#8221;1\/3&#8243;][vc_single_image image=&#8221;1579&#8243; img_size=&#8221;medium&#8221; alignment=&#8221;center&#8221; css_animation=&#8221;slideInRight&#8221;][\/vc_column][\/vc_row][vc_row full_width=&#8221;stretch_row&#8221; css=&#8221;.vc_custom_1582786273539{margin-bottom: 0px !important;padding-bottom: 0px !important;background-color: #3a96d4 !important;}&#8221; el_class=&#8221;whitelink&#8221; el_id=&#8221;extra&#8221;][vc_column width=&#8221;1\/3&#8243;][vc_single_image image=&#8221;1580&#8243; img_size=&#8221;full&#8221; alignment=&#8221;center&#8221; css_animation=&#8221;flipInX&#8221; css=&#8221;.vc_custom_1582769991309{margin-top: -80px !important;}&#8221;][\/vc_column][vc_column width=&#8221;2\/3&#8243;][vc_custom_heading text=&#8221;\u00bfQuieres m\u00e1s?&#8221; font_container=&#8221;tag:h2|text_align:left|color:%23333333&#8243; google_fonts=&#8221;font_family:Montserrat%3Aregular%2C700|font_style:700%20bold%20regular%3A700%3Anormal&#8221; css_animation=&#8221;zoomInLeft&#8221; css=&#8221;.vc_custom_1582769788328{margin-top: -8px !important;margin-bottom: 29px !important;}&#8221;][vc_column_text]<span style=\"color: #333333\"><strong>Echa un vistazo a estos art\u00edculos para obtener m\u00e1s informaci\u00f3n sobre lo que debes buscar en una gran escuela.<\/strong><\/span><\/p>\n<ul>\n<li><span style=\"color: #333333\"><strong><a style=\"color: #333333\" href=\"http:\/\/content.time.com\/time\/nation\/article\/0,8599,2086809,00.html\" target=\"_blank\" rel=\"noopener noreferrer\">Cinco consejos para elegir una gran escuela<\/a> por Andrew Rotheram<\/strong><\/span><\/li>\n<li><span style=\"color: #333333\"><strong><a style=\"color: #333333\" href=\"http:\/\/content.time.com\/time\/nation\/article\/0,8599,2058069,00.html\" target=\"_blank\" rel=\"noopener noreferrer\">Obtener la mejor informaci\u00f3n sobre una nueva escuela potencial<\/a> por Andrew Rotheram<\/strong><\/span><\/li>\n<li><span style=\"color: #333333\"><strong><a style=\"color: #333333\" href=\"https:\/\/www.pbs.org\/parents\/thrive\/choosing-an-elementary-school\" target=\"_blank\" rel=\"noopener noreferrer\">Elegir una Escuela Primaria<\/a> a trav\u00e9s de PBS<\/strong><\/span><\/li>\n<\/ul>\n<p>[\/vc_column_text][\/vc_column][\/vc_row]<\/p>\n<\/section>","protected":false},"excerpt":{"rendered":"<p>[vc_row css=&#8221;.vc_custom_1435816078010{margin-bottom: 15px !important;}&#8221;][vc_column width=&#8221;1\/3&#8243;][vc_single_image image=&#8221;1576&#8243; img_size=&#8221;full&#8221; alignment=&#8221;center&#8221; onclick=&#8221;zoom&#8221; css_animation=&#8221;flipInX&#8221; css=&#8221;.vc_custom_1582766933517{margin-top: 16px !important;margin-bottom: 88px !important;}&#8221;][\/vc_column][vc_column width=&#8221;2\/3&#8243;][vc_custom_heading text=&#8221;\u00a1Pregunta de truco!&#8221; font_container=&#8221;tag:h2|text_align:left|color:%23307ad5&#8243; google_fonts=&#8221;font_family:Montserrat%3Aregular%2C700|font_style:700%20bold%20regular%3A700%3Anormal&#8221; css_animation=&#8221;zoomInLeft&#8221; css=&#8221;.vc_custom_1582766416189{margin-top: -8px !important;margin-bottom: 29px !important;}&#8221;][vc_column_text css=&#8221;.vc_custom_1582766154302{margin-bottom: 32px !important;}&#8221;] No hay una sola escuela que sea &#8220;buena&#8221; para cada estudiante o familia. Es por eso que es tan importante tomar una decisi\u00f3n activa basada [&hellip;]<\/p>\n","protected":false},"author":2,"featured_media":0,"parent":0,"menu_order":0,"comment_status":"closed","ping_status":"closed","template":"","meta":{"footnotes":""},"class_list":["post-1770","page","type-page","status-publish","hentry"],"_links":{"self":[{"href":"https:\/\/memphisschoolguide.org\/es\/wp-json\/wp\/v2\/pages\/1770","targetHints":{"allow":["GET"]}}],"collection":[{"href":"https:\/\/memphisschoolguide.org\/es\/wp-json\/wp\/v2\/pages"}],"about":[{"href":"https:\/\/memphisschoolguide.org\/es\/wp-json\/wp\/v2\/types\/page"}],"author":[{"embeddable":true,"href":"https:\/\/memphisschoolguide.org\/es\/wp-json\/wp\/v2\/users\/2"}],"replies":[{"embeddable":true,"href":"https:\/\/memphisschoolguide.org\/es\/wp-json\/wp\/v2\/comments?post=1770"}],"version-history":[{"count":0,"href":"https:\/\/memphisschoolguide.org\/es\/wp-json\/wp\/v2\/pages\/1770\/revisions"}],"wp:attachment":[{"href":"https:\/\/memphisschoolguide.org\/es\/wp-json\/wp\/v2\/media?parent=1770"}],"curies":[{"name":"wp","href":"https:\/\/api.w.org\/{rel}","templated":true}]}}