{"id":1762,"date":"2020-03-09T22:02:30","date_gmt":"2020-03-09T22:02:30","guid":{"rendered":"https:\/\/memphisschools.wpengine.com\/acerca-de-memphis-school-guide\/"},"modified":"2020-04-08T16:40:30","modified_gmt":"2020-04-08T16:40:30","slug":"acerca-de-memphis-school-guide","status":"publish","type":"page","link":"https:\/\/memphisschoolguide.org\/es\/acerca-de-memphis-school-guide\/","title":{"rendered":"Acerca de Memphis School Guide"},"content":{"rendered":"<section class=\"wpb-content-wrapper\"><p>[vc_row equal_height=&#8221;yes&#8221; content_placement=&#8221;middle&#8221; css=&#8221;.vc_custom_1582784368140{margin-bottom: 15px !important;}&#8221;][vc_column width=&#8221;1\/4&#8243;][vc_single_image image=&#8221;1603&#8243; img_size=&#8221;full&#8221; alignment=&#8221;center&#8221; css_animation=&#8221;flipInX&#8221; css=&#8221;.vc_custom_1582784395613{margin-top: 16px !important;}&#8221;][\/vc_column][vc_column width=&#8221;3\/4&#8243;][vc_column_text css=&#8221;.vc_custom_1582784253076{margin-bottom: 32px !important;}&#8221;]<\/p>\n<div class=\"x-text none\">\n<p>Muchos padres en nuestra comunidad consideran todo tipo de escuelas antes de tomar una decisi\u00f3n, pero hasta ahora, no ha habido un solo lugar para aprender acerca de todas las opciones y c\u00f3mo navegar por ellas. \u00a1Decidimos que no deber\u00eda ser m\u00e1s dif\u00edcil encontrar buena informaci\u00f3n para elegir escuelas que para comprar una tostadora!<\/p>\n<p>Todos amamos a nuestros hijos y queremos lo mejor para ellos. Y simplemente haciendo un poco de investigaci\u00f3n y trabajo de piernas, podemos estar m\u00e1s seguros de que estamos tomando las decisiones correctas para nuestros ni\u00f1os y familias. Los padres que est\u00e1n satisfechos con su elecci\u00f3n escolar son m\u00e1s propensos a participar en la educaci\u00f3n de sus hijos, que es uno de los mejores predictores del \u00e9xito estudiantil!<\/p>\n<\/div>\n<p>[\/vc_column_text][\/vc_column][\/vc_row][vc_row full_width=&#8221;stretch_row&#8221; gap=&#8221;30&#8243; content_placement=&#8221;top&#8221; css=&#8221;.vc_custom_1584127728965{margin-top: 0px !important;margin-bottom: 0px !important;padding-bottom: 50px !important;background-color: #f0f0f0 !important;}&#8221;][vc_column width=&#8221;2\/3&#8243;][vc_column_text]<\/p>\n<h2 class=\"white-heading\" style=\"line-height: 36px;color: #ffffff;text-align: left\"><span class=\"demo-label\" style=\"color: #333333\"><span style=\"color: #3a96d4\">DIFUNDIR <\/span><\/p>\n<p><\/span> <span class=\"demo-label\" style=\"color: #333333\">LA PALABRA<\/span><\/h2>\n<p>Todo el mundo merece tener buena informaci\u00f3n al tomar esta importante decisi\u00f3n.<\/p>\n<div class=\"essb_links essb_displayed_shortcode essb_share essb_template_default4-retina essb_template_glow-retina essb_949707404 essb_width_flex essb_network_align_center essb_links_center essb_button_animation5 print-no\" id=\"essb_displayed_shortcode_949707404\" data-essb-postid=\"1762\" data-essb-position=\"shortcode\" data-essb-button-style=\"button\" data-essb-template=\"default4-retina essb_template_glow-retina\" data-essb-counter-pos=\"hidden\" data-essb-url=\"http:\/\/memphisschoolguide.org\/\" data-essb-fullurl=\"http:\/\/memphisschoolguide.org\/\" data-essb-instance=\"949707404\"><ul class=\"essb_links_list\"><li class=\"essb_item essb_link_facebook nolightbox\"> <a href=\"https:\/\/www.facebook.com\/sharer\/sharer.php?u=http%3A%2F%2Fmemphisschoolguide.org%2F&t=Acerca+de+Memphis+School+Guide\" title=\"Share on Facebook\" onclick=\"essb.window(&#39;https:\/\/www.facebook.com\/sharer\/sharer.php?u=http%3A%2F%2Fmemphisschoolguide.org%2F&t=Acerca+de+Memphis+School+Guide&#39;,&#39;facebook&#39;,&#39;949707404&#39;); return false;\" target=\"_blank\" rel=\"noreferrer noopener nofollow\" class=\"nolightbox essb-s-bg-facebook essb-s-c-light essb-s-ch-light essb-s-bgh-dark essb-s-bg-network\" ><span class=\"essb_icon essb_icon_facebook\"><\/span><span class=\"essb_network_name\">Facebook<\/span><\/a><\/li><li class=\"essb_item essb_link_twitter nolightbox\"> <a href=\"#\" title=\"Share on Twitter\" onclick=\"essb.window(&#39;https:\/\/twitter.com\/intent\/tweet?text=Acerca%20de%20Memphis%20School%20Guide&amp;url=http%3A%2F%2Fmemphisschoolguide.org%2F&amp;counturl=http%3A%2F%2Fmemphisschoolguide.org%2F&#39;,&#39;twitter&#39;,&#39;949707404&#39;); return false;\" target=\"_blank\" rel=\"noreferrer noopener nofollow\" class=\"nolightbox essb-s-bg-twitter essb-s-c-light essb-s-ch-light essb-s-bgh-dark essb-s-bg-network\" ><span class=\"essb_icon essb_icon_twitter\"><\/span><span class=\"essb_network_name\">Twitter<\/span><\/a><\/li><\/ul><\/div>[\/vc_column_text][vc_empty_space][vc_custom_heading text=&#8221;Preguntas frecuentes&#8221; font_container=&#8221;tag:h2|text_align:left|color:%233a96d4&#8243; google_fonts=&#8221;font_family:Montserrat%3Aregular%2C700|font_style:700%20bold%20regular%3A700%3Anormal&#8221; css_animation=&#8221;zoomInLeft&#8221; css=&#8221;.vc_custom_1584744440274{margin-top: -8px !important;margin-bottom: 29px !important;}&#8221;][vc_tta_accordion shape=&#8221;square&#8221; active_section=&#8221;0&#8243; collapsible_all=&#8221;true&#8221;][vc_tta_section title=&#8221;\u00bfQui\u00e9nes somos?&#8221; tab_id=&#8221;1582767191867-7f3dddd7-83845732-3626&#8243;][vc_column_text]<span style=\"font-weight: 400\">Memphis School Guide fue creado por los padres, para los padres. La gu\u00eda est\u00e1 siendo dirigida por Memphis Education Fund, una organizaci\u00f3n sin fines de lucro con la misi\u00f3n de apoyar a las escuelas p\u00fablicas exitosas de todos los modelos. Para obtener m\u00e1s informaci\u00f3n, visite el <\/span><a href=\"http:\/\/www.memphiseducationfund.org\/\" target=\"_blank\" rel=\"noopener noreferrer\"><span style=\"font-weight: 400\">Sitio web del Fondo de Educaci\u00f3n de Memphis.<\/span><\/a>[\/vc_column_text][\/vc_tta_section][vc_tta_section title=&#8221;\u00bfDe d\u00f3nde sacamos la informaci\u00f3n?&#8221; tab_id=&#8221;1582767191896-02bf8516-d5315732-3626&#8243;][vc_column_text]Somos padres que hemos pasado por el complicado proceso de elegir una escuela nosotros mismos. Vimos la necesidad de un recurso que no s\u00f3lo pusiera todas las opciones en un solo lugar, sino que tambi\u00e9n proporcionaba algo de ayuda para darle senentender a todos ellos.<\/p>\n<p>Tambi\u00e9n hay algunas cosas que no somos. No estamos asociados con ning\u00fan distrito escolar o organizaci\u00f3n de membres\u00eda escolar, por lo que puede estar seguro de que no estamos presionando ning\u00fan tipo de escuela. No somos expertos en educaci\u00f3n, y no tenemos una f\u00f3rmula m\u00e1gica para elegir la escuela perfecta.<\/p>\n<p>Pero hemos aprendido a trav\u00e9s de la experiencia, y estamos dispuestos a hacer un mont\u00f3n de preguntas y compartir las respuestas que encontramos con usted!<\/p>\n<p><span style=\"font-weight: 400\"><strong>Nota:<\/strong> Los datos acad\u00e9micos de los estudiantes provienen del Departamento de Educaci\u00f3n de TN, mientras que la informaci\u00f3n adicional se comparte directamente desde las escuelas.<\/span>[\/vc_column_text][\/vc_tta_section][vc_tta_section title=&#8221;\u00bfQuieres ayudar?&#8221; tab_id=&#8221;1582767257433-facb6973-50515732-3626&#8243;][vc_column_text]Como dice en la parte inferior, este sitio fue creado por padres que aman Memphis, para los padres que aman Memphis. \u00a1Y siempre podemos usar algo de ayuda!<\/p>\n<p><b>Difundir la palabra<\/b><br \/>\nD\u00edgale a otras familias que conoce: todos merecen tener buena informaci\u00f3n al tomar esta importante decisi\u00f3n.<br \/>\n<div class=\"essb_links essb_displayed_shortcode essb_share essb_template_default4-retina essb_template_glow-retina essb_1384308290 essb_width_flex essb_network_align_center essb_links_center essb_button_animation5 print-no\" id=\"essb_displayed_shortcode_1384308290\" data-essb-postid=\"1762\" data-essb-position=\"shortcode\" data-essb-button-style=\"button\" data-essb-template=\"default4-retina essb_template_glow-retina\" data-essb-counter-pos=\"hidden\" data-essb-url=\"http:\/\/memphisschoolguide.org\/\" data-essb-fullurl=\"http:\/\/memphisschoolguide.org\/\" data-essb-instance=\"1384308290\"><ul class=\"essb_links_list\"><li class=\"essb_item essb_link_facebook nolightbox\"> <a href=\"https:\/\/www.facebook.com\/sharer\/sharer.php?u=http%3A%2F%2Fmemphisschoolguide.org%2F&t=Acerca+de+Memphis+School+Guide\" title=\"Share on Facebook\" onclick=\"essb.window(&#39;https:\/\/www.facebook.com\/sharer\/sharer.php?u=http%3A%2F%2Fmemphisschoolguide.org%2F&t=Acerca+de+Memphis+School+Guide&#39;,&#39;facebook&#39;,&#39;1384308290&#39;); return false;\" target=\"_blank\" rel=\"noreferrer noopener nofollow\" class=\"nolightbox essb-s-bg-facebook essb-s-c-light essb-s-ch-light essb-s-bgh-dark essb-s-bg-network\" ><span class=\"essb_icon essb_icon_facebook\"><\/span><span class=\"essb_network_name\">Facebook<\/span><\/a><\/li><li class=\"essb_item essb_link_twitter nolightbox\"> <a href=\"#\" title=\"Share on Twitter\" onclick=\"essb.window(&#39;https:\/\/twitter.com\/intent\/tweet?text=Acerca%20de%20Memphis%20School%20Guide&amp;url=http%3A%2F%2Fmemphisschoolguide.org%2F&amp;counturl=http%3A%2F%2Fmemphisschoolguide.org%2F&#39;,&#39;twitter&#39;,&#39;1384308290&#39;); return false;\" target=\"_blank\" rel=\"noreferrer noopener nofollow\" class=\"nolightbox essb-s-bg-twitter essb-s-c-light essb-s-ch-light essb-s-bgh-dark essb-s-bg-network\" ><span class=\"essb_icon essb_icon_twitter\"><\/span><span class=\"essb_network_name\">Twitter<\/span><\/a><\/li><\/ul><\/div>\n<p><b>A\u00f1adir opiniones<\/b><br \/>\nSi tiene experiencia reciente con una escuela, agregue una opini\u00f3n a su p\u00e1gina de perfil. Usted puede compartir lo bueno y lo malo, pero por favor mantenga el tono constructivo.<\/p>\n<p><b>Ay\u00fadanos a verificar la informaci\u00f3n de la escuela<\/b><br \/>\nCon m\u00e1s de 375 escuelas en el sitio, mantener las cosas al d\u00eda toma mucho tiempo. H\u00e1ganos saber si ve algo inexacto, o puede rellenar la informaci\u00f3n que falta.<\/p>\n<p><b>Voluntario de su experiencia<\/b> \u2013 \u00bfSabe mucho sobre un tema que no cubrimos (o no cubre adecuadamente) aqu\u00ed? <a href=\"https:\/\/memphisschoolguide.org\/contactenos\/?lang=es\">\u00a1H\u00e1ganoslo saber!<\/a> Otros padres sin duda se beneficiar\u00e1n de su conocimiento.[\/vc_column_text][\/vc_tta_section][vc_tta_section title=&#8221;Revisar pautas&#8221; tab_id=&#8221;1582767293919-fd51dead-41cc5732-3626&#8243;][vc_column_text]Con el fin de hacer que las revisiones escolares sean lo m\u00e1s \u00fatiles posible para las familias que eligen las escuelas, por favor respete estas pautas:<\/p>\n<ul>\n<li>La cr\u00edtica constructiva es bienvenida, pero por favor aseg\u00farese de que sus comentarios est\u00e9n libres de ataques personales u hostilidad.<\/li>\n<li>Las rese\u00f1as solo deben ser hechas por personas que tienen experiencia personal reciente con una escuela.<\/li>\n<li>El personal de la escuela puede enviar comentarios, pero deben identificarse como tales.<\/li>\n<li>Si creemos que estas directrices han sido violadas, el comentario ser\u00e1 eliminado.<\/li>\n<\/ul>\n<p>[\/vc_column_text][\/vc_tta_section][\/vc_tta_accordion][\/vc_column][vc_column width=&#8221;1\/3&#8243; css=&#8221;.vc_custom_1582770985667{margin-top: 50px !important;padding-top: 50px !important;background-color: #2c3d50 !important;}&#8221;][vc_single_image image=&#8221;1561&#8243; img_size=&#8221;medium&#8221; alignment=&#8221;center&#8221; onclick=&#8221;custom_link&#8221; img_link_target=&#8221;_blank&#8221; css_animation=&#8221;flipInY&#8221; link=&#8221;http:\/\/www.memphiseducationfund.org\/&#8221;][vc_column_text css=&#8221;.vc_custom_1582785182990{padding-right: 25px !important;padding-left: 25px !important;}&#8221;]<span style=\"color: #ffffff\">Dirigido por expertos nacionales en educaci\u00f3n, el MEF convoca a los socios educativos y les ayuda a fusionarse en torno a las m\u00e1s altas prioridades de mejora. MEF apoya a las escuelas p\u00fablicas exitosas de todo tipo con un enfoque en los resultados, no en modelos particulares. La fuerza de nuestro trabajo est\u00e1 en las asociaciones y relaciones que construimos con l\u00edderes, educadores e innovadores en Memphis.<\/span>[\/vc_column_text][\/vc_column][\/vc_row]<\/p>\n<\/section>","protected":false},"excerpt":{"rendered":"<p>[vc_row equal_height=&#8221;yes&#8221; content_placement=&#8221;middle&#8221; css=&#8221;.vc_custom_1582784368140{margin-bottom: 15px !important;}&#8221;][vc_column width=&#8221;1\/4&#8243;][vc_single_image image=&#8221;1603&#8243; img_size=&#8221;full&#8221; alignment=&#8221;center&#8221; css_animation=&#8221;flipInX&#8221; css=&#8221;.vc_custom_1582784395613{margin-top: 16px !important;}&#8221;][\/vc_column][vc_column width=&#8221;3\/4&#8243;][vc_column_text css=&#8221;.vc_custom_1582784253076{margin-bottom: 32px !important;}&#8221;] Muchos padres en nuestra comunidad consideran todo tipo de escuelas antes de tomar una decisi\u00f3n, pero hasta ahora, no ha habido un solo lugar para aprender acerca de todas las opciones y c\u00f3mo navegar por ellas. \u00a1Decidimos [&hellip;]<\/p>\n","protected":false},"author":2,"featured_media":0,"parent":0,"menu_order":0,"comment_status":"closed","ping_status":"closed","template":"","meta":{"footnotes":""},"class_list":["post-1762","page","type-page","status-publish","hentry"],"_links":{"self":[{"href":"https:\/\/memphisschoolguide.org\/es\/wp-json\/wp\/v2\/pages\/1762","targetHints":{"allow":["GET"]}}],"collection":[{"href":"https:\/\/memphisschoolguide.org\/es\/wp-json\/wp\/v2\/pages"}],"about":[{"href":"https:\/\/memphisschoolguide.org\/es\/wp-json\/wp\/v2\/types\/page"}],"author":[{"embeddable":true,"href":"https:\/\/memphisschoolguide.org\/es\/wp-json\/wp\/v2\/users\/2"}],"replies":[{"embeddable":true,"href":"https:\/\/memphisschoolguide.org\/es\/wp-json\/wp\/v2\/comments?post=1762"}],"version-history":[{"count":0,"href":"https:\/\/memphisschoolguide.org\/es\/wp-json\/wp\/v2\/pages\/1762\/revisions"}],"wp:attachment":[{"href":"https:\/\/memphisschoolguide.org\/es\/wp-json\/wp\/v2\/media?parent=1762"}],"curies":[{"name":"wp","href":"https:\/\/api.w.org\/{rel}","templated":true}]}}