{"id":1756,"date":"2020-03-09T21:56:48","date_gmt":"2020-03-09T21:56:48","guid":{"rendered":"https:\/\/memphisschools.wpengine.com\/credito-extra\/programas-de-regalos-locales\/"},"modified":"2020-04-08T16:40:39","modified_gmt":"2020-04-08T16:40:39","slug":"programas-de-regalos-locales","status":"publish","type":"page","link":"https:\/\/memphisschoolguide.org\/es\/credito-extra\/programas-de-regalos-locales\/","title":{"rendered":"Programas de Regalos Locales"},"content":{"rendered":"<section class=\"wpb-content-wrapper\"><p>[vc_row equal_height=&#8221;yes&#8221; content_placement=&#8221;middle&#8221; css=&#8221;.vc_custom_1582775316865{margin-bottom: 0px !important;padding-bottom: 0px !important;}&#8221;][vc_column][vc_column_text css=&#8221;.vc_custom_1583780069767{margin-bottom: 32px !important;}&#8221;]<\/p>\n<div class=\"x-text none\">\n<div id=\"x-section-1\" class=\"x-section\">\n<div class=\"x-container max width\">\n<div class=\"x-column x-sm x-2-3\">\n<div class=\"x-text none\">\n<div class=\"x-container max width\">\n<div class=\"x-column x-sm x-2-3\">\n<div class=\"x-text\">\n<p>\u00bfTienes un pantal\u00f3n inteligente en la familia? Muchas escuelas ofrecen programas especiales para los dotados acad\u00e9micamente. Siga leyendo para obtener m\u00e1s informaci\u00f3n sobre c\u00f3mo los diferentes distritos manejan los servicios de talentos, o consulte los perfiles escolares individuales para obtener informaci\u00f3n sobre los programas de talentos en las escuelas privadas, charter y del Distrito Escolar de Logros. Mientras est\u00e1s en ello, lee nuestro art\u00edculo en la revista <em>Memphis Parent<\/em> \u2014 <a href=\"http:\/\/www.memphisparent.com\/Memphis-Parent\/November-2015\/Gifted-Education-APEX-CLUE-and-You\/\" target=\"_blank\" rel=\"noopener noreferrer\">Gifted Education: APEX, CLUE, and You<\/a>.<\/p>\n<\/div>\n<\/div>\n<\/div>\n<\/div>\n<\/div>\n<\/div>\n<\/div>\n<\/div>\n<p>[\/vc_column_text][\/vc_column][\/vc_row][vc_row full_width=&#8221;stretch_row&#8221; gap=&#8221;30&#8243; content_placement=&#8221;top&#8221; css=&#8221;.vc_custom_1582797899194{margin-top: 0px !important;margin-bottom: 15px !important;}&#8221;][vc_column width=&#8221;1\/2&#8243;][vc_column_text css=&#8221;.vc_custom_1582798090220{margin-bottom: 15px !important;}&#8221;]<\/p>\n<h2 style=\"text-align: left\">Elegibilidad para programas dotados<\/h2>\n<p>[\/vc_column_text][vc_column_text]<\/p>\n<div class=\"x-text none\">\n<ul>\n<li>Por ley estatal, todos los estudiantes deben ser examinados en alg\u00fan momento para que los estudiantes necesiten apoyo para las diferencias de aprendizaje, incluyendo la supercalidad. Por lo general, esto sucede en el tercer grado cuando los distritos examinan todos los puntajes de las pruebas de logro de 2o grado de los ni\u00f1os. Si su hijo califica en o por encima del umbral del distrito, se le contactar\u00e1 para obtener su permiso para someterlos a la evaluaci\u00f3n de elegibilidad estatal, que incluye documentaci\u00f3n que tanto usted como el maestro de su hijo deben completar y una prueba de audici\u00f3n y visi\u00f3n. Los psic\u00f3logos escolares y los estudiantes con puntajes de aprobaci\u00f3n son referidos para el coeficiente intelectual y las pruebas de logro individuales por los psic\u00f3logos del distrito. O bien, puede hacer que su hijo se pruebe de forma privada, siempre y cuando la prueba utilizada cumpla con los est\u00e1ndares estatales. Analizan una combinaci\u00f3n de factores, incluyendo puntuaciones de coeficiente intelectual (m\u00ednimo 118), puntuaciones de logros (puntuaciones en el percentil 90) y creatividad.<\/li>\n<\/ul>\n<\/div>\n<p>[\/vc_column_text][\/vc_column][vc_column width=&#8221;1\/2&#8243;][vc_column_text css=&#8221;.vc_custom_1582798120762{margin-bottom: 15px !important;}&#8221;]<\/p>\n<h2>Plan de Educaci\u00f3n Individualizado para Estudiantes Superdotados<\/h2>\n<p>[\/vc_column_text][vc_column_text]<\/p>\n<div class=\"x-text none\">\n<ul>\n<li>\n<div id=\"x-section-2\" class=\"x-section\">\n<div class=\"x-container max width\">\n<div class=\"x-column x-sm x-1-2\">\n<div class=\"x-text none\">\n<p>Los estudiantes que califiquen para servicios superdotados bajo el proceso de elegibilidad del estado obtendr\u00e1n un Plan de Educaci\u00f3n Individualizado (IEP, por sus siglas en cual), que est\u00e1 formulado con las aportaciones de varios miembros del personal de la escuela y padres. Muchos IEP especificar\u00e1n que su hijo participe en una clase de regalo extra\u00edble, pero en algunos casos, puede haber otros soportes (o adicionales) que sean m\u00e1s apropiados. El proceso del IEP es su oportunidad de abogar por lo que su hijo necesita, as\u00ed que si la clase dotada por s\u00ed sola no lo cubrir\u00e1, ahora es el momento de hablar.<\/p>\n<\/div>\n<\/div>\n<\/div>\n<\/div>\n<\/li>\n<\/ul>\n<\/div>\n<p>[\/vc_column_text][\/vc_column][\/vc_row][vc_row equal_height=&#8221;yes&#8221; content_placement=&#8221;middle&#8221; css=&#8221;.vc_custom_1582797954895{margin-top: 40px !important;margin-bottom: 0px !important;padding-bottom: 0px !important;}&#8221;][vc_column][vc_column_text css=&#8221;.vc_custom_1582798155196{margin-bottom: 15px !important;}&#8221;]<\/p>\n<h2 style=\"text-align: left\">Escuelas del Condado de Shelby<\/h2>\n<p>[\/vc_column_text][vc_column_text css=&#8221;.vc_custom_1584412095889{margin-bottom: 32px !important;}&#8221;]<\/p>\n<div class=\"x-text none\">\n<div id=\"x-section-1\" class=\"x-section\">\n<div class=\"x-container max width\">\n<div class=\"x-column x-sm x-2-3\">\n<div class=\"x-text none\">\n<div class=\"x-container max width\">\n<div class=\"x-column x-sm x-2-3\">\n<div class=\"x-text\">\n<div class=\"x-container max width\">\n<div class=\"x-column x-sm x-1-1\">\n<div class=\"x-text\">\n<p>El programa de dotados de SCS, conocido como <a href=\"http:\/\/www.scsk12.org\/exceptional\/clue?PID=886\" target=\"_blank\" rel=\"noopener noreferrer\">CLUE<\/a> (Creative Learning in a Unique Environment) es uno de los m\u00e1s antiguos del pa\u00eds. Si la escuela a la que asiste un ni\u00f1o elegible no tiene su propia clase CLUE, un maestro de CLUE viajar\u00e1 a su escuela o el estudiante ser\u00e1 destinado a una escuela cercana para recibir servicios. Tommie Yelvington dirige el programa y se puede llegar a trav\u00e9s de su oficina en 901-416-0155, o directamente al 901-833-0159.<\/p>\n<ul>\n<li><b>Para qui\u00e9n es:<\/b> Estudiantes en PreK de 4 a\u00f1os hasta 9o grado.<\/li>\n<li><b>Lo que se ofrece:<\/b> Los apoyos para estudiantes superdotados pueden variar, seg\u00fan los requisitos del Plan de Educaci\u00f3n Individualizado (IEP, por sus siglas en cual), pero esto es lo que es t\u00edpico:\n<ul>\n<li><b>PreK:<\/b> Los estudiantes asisten a una clase de CLUE 2.5 horas\/d\u00eda, dos d\u00edas a la semana, en las aulas de <a href=\"http:\/\/schools.memphisschoolguide.org\/s\/downtown-elementary-memphis-tn-2817\" target=\"_blank\" rel=\"noopener noreferrer\">Downtown Elementary,<\/a> <a href=\"http:\/\/schools.memphisschoolguide.org\/s\/chimneyrock-elementary-school-memphis-tn-2796\" target=\"_blank\" rel=\"noopener noreferrer\">Chimneyrock Elementary<\/a> y <a href=\"http:\/\/schools.memphisschoolguide.org\/s\/winridge-elementary-memphis-tn-2981\" target=\"_blank\" rel=\"noopener noreferrer\">Winridge Elementary.<\/a> Su hijo no tiene que asistir al programa PreK de tiempo completo en la escuela para participar en la clase PreK CLUE, y puede comenzar el programa en cualquier momento, hasta un mes antes del final del a\u00f1o escolar.<\/li>\n<li><b>Grados K-5o:<\/b> Los estudiantes asisten a la clase PULL 2.5 horas\/d\u00eda, dos d\u00edas a la semana en su propia escuela u otra cercana.<\/li>\n<li><b>6o-9o grados:<\/b> Los estudiantes asisten a una clase diaria de 1 hora de CLUE English\/Reading, dise\u00f1ada para prepararlos para las clases de Colocaci\u00f3n Avanzada en la escuela secundaria.<\/li>\n<\/ul>\n<\/li>\n<li><b>Elegibilidad:<\/b> Para los estudiantes de 3er a 9o grado, el proceso de elegibilidad se describe anteriormente, en &#8220;Elegibilidad para Programas Dotados&#8221;. Sin embargo, si sospecha que su hijo menor es talentoso, tambi\u00e9n puede solicitar pruebas antes del tercer grado. Esto es lo que haces:\n<ul>\n<li><b>PreK:<\/b> En PreK, los estudiantes pasan por el proceso de identificaci\u00f3n del estado (descrito anteriormente). El Dr. Yelvington recomienda realizar pruebas alrededor de los 4.5 a\u00f1os de edad, pero el papeleo que usted y el maestro de su hijo (de un programa de preescolar o guarder\u00eda) deben llenar es bastante involucrado, por lo que es posible que desee poner sus manos en \u00e9l antes para darse tiempo para hacerlo. Incluso si usted no est\u00e1 seguro de que su hijo ser\u00e1 capaz de asistir al programa PreK CLUE, es posible que desee seguir adelante y hacer las pruebas en este punto, para que puedan comenzar a recibir servicios CLUE inmediatamente despu\u00e9s de comenzar el jard\u00edn de infantes. Adem\u00e1s, tome nota: la oficina de CLUE solo pondr\u00e1 a prueba a su hijo hasta marzo, antes de que entren en el jard\u00edn de infantes, as\u00ed que no ponga el papeleo.<\/li>\n<\/ul>\n<\/li>\n<li><b>Grado K-2:<\/b> Puede solicitar un formulario de referencia primaria de la escuela de su hijo. A estas edades, los ni\u00f1os son considerados parte del programa de donaci\u00f3n &#8220;local&#8221; m\u00e1s informal, y no est\u00e1n bajo un IEP, pero recibir\u00e1n los mismos servicios que los ni\u00f1os que fueron identificados a trav\u00e9s del proceso estatal. La prueba de elegibilidad para este programa es una prueba de lectura llamada Inventario Informal de Lectura, que fue desarrollado por la Universidad de Memphis. Para ser elegibles, los estudiantes deben leer y comprender dos niveles de grado por encima de su propia calificaci\u00f3n.<\/li>\n<\/ul>\n<\/div>\n<\/div>\n<\/div>\n<\/div>\n<\/div>\n<\/div>\n<\/div>\n<\/div>\n<\/div>\n<\/div>\n<\/div>\n<p>[\/vc_column_text][\/vc_column][\/vc_row][vc_row equal_height=&#8221;yes&#8221; content_placement=&#8221;middle&#8221; css=&#8221;.vc_custom_1582797954895{margin-top: 40px !important;margin-bottom: 0px !important;padding-bottom: 0px !important;}&#8221;][vc_column][vc_column_text css=&#8221;.vc_custom_1582798182074{margin-bottom: 15px !important;}&#8221;]<\/p>\n<h2 style=\"text-align: left\">Distritos Escolares Municipales<\/h2>\n<p>[\/vc_column_text][vc_column_text css=&#8221;.vc_custom_1584412129108{margin-bottom: 32px !important;}&#8221;]<\/p>\n<div class=\"x-text none\">\n<div id=\"x-section-1\" class=\"x-section\">\n<div class=\"x-container max width\">\n<div class=\"x-column x-sm x-2-3\">\n<div class=\"x-text none\">\n<div class=\"x-container max width\">\n<div class=\"x-column x-sm x-2-3\">\n<div class=\"x-text\">\n<div class=\"x-container max width\">\n<div class=\"x-column x-sm x-1-1\">\n<div class=\"x-text\">\n<p>Los programas dotados en la mayor\u00eda de los distritos escolares municipales todav\u00eda se conocen como APEX (Programa Acad\u00e9mico para el Excepcional), una retenci\u00f3n de cuando los distritos suburbanos eran parte de las antiguas Escuelas del Condado de Shelby. Al igual que SCS, estos distritos suelen examinar a todos los ni\u00f1os en 3er grado para identificar a los estudiantes que deben someterse a la evaluaci\u00f3n de elegibilidad estatal completa. Sin embargo, siempre puede solicitar que eval\u00fae n.o evaluaci\u00f3n de su hijo menor, si cree que se beneficiar\u00eda de servicios dotados. Estos son algunos otros detalles que nos proporcionan los distritos municipales:<\/p>\n<ul>\n<li><b>Escuelas Comunitarias de Arlington:<\/b> Los estudiantes superdotados en la escuela primaria se sirven a trav\u00e9s de clases de extracci\u00f3n. En la escuela media, se utiliza una combinaci\u00f3n de clases extra\u00edbles y selecci\u00f3n de cursos. El distrito lleva a cabo ex\u00e1menes anuales dotados en los grados 3-5.<\/li>\n<li><b>Escuelas Collierville:<\/b> Los estudiantes de 3o a 5o grado que son elegibles para servicios de talentoso sufren t\u00edpicamente reciben una hora cada d\u00eda de un programa de extracci\u00f3n (durante la misma hora en que todos los dem\u00e1s estudiantes est\u00e1n recibiendo intervenci\u00f3n, por lo que nadie se pierde la instrucci\u00f3n regular). En los grados 6o-8o, los estudiantes pueden asistir a una clase de artes del lenguaje y\/o matem\u00e1ticas. Algunos estudiantes de octavo grado pueden ir a la escuela secundaria para una clase de matem\u00e1ticas, si se especifica en su IEP. Comun\u00edquese con Joyce Keohane, Supervisora del Departamento de Ni\u00f1os Excepcionales, (901-286-6381) con preguntas.<\/li>\n<li>Distrito Escolar Municipal de <b>Germantown:<\/b> Germantown ofrece clases de regalo en 3o-5o grado, por lo general una hora por d\u00eda, cuatro d\u00edas por semana. En el nivel de la escuela media, la clase es un curso de artes del lenguaje APEX. Comun\u00edquese con <span style=\"font-weight: 400\">Ami Cochran,<\/span>Coordinadorexcepcional de Educaci\u00f3n Estudiantil, (901-752-7900) con preguntas.<\/li>\n<li><b>Sistema Escolar Lakeland:<\/b> Se ofrece un programa extra\u00edble en 3o-5o grado. Comun\u00edquese con el maestro de aula de su hijo o con la oficina escolar (901-867-7071) si tiene preguntas.<\/li>\n<\/ul>\n<\/div>\n<\/div>\n<\/div>\n<\/div>\n<\/div>\n<\/div>\n<\/div>\n<\/div>\n<\/div>\n<\/div>\n<\/div>\n<p>[\/vc_column_text][\/vc_column][\/vc_row]<\/p>\n<\/section>","protected":false},"excerpt":{"rendered":"<p>[vc_row equal_height=&#8221;yes&#8221; content_placement=&#8221;middle&#8221; css=&#8221;.vc_custom_1582775316865{margin-bottom: 0px !important;padding-bottom: 0px !important;}&#8221;][vc_column][vc_column_text css=&#8221;.vc_custom_1583780069767{margin-bottom: 32px !important;}&#8221;] \u00bfTienes un pantal\u00f3n inteligente en la familia? Muchas escuelas ofrecen programas especiales para los dotados acad\u00e9micamente. Siga leyendo para obtener m\u00e1s informaci\u00f3n sobre c\u00f3mo los diferentes distritos manejan los servicios de talentos, o consulte los perfiles escolares individuales para obtener informaci\u00f3n sobre los programas [&hellip;]<\/p>\n","protected":false},"author":2,"featured_media":0,"parent":1755,"menu_order":0,"comment_status":"closed","ping_status":"closed","template":"","meta":{"footnotes":""},"class_list":["post-1756","page","type-page","status-publish","hentry"],"_links":{"self":[{"href":"https:\/\/memphisschoolguide.org\/es\/wp-json\/wp\/v2\/pages\/1756","targetHints":{"allow":["GET"]}}],"collection":[{"href":"https:\/\/memphisschoolguide.org\/es\/wp-json\/wp\/v2\/pages"}],"about":[{"href":"https:\/\/memphisschoolguide.org\/es\/wp-json\/wp\/v2\/types\/page"}],"author":[{"embeddable":true,"href":"https:\/\/memphisschoolguide.org\/es\/wp-json\/wp\/v2\/users\/2"}],"replies":[{"embeddable":true,"href":"https:\/\/memphisschoolguide.org\/es\/wp-json\/wp\/v2\/comments?post=1756"}],"version-history":[{"count":0,"href":"https:\/\/memphisschoolguide.org\/es\/wp-json\/wp\/v2\/pages\/1756\/revisions"}],"up":[{"embeddable":true,"href":"https:\/\/memphisschoolguide.org\/es\/wp-json\/wp\/v2\/pages\/1755"}],"wp:attachment":[{"href":"https:\/\/memphisschoolguide.org\/es\/wp-json\/wp\/v2\/media?parent=1756"}],"curies":[{"name":"wp","href":"https:\/\/api.w.org\/{rel}","templated":true}]}}