{"id":2105,"date":"2021-10-25T20:27:09","date_gmt":"2021-10-25T20:27:09","guid":{"rendered":"https:\/\/memphisschoolguide.org\/opciones-de-pre-k\/"},"modified":"2021-10-25T20:27:11","modified_gmt":"2021-10-25T20:27:11","slug":"opciones-de-pre-k","status":"publish","type":"page","link":"http:\/\/memphisschoolguide.org\/es\/opciones-de-pre-k\/","title":{"rendered":"Opciones de Pre-K"},"content":{"rendered":"<section class=\"wpb-content-wrapper\"><p>[vc_row gap=&#8221;35&#8243; equal_height=&#8221;yes&#8221; content_placement=&#8221;middle&#8221; css=&#8221;.vc_custom_1635171868363{margin-bottom: 0px !important;padding-bottom: 0px !important;}&#8221;][vc_column width=&#8221;3\/4&#8243;][vc_custom_heading text=&#8221;Opciones de Pre-K en Memphis y el condado de Shelby&#8221; font_container=&#8221;tag:h2|text_align:left|color:%23307ad5&#8243; google_fonts=&#8221;font_family:Montserrat%3Aregular%2C700|font_style:700%20bold%20regular%3A700%3Anormal&#8221; css_animation=&#8221;zoomInLeft&#8221; css=&#8221;.vc_custom_1635107876737{margin-top: -8px !important;margin-bottom: 29px !important;}&#8221;][vc_column_text css=&#8221;.vc_custom_1635107902927{margin-bottom: 32px !important;}&#8221;]<\/p>\n<div class=\"x-text none\">\n<div id=\"x-section-1\" class=\"x-section\">\n<div class=\"x-container max width\">\n<div class=\"x-column x-sm x-2-3\">\n<div class=\"x-text none\">\n<p><span style=\"font-weight: 400;\">Los programas de alta calidad para la primera infancia ayudan a nuestros ni\u00f1os, familias y comunidad a prosperar. Hay  <\/span><span style=\"font-weight: 400;\">muchos programas de Pre-K en Memphis y el Condado de Shelby accesibles para todas las familias con ni\u00f1os elegibles. Los programas de Pre-K est\u00e1n dise\u00f1ados para equipar a los estudiantes con las habilidades b\u00e1sicas fundamentales para tener \u00e9xito en kindergarten y m\u00e1s all\u00e1.  <\/span><\/p>\n<\/div>\n<\/div>\n<\/div>\n<\/div>\n<\/div>\n<p>[\/vc_column_text][vc_column_text css=&#8221;.vc_custom_1635171176145{margin-bottom: 32px !important;}&#8221;]<\/p>\n<h3>Los espacios todav\u00eda est\u00e1n disponibles para las familias que deseen inscribir a sus hijos en Pre-K durante el actual a\u00f1o escolar 2021-22.<\/h3>\n<h2><span style=\"color: #e6972c;\">\u00a1Inscriba a su hijo hoy!<\/span><\/h2>\n<p>[\/vc_column_text][vc_btn title=&#8221;Vea una lista completa de todos los proveedores de cuidado infantil en nuestra comunidad (Seleccione el condado de Shelby)&#8221; shape=&#8221;square&#8221; color=&#8221;warning&#8221; align=&#8221;center&#8221; button_block=&#8221;true&#8221; css=&#8221;.vc_custom_1635172401011{margin-bottom: 5px !important;}&#8221; link=&#8221;url:https%3A%2F%2Faccweb.dhs.tn.gov%2F|target:_blank|&#8221;][\/vc_column][vc_column width=&#8221;1\/4&#8243;][vc_single_image image=&#8221;2094&#8243; img_size=&#8221;full&#8221; alignment=&#8221;center&#8221; css_animation=&#8221;flipInX&#8221; css=&#8221;.vc_custom_1635171025903{margin-bottom: 0px !important;}&#8221;][\/vc_column][\/vc_row][vc_row full_width=&#8221;stretch_row&#8221; gap=&#8221;30&#8243; equal_height=&#8221;yes&#8221; content_placement=&#8221;top&#8221; css=&#8221;.vc_custom_1635178485421{margin-top: 35px !important;margin-bottom: 0px !important;padding-top: 20px !important;padding-bottom: 50px !important;background-color: #f0f0f0 !important;}&#8221;][vc_column width=&#8221;1\/3&#8243;][vc_single_image image=&#8221;2097&#8243; img_size=&#8221;full&#8221; css=&#8221;.vc_custom_1635172214131{margin-top: 25px !important;}&#8221;][vc_column_text]<ul id=\"\" class=\"cnss-social-icon \" style=\"text-align:left;\"><li class=\"cn-fa-facebook cn-fa-icon \" style=\"display:inline-block;\"><a class=\"\" target=\"_blank\" href=\"https:\/\/www.facebook.com\/first8memphis\/\" title=\"Facebook\" style=\"width:36px;height:36px;padding:6px 0;margin:8px;color: #ffffff;border-radius: 50%;\"><i title=\"Facebook\" style=\"font-size:24px;\" class=\"fa fa-facebook\"><\/i><\/a><\/li><li class=\"cn-fa-twitter cn-fa-icon \" style=\"display:inline-block;\"><a class=\"\" target=\"_blank\" href=\"https:\/\/twitter.com\/First8Memphis\" title=\"Twitter\" style=\"width:36px;height:36px;padding:6px 0;margin:8px;color: #ffffff;border-radius: 50%;\"><i title=\"Twitter\" style=\"font-size:24px;\" class=\"fa fa-twitter\"><\/i><\/a><\/li><li class=\"cn-fa-instagram cn-fa-icon \" style=\"display:inline-block;\"><a class=\"\" target=\"_blank\" href=\"https:\/\/www.instagram.com\/first8mem\/\" title=\"Instagram\" style=\"width:36px;height:36px;padding:6px 0;margin:8px;color: #ffffff;border-radius: 50%;\"><i title=\"Instagram\" style=\"font-size:24px;\" class=\"fab fa-instagram\"><\/i><\/a><\/li><li class=\"cn-fa-linkedin cn-fa-icon \" style=\"display:inline-block;\"><a class=\"\" target=\"_blank\" href=\"https:\/\/www.linkedin.com\/company\/first-8-memphis\/\" title=\"LinkedIn\" style=\"width:36px;height:36px;padding:6px 0;margin:8px;color: #ffffff;border-radius: 50%;\"><i title=\"LinkedIn\" style=\"font-size:24px;\" class=\"fa fa-linkedin\"><\/i><\/a><\/li><\/ul>[\/vc_column_text][\/vc_column][vc_column width=&#8221;2\/3&#8243;][vc_column_text css=&#8221;.vc_custom_1635171283003{margin-bottom: 15px !important;}&#8221;]<\/p>\n<h1 style=\"text-align: left;\">Primeros ocho Memphis<\/h1>\n<p>[\/vc_column_text][vc_column_text]<\/p>\n<div class=\"x-text none\">\n<p><span style=\"font-weight: 400;\">The Memphis School Guide se enorgullece de asociarse con <\/span> <a href=\"https:\/\/first8memphis.org\/\" target=\"_blank\" rel=\"noopener\"> <span style=\"font-weight: 400;\">First 8 Memphis<\/span><\/p>\n<p><\/a><span style=\"font-weight: 400;\">  para proporcionar a las familias informaci\u00f3n f\u00e1cil de navegar sobre varios proveedores de Pre-K de alta calidad en nuestra comunidad. La misi\u00f3n de  <\/span><span style=\"font-weight: 400;\">First 8 Memphis implementar\u00e1 el sistema de atenci\u00f3n y educaci\u00f3n temprana de alta calidad del Condado de Shelby y garantizar\u00e1 que las familias tengan acceso a todos los servicios y recursos necesarios que necesitan para que sus hijos se conviertan en estudiantes exitosos.<\/span><\/p>\n<p><span style=\"font-weight: 400;\">First 8 Memphis actualmente se asocia con 15 proveedores de la primera infancia al proporcionar fondos y apoyo.<\/span><\/p>\n<\/div>\n<p>[\/vc_column_text][vc_btn title=&#8221;Obtenga m\u00e1s informaci\u00f3n sobre los proveedores de atenci\u00f3n de alta calidad en Memphis y el condado de Shelby&#8221; shape=&#8221;square&#8221; color=&#8221;primary&#8221; align=&#8221;center&#8221; button_block=&#8221;true&#8221; link=&#8221;url:https%3A%2F%2Ffirst8memphis.org%2Fpre-k-registration%2F|target:_blank|&#8221;][vc_btn title=&#8221;Env\u00ede un correo electr\u00f3nico a pre-k@first8memphis.org para discutir las opciones de Pre-K con un representante&#8221; shape=&#8221;square&#8221; color=&#8221;warning&#8221; align=&#8221;center&#8221; button_block=&#8221;true&#8221; css=&#8221;.vc_custom_1635172445948{margin-top: 20px !important;margin-bottom: 5px !important;}&#8221; link=&#8221;url:mailto%3Apre-k%40first8memphis.org|&#8221;][vc_column_text css=&#8221;.vc_custom_1635178514596{margin-top: 25px !important;margin-bottom: 25px !important;}&#8221;]<iframe loading=\"lazy\" title=\"vimeo-player\" src=\"https:\/\/player.vimeo.com\/video\/454810551?h=d562d67d32\" width=\"640\" height=\"360\" frameborder=\"0\" allowfullscreen=\"allowfullscreen\"><\/iframe>[\/vc_column_text][\/vc_column][\/vc_row]<\/p>\n<\/section>","protected":false},"excerpt":{"rendered":"<p>[vc_row gap=&#8221;35&#8243; equal_height=&#8221;yes&#8221; content_placement=&#8221;middle&#8221; css=&#8221;.vc_custom_1635171868363{margin-bottom: 0px !important;padding-bottom: 0px !important;}&#8221;][vc_column width=&#8221;3\/4&#8243;][vc_custom_heading text=&#8221;Opciones de Pre-K en Memphis y el condado de Shelby&#8221; font_container=&#8221;tag:h2|text_align:left|color:%23307ad5&#8243; google_fonts=&#8221;font_family:Montserrat%3Aregular%2C700|font_style:700%20bold%20regular%3A700%3Anormal&#8221; css_animation=&#8221;zoomInLeft&#8221; css=&#8221;.vc_custom_1635107876737{margin-top: -8px !important;margin-bottom: 29px !important;}&#8221;][vc_column_text css=&#8221;.vc_custom_1635107902927{margin-bottom: 32px !important;}&#8221;] Los programas de alta calidad para la primera infancia ayudan a nuestros ni\u00f1os, familias y comunidad a prosperar. Hay muchos programas de Pre-K en [&hellip;]<\/p>\n","protected":false},"author":2,"featured_media":0,"parent":0,"menu_order":0,"comment_status":"closed","ping_status":"closed","template":"","meta":{"footnotes":""},"class_list":["post-2105","page","type-page","status-publish","hentry"],"_links":{"self":[{"href":"http:\/\/memphisschoolguide.org\/es\/wp-json\/wp\/v2\/pages\/2105","targetHints":{"allow":["GET"]}}],"collection":[{"href":"http:\/\/memphisschoolguide.org\/es\/wp-json\/wp\/v2\/pages"}],"about":[{"href":"http:\/\/memphisschoolguide.org\/es\/wp-json\/wp\/v2\/types\/page"}],"author":[{"embeddable":true,"href":"http:\/\/memphisschoolguide.org\/es\/wp-json\/wp\/v2\/users\/2"}],"replies":[{"embeddable":true,"href":"http:\/\/memphisschoolguide.org\/es\/wp-json\/wp\/v2\/comments?post=2105"}],"version-history":[{"count":0,"href":"http:\/\/memphisschoolguide.org\/es\/wp-json\/wp\/v2\/pages\/2105\/revisions"}],"wp:attachment":[{"href":"http:\/\/memphisschoolguide.org\/es\/wp-json\/wp\/v2\/media?parent=2105"}],"curies":[{"name":"wp","href":"https:\/\/api.w.org\/{rel}","templated":true}]}}