{"id":2023,"date":"2020-04-08T16:40:43","date_gmt":"2020-04-08T16:40:43","guid":{"rendered":"https:\/\/memphisschools.wpengine.com\/patrones-de-alimentacion\/"},"modified":"2021-10-25T20:27:51","modified_gmt":"2021-10-25T20:27:51","slug":"patrones-de-alimentacion","status":"publish","type":"page","link":"http:\/\/memphisschoolguide.org\/es\/patrones-de-alimentacion\/","title":{"rendered":"Patrones de alimentaci\u00f3n"},"content":{"rendered":"<section class=\"wpb-content-wrapper\"><p>[vc_row][vc_column][vc_column_text]<\/p>\n<h2><span style=\"color: #307ad5;\">UN LOOK INSIDE MEMPHIS SCHOOL FEEDER PATTERNS<\/span><\/h2>\n<p>Memphis est\u00e1 lleno de opciones educativas, de todo tipo. Todos los estudiantes en el condado de Shelby est\u00e1n zonificadas a una escuela p\u00fablica del vecindario y tienen derecho a un asiento en esa escuela. Te recomendamos que comiences tu b\u00fasqueda con tu escuela de <a href=\"http:\/\/apps.schoolsitelocator.com\/?districtcode=70300\" target=\"_blank\" rel=\"noopener noreferrer\">barrio,<\/a>independientemente de lo que hayas o\u00eddo hablar de ella de amigos o vecinos. Incluso si no terminas eligiendolo, al menos habr\u00e1s hecho tu propia opini\u00f3n informada y tendr\u00e1s una buena comparaci\u00f3n mientras contin\u00faas tu b\u00fasqueda.<\/p>\n<p><b>Explore el mapa interactivo a continuaci\u00f3n y haga clic alrededor del distrito para encontrar escuelas e informaci\u00f3n del patr\u00f3n de alimentaci\u00f3n importante para usted.<\/b>[\/vc_column_text][vc_column_text]<div id=\"mapsvg-1871\" data-map-id=\"1871\" class=\"mapsvg\"><\/div>[\/vc_column_text][\/vc_column][\/vc_row][vc_row css=&#8221;.vc_custom_1584671555730{margin-bottom: 0px !important;background-color: #2b3d50 !important;}&#8221;][vc_column css=&#8221;.vc_custom_1584671577187{padding-top: 0px !important;}&#8221;][vc_column_text css=&#8221;.vc_custom_1584671620912{margin-bottom: 20px !important;}&#8221;]<\/p>\n<h3><span style=\"color: #ffffff;\">DATOS DEL PATR\u00d3N DEL ALIMENTADOR<\/span><\/h3>\n<p>[\/vc_column_text][\/vc_column][\/vc_row][vc_row][vc_column width=&#8221;1\/4&#8243;][vc_btn title=&#8221;B. T. WASHINGTON&#8221; color=&#8221;warning&#8221; align=&#8221;center&#8221; css_animation=&#8221;slideInLeft&#8221; link=&#8221;url:http%3A%2F%2Fmemphisschoolguide.org%2Ffeeder-patterns%2Fb-t-washington%2F|title:Patr%C3%B3n%20de%20alimentaci%C3%B3n%20B.%20T.%20Washington|&#8221; el_class=&#8221;feederlink&#8221;][vc_btn title=&#8221;Bolton&#8221; color=&#8221;warning&#8221; align=&#8221;center&#8221; css_animation=&#8221;slideInLeft&#8221; link=&#8221;url:http%3A%2F%2Fmemphisschoolguide.org%2Ffeeder-patterns%2Fbolton%2F|&#8221; el_class=&#8221;feederlink&#8221;][vc_btn title=&#8221;Central&#8221; color=&#8221;warning&#8221; align=&#8221;center&#8221; css_animation=&#8221;slideInLeft&#8221; link=&#8221;url:http%3A%2F%2Fmemphisschoolguide.org%2Ffeeder-patterns%2Fcentral%2F|title:PATR%C3%93N%20DE%20ALIMENTADOR%20CENTRAL|&#8221; el_class=&#8221;feederlink&#8221;][vc_btn title=&#8221;Cordova&#8221; color=&#8221;warning&#8221; align=&#8221;center&#8221; css_animation=&#8221;slideInLeft&#8221; link=&#8221;url:http%3A%2F%2Fmemphisschoolguide.org%2Ffeeder-patterns%2Fcordova%2F|title:PATR%C3%93N%20DE%20C%C3%93RDODE%20DE%20CORDOVA|&#8221; el_class=&#8221;feederlink&#8221;][vc_btn title=&#8221;CRAIGMONT&#8221; color=&#8221;warning&#8221; align=&#8221;center&#8221; css_animation=&#8221;slideInLeft&#8221; link=&#8221;url:http%3A%2F%2Fmemphisschoolguide.org%2Ffeeder-patterns%2Fcraigmont%2F|title:PATR%C3%93N%20DE%20ALIMENTACI%C3%93N%20DE%20CRAIGMONT|&#8221; el_class=&#8221;feederlink&#8221;][vc_btn title=&#8221;Douglass&#8221; color=&#8221;warning&#8221; align=&#8221;center&#8221; css_animation=&#8221;slideInLeft&#8221; link=&#8221;url:http%3A%2F%2Fmemphisschoolguide.org%2Ffeeder-patterns%2Fdouglass%2F|title:DOUGLASS%20FEEDER%20PATTERN|&#8221; el_class=&#8221;feederlink&#8221;][\/vc_column][vc_column width=&#8221;1\/4&#8243;][vc_btn title=&#8221;Germantown&#8221; color=&#8221;warning&#8221; align=&#8221;center&#8221; css_animation=&#8221;slideInLeft&#8221; link=&#8221;url:http%3A%2F%2Fmemphisschoolguide.org%2Ffeeder-patterns%2Fgermantown%2F|title:PATR%C3%93N%20DE%20ALIMENTADOR%20DE%20GERMANTOWN|&#8221; el_class=&#8221;feederlink&#8221;][vc_btn title=&#8221;Hamilton&#8221; color=&#8221;warning&#8221; align=&#8221;center&#8221; css_animation=&#8221;slideInLeft&#8221; link=&#8221;url:http%3A%2F%2Fmemphisschoolguide.org%2Ffeeder-patterns%2Fhamilton%2F|title:PATR%C3%93N%20DE%20ALIMENTADOR%20DE%20HAMILTON|&#8221; el_class=&#8221;feederlink&#8221;][vc_btn title=&#8221;Kingsbury&#8221; color=&#8221;warning&#8221; align=&#8221;center&#8221; css_animation=&#8221;slideInLeft&#8221; link=&#8221;url:http%3A%2F%2Fmemphisschoolguide.org%2Ffeeder-patterns%2Fkingsbury%2F|title:PATR%C3%93N%20DE%20ALIMENTACI%C3%93N%20DE%20KINGSBURY|&#8221; el_class=&#8221;feederlink&#8221;][vc_btn title=&#8221;Kirby&#8221; color=&#8221;warning&#8221; align=&#8221;center&#8221; css_animation=&#8221;slideInLeft&#8221; link=&#8221;url:http%3A%2F%2Fmemphisschoolguide.org%2Ffeeder-patterns%2Fkirby%2F|title:PATR%C3%93N%20DE%20ALIMENTADOR%20KIRBY|&#8221; el_class=&#8221;feederlink&#8221;][vc_btn title=&#8221;Manassas&#8221; color=&#8221;warning&#8221; align=&#8221;center&#8221; css_animation=&#8221;slideInLeft&#8221; link=&#8221;url:http%3A%2F%2Fmemphisschoolguide.org%2Ffeeder-patterns%2Fmanassas%2F|title:MANASSAS%20FEEDER%20PATTERN|&#8221; el_class=&#8221;feederlink&#8221;][vc_btn title=&#8221;Melrose&#8221; color=&#8221;warning&#8221; align=&#8221;center&#8221; css_animation=&#8221;slideInLeft&#8221; link=&#8221;url:http%3A%2F%2Fmemphisschoolguide.org%2Ffeeder-patterns%2Fmelrose%2F|title:MELROSE%20FEEDER%20PATTERN|&#8221; el_class=&#8221;feederlink&#8221;][\/vc_column][vc_column width=&#8221;1\/4&#8243;][vc_btn title=&#8221;Mitchell&#8221; color=&#8221;warning&#8221; align=&#8221;center&#8221; css_animation=&#8221;slideInLeft&#8221; link=&#8221;url:http%3A%2F%2Fmemphisschoolguide.org%2Ffeeder-patterns%2Fmitchell%2F|title:PATR%C3%93N%20DE%20ALIMENTADOR%20MITCHELL|&#8221; el_class=&#8221;feederlink&#8221;][vc_btn title=&#8221;OAKHAVEN&#8221; color=&#8221;warning&#8221; align=&#8221;center&#8221; css_animation=&#8221;slideInLeft&#8221; link=&#8221;url:http%3A%2F%2Fmemphisschoolguide.org%2Ffeeder-patterns%2Foakhaven%2F|title:PATR%C3%93N%20DE%20ALIMENTADOR%20OAKHAVEN|&#8221; el_class=&#8221;feederlink&#8221;][vc_btn title=&#8221;Overton&#8221; color=&#8221;warning&#8221; align=&#8221;center&#8221; css_animation=&#8221;slideInLeft&#8221; link=&#8221;url:http%3A%2F%2Fmemphisschoolguide.org%2Ffeeder-patterns%2Foverton%2F|title:OVERTON%20FEEDER%20PATTERN|&#8221; el_class=&#8221;feederlink&#8221;][vc_btn title=&#8221;RALEIGH-EGYPT&#8221; color=&#8221;warning&#8221; align=&#8221;center&#8221; css_animation=&#8221;slideInLeft&#8221; link=&#8221;url:http%3A%2F%2Fmemphisschoolguide.org%2Ffeeder-patterns%2Fraleigh-egypt%2F|title:PATR%C3%93N%20DE%20ALIMENTADOR%20RALEIGH-EGIPTO|&#8221; el_class=&#8221;feederlink&#8221;][vc_btn title=&#8221;Ridgeway&#8221; color=&#8221;warning&#8221; align=&#8221;center&#8221; css_animation=&#8221;slideInLeft&#8221; link=&#8221;url:http%3A%2F%2Fmemphisschoolguide.org%2Ffeeder-patterns%2Fridgeway%2F|title:PATR%C3%93N%20DE%20ALIMENTADOR%20RIDGEWAY|&#8221; el_class=&#8221;feederlink&#8221;][vc_btn title=&#8221;Sheffield&#8221; color=&#8221;warning&#8221; align=&#8221;center&#8221; css_animation=&#8221;slideInLeft&#8221; link=&#8221;url:http%3A%2F%2Fmemphisschoolguide.org%2Ffeeder-patterns%2Fsheffield%2F|title:SHEFFIELD%20FEEDER%20PATTERN|&#8221; el_class=&#8221;feederlink&#8221;][\/vc_column][vc_column width=&#8221;1\/4&#8243;][vc_btn title=&#8221;SOUTHWIND&#8221; color=&#8221;warning&#8221; align=&#8221;center&#8221; css_animation=&#8221;slideInLeft&#8221; link=&#8221;url:http%3A%2F%2Fmemphisschoolguide.org%2Ffeeder-patterns%2Fsouthwind%2F|title:PATR%C3%93N%20DE%20ALIMENTADOR%20DE%20SOUTHWIND|&#8221; el_class=&#8221;feederlink&#8221;][vc_btn title=&#8221;TREZEVANT&#8221; color=&#8221;warning&#8221; align=&#8221;center&#8221; css_animation=&#8221;slideInLeft&#8221; link=&#8221;url:http%3A%2F%2Fmemphisschoolguide.org%2Ffeeder-patterns%2Ftrezevant%2F|title:PATRONES%20DE%20TRESZEVANT%20FEEDER|&#8221; el_class=&#8221;feederlink&#8221;][vc_btn title=&#8221;Westwood&#8221; color=&#8221;warning&#8221; align=&#8221;center&#8221; css_animation=&#8221;slideInLeft&#8221; link=&#8221;url:http%3A%2F%2Fmemphisschoolguide.org%2Ffeeder-patterns%2Fwestwood%2F|title:PATR%C3%93N%20DE%20ALIMENTADOR%20DE%20WESTWOOD|&#8221; el_class=&#8221;feederlink&#8221;][vc_btn title=&#8221;ESTACI\u00d3N BLANCA&#8221; color=&#8221;warning&#8221; align=&#8221;center&#8221; css_animation=&#8221;slideInLeft&#8221; link=&#8221;url:http%3A%2F%2Fmemphisschoolguide.org%2Ffeeder-patterns%2Fwhite-station%2F|title:PATR%C3%93N%20DE%20ALIMENTADOR%20DE%20ESTACI%C3%93N%20BLANCA|&#8221; el_class=&#8221;feederlink&#8221;][vc_btn title=&#8221;Whitehaven&#8221; color=&#8221;warning&#8221; align=&#8221;center&#8221; css_animation=&#8221;slideInLeft&#8221; link=&#8221;url:http%3A%2F%2Fmemphisschoolguide.org%2Ffeeder-patterns%2Fwhitehaven%2F|title:PATR%C3%93N%20DE%20ALIMENTADOR%20DE%20WHITEHAVEN|&#8221; el_class=&#8221;feederlink&#8221;][vc_btn title=&#8221;WOODDALE&#8221; color=&#8221;warning&#8221; align=&#8221;center&#8221; css_animation=&#8221;slideInLeft&#8221; link=&#8221;url:http%3A%2F%2Fmemphisschoolguide.org%2Ffeeder-patterns%2Fwooddale%2F|title:PATR%C3%93N%20DE%20ALIMENTADOR%20DE%20WOODDALE|&#8221; el_class=&#8221;feederlink&#8221;][\/vc_column][\/vc_row][vc_row][vc_column width=&#8221;1\/4&#8243;][vc_btn title=&#8221;FAIRLEY ASD&#8221; color=&#8221;warning&#8221; align=&#8221;center&#8221; css_animation=&#8221;slideInLeft&#8221; link=&#8221;url:http%3A%2F%2Fmemphisschoolguide.org%2Ffeeder-patterns%2Ffairley-asd%2F|title:FAIRLEY%20ASD%20FEEDER%20PATTERN|&#8221; el_class=&#8221;feederlink&#8221;][\/vc_column][vc_column width=&#8221;1\/4&#8243;][vc_btn title=&#8221;HILLCREST ASD&#8221; color=&#8221;warning&#8221; align=&#8221;center&#8221; css_animation=&#8221;slideInLeft&#8221; link=&#8221;url:http%3A%2F%2Fmemphisschoolguide.org%2Ffeeder-patterns%2Fhillcrest-asd%2F|title:HILLCREST%20ASD%20FEEDER%20PATTERN|&#8221; el_class=&#8221;feederlink&#8221;][\/vc_column][vc_column width=&#8221;1\/4&#8243;][vc_btn title=&#8221;MLK ASD&#8221; color=&#8221;warning&#8221; align=&#8221;center&#8221; css_animation=&#8221;slideInLeft&#8221; link=&#8221;url:http%3A%2F%2Fmemphisschoolguide.org%2Ffeeder-patterns%2Fmlk-asd%2F|title:MLK%20ASD%20FEEDER%20PATTERN|&#8221; el_class=&#8221;feederlink&#8221;][\/vc_column][vc_column width=&#8221;1\/4&#8243;][\/vc_column][\/vc_row][vc_row css=&#8221;.vc_custom_1584671555730{margin-bottom: 0px !important;background-color: #2b3d50 !important;}&#8221;][vc_column css=&#8221;.vc_custom_1584671577187{padding-top: 0px !important;}&#8221;][vc_column_text css=&#8221;.vc_custom_1585500083303{margin-bottom: 20px !important;}&#8221;]<\/p>\n<h3><span style=\"color: #ffffff;\">Notas<\/span><\/h3>\n<p>[\/vc_column_text][\/vc_column][\/vc_row][vc_row][vc_column][vc_column_text]<\/p>\n<div class=\"wpb_text_column wpb_content_element \">\n<div class=\"wpb_wrapper\">\n<h3><em><strong>Estos patrones de alimentaci\u00f3n se basan en los patrones de inscripci\u00f3n promedio para los estudiantes que asisten a las escuelas del distrito.<\/strong><\/em><\/h3>\n<\/div>\n<\/div>\n<p>[\/vc_column_text][vc_row_inner][vc_column_inner width=&#8221;1\/4&#8243;][vc_column_text]<\/p>\n<h3>M\u00e9tricas<\/h3>\n<p>[\/vc_column_text][\/vc_column_inner][vc_column_inner width=&#8221;3\/4&#8243;][vc_column_text]<strong>Crecimiento de TVAAS:<\/strong> Mide el crecimiento de los estudiantes a\u00f1o tras a\u00f1o, el desempe\u00f1o de un estudiante se compara en relaci\u00f3n con el desempe\u00f1o de sus compa\u00f1eros.<\/p>\n<p><strong>TN Ready Ingl\u00e9s:<\/strong> El porcentaje de estudiantes que realizan en el nivel de grado de acuerdo con las pruebas de fin de a\u00f1o.<\/p>\n<p><strong>TN Ready Math:<\/strong> El porcentaje de estudiantes que realizan en el nivel de grado de acuerdo con las pruebas de fin de a\u00f1o.[\/vc_column_text][\/vc_column_inner][\/vc_row_inner][\/vc_column][\/vc_row]<\/p>\n<\/section>","protected":false},"excerpt":{"rendered":"<p>[vc_row][vc_column][vc_column_text] UN LOOK INSIDE MEMPHIS SCHOOL FEEDER PATTERNS Memphis est\u00e1 lleno de opciones educativas, de todo tipo. Todos los estudiantes en el condado de Shelby est\u00e1n zonificadas a una escuela p\u00fablica del vecindario y tienen derecho a un asiento en esa escuela. Te recomendamos que comiences tu b\u00fasqueda con tu escuela de barrio,independientemente de lo [&hellip;]<\/p>\n","protected":false},"author":2,"featured_media":0,"parent":0,"menu_order":0,"comment_status":"closed","ping_status":"closed","template":"","meta":{"footnotes":""},"class_list":["post-2023","page","type-page","status-publish","hentry"],"_links":{"self":[{"href":"http:\/\/memphisschoolguide.org\/es\/wp-json\/wp\/v2\/pages\/2023","targetHints":{"allow":["GET"]}}],"collection":[{"href":"http:\/\/memphisschoolguide.org\/es\/wp-json\/wp\/v2\/pages"}],"about":[{"href":"http:\/\/memphisschoolguide.org\/es\/wp-json\/wp\/v2\/types\/page"}],"author":[{"embeddable":true,"href":"http:\/\/memphisschoolguide.org\/es\/wp-json\/wp\/v2\/users\/2"}],"replies":[{"embeddable":true,"href":"http:\/\/memphisschoolguide.org\/es\/wp-json\/wp\/v2\/comments?post=2023"}],"version-history":[{"count":0,"href":"http:\/\/memphisschoolguide.org\/es\/wp-json\/wp\/v2\/pages\/2023\/revisions"}],"wp:attachment":[{"href":"http:\/\/memphisschoolguide.org\/es\/wp-json\/wp\/v2\/media?parent=2023"}],"curies":[{"name":"wp","href":"https:\/\/api.w.org\/{rel}","templated":true}]}}