{"id":1768,"date":"2020-03-09T22:07:13","date_gmt":"2020-03-09T22:07:13","guid":{"rendered":"https:\/\/memphisschools.wpengine.com\/cuales-son-mis-opciones\/"},"modified":"2020-04-08T16:36:07","modified_gmt":"2020-04-08T16:36:07","slug":"cuales-son-mis-opciones","status":"publish","type":"page","link":"http:\/\/memphisschoolguide.org\/es\/cuales-son-mis-opciones\/","title":{"rendered":"\u00bfCu\u00e1les son mis opciones?"},"content":{"rendered":"<section class=\"wpb-content-wrapper\"><p>[vc_row equal_height=&#8221;yes&#8221; content_placement=&#8221;middle&#8221; css=&#8221;.vc_custom_1582775316865{margin-bottom: 0px !important;padding-bottom: 0px !important;}&#8221;][vc_column width=&#8221;1\/4&#8243;][vc_single_image image=&#8221;1582&#8243; img_size=&#8221;full&#8221; alignment=&#8221;center&#8221; css_animation=&#8221;flipInX&#8221; css=&#8221;.vc_custom_1582775447699{margin-bottom: 0px !important;}&#8221;][\/vc_column][vc_column width=&#8221;3\/4&#8243;][vc_custom_heading text=&#8221;Tienes opciones.&#8221; font_container=&#8221;tag:h2|text_align:left|color:%23307ad5&#8243; google_fonts=&#8221;font_family:Montserrat%3Aregular%2C700|font_style:700%20bold%20regular%3A700%3Anormal&#8221; css_animation=&#8221;zoomInLeft&#8221; css=&#8221;.vc_custom_1582775289867{margin-top: -8px !important;margin-bottom: 29px !important;}&#8221;][vc_column_text css=&#8221;.vc_custom_1582774853185{margin-bottom: 32px !important;}&#8221;]<\/p>\n<div class=\"x-text none\">\n<div id=\"x-section-1\" class=\"x-section\">\n<div class=\"x-container max width\">\n<div class=\"x-column x-sm x-2-3\">\n<div class=\"x-text none\">\n<p>Memphis est\u00e1 lleno de opciones educativas, de todo tipo. Comience a reducir su lista aqu\u00ed en Memphis School Guide. Haz clic en &#8220;Guardar como Favorito&#8221; desde el perfil de cualquier escuela y te actualizaremos cuando haya noticias sobre esa escuela. Una vez que tengas una lista corta, haz planes para visitar tus favoritos, teniendo en cuenta los <a href=\"https:\/\/memphisschoolguide.org\/que-hace-una-buena-escuela\/?lang=es\">factores<\/a> de calidad y ajuste que est\u00e1s buscando.<\/p>\n<\/div>\n<\/div>\n<\/div>\n<\/div>\n<\/div>\n<p>[\/vc_column_text][\/vc_column][\/vc_row][vc_row css=&#8221;.vc_custom_1435816078010{margin-bottom: 15px !important;}&#8221;][vc_column width=&#8221;1\/5&#8243;][vc_single_image image=&#8221;1584&#8243; img_size=&#8221;full&#8221; alignment=&#8221;center&#8221; onclick=&#8221;custom_link&#8221; css_animation=&#8221;flipInX&#8221; css=&#8221;.vc_custom_1583759385352{margin-top: 16px !important;margin-bottom: 0px !important;}&#8221; link=&#8221;#traditional&#8221;][vc_column_text css=&#8221;.vc_custom_1582776839726{margin-bottom: 15px !important;}&#8221;]<\/p>\n<h3 style=\"text-align: center\"><span style=\"color: #f0c445\">P\u00fablico<\/span> Tradicional<\/h3>\n<p>[\/vc_column_text][vc_btn title=&#8221;Leer m\u00e1s&#8221; shape=&#8221;square&#8221; color=&#8221;warning&#8221; size=&#8221;xs&#8221; align=&#8221;center&#8221; css=&#8221;.vc_custom_1583759356575{margin-bottom: 5px !important;}&#8221; link=&#8221;url:%23traditional|&#8221;][vc_btn title=&#8221;VER ESCUELAS&#8221; shape=&#8221;square&#8221; color=&#8221;primary&#8221; size=&#8221;xs&#8221; align=&#8221;center&#8221; link=&#8221;url:http%3A%2F%2Fschools.memphisschoolguide.org%2Fschools%2F%3Ffilter%3Dtrue%26filter_targetGradeLevel%3DANY%26filter_type%3DPublic|target:%20_blank|&#8221;][\/vc_column][vc_column width=&#8221;1\/5&#8243;][vc_single_image image=&#8221;1585&#8243; img_size=&#8221;full&#8221; alignment=&#8221;center&#8221; onclick=&#8221;custom_link&#8221; css_animation=&#8221;flipInX&#8221; css=&#8221;.vc_custom_1583759405654{margin-top: 16px !important;margin-bottom: 0px !important;}&#8221; link=&#8221;#optional&#8221;][vc_column_text css=&#8221;.vc_custom_1582776845148{margin-bottom: 15px !important;}&#8221;]<\/p>\n<h3 style=\"text-align: center\"><span style=\"color: #f0c445\">P\u00fablico<\/span> Opcional<\/h3>\n<p>[\/vc_column_text][vc_btn title=&#8221;Leer m\u00e1s&#8221; shape=&#8221;square&#8221; color=&#8221;warning&#8221; size=&#8221;xs&#8221; align=&#8221;center&#8221; css=&#8221;.vc_custom_1583759414522{margin-bottom: 5px !important;}&#8221; link=&#8221;url:%23optional|&#8221;][vc_btn title=&#8221;VER ESCUELAS&#8221; shape=&#8221;square&#8221; color=&#8221;primary&#8221; size=&#8221;xs&#8221; align=&#8221;center&#8221; link=&#8221;url:http%3A%2F%2Fschools.memphisschoolguide.org%2Fschools%2F%3Ffilter%3Dtrue%26filter_targetGradeLevel%3DANY%26filter_type%3DPublic%2520Optional|target:%20_blank|&#8221;][\/vc_column][vc_column width=&#8221;1\/5&#8243;][vc_single_image image=&#8221;1586&#8243; img_size=&#8221;full&#8221; alignment=&#8221;center&#8221; onclick=&#8221;custom_link&#8221; css_animation=&#8221;flipInX&#8221; css=&#8221;.vc_custom_1583759428759{margin-top: 16px !important;margin-bottom: 0px !important;}&#8221; link=&#8221;#izone&#8221;][vc_column_text css=&#8221;.vc_custom_1582776850329{margin-bottom: 15px !important;}&#8221;]<\/p>\n<h3 style=\"text-align: center\"><span style=\"color: #f0c445\">IZone p\u00fablica<\/span><\/h3>\n<p>[\/vc_column_text][vc_btn title=&#8221;Leer m\u00e1s&#8221; shape=&#8221;square&#8221; color=&#8221;warning&#8221; size=&#8221;xs&#8221; align=&#8221;center&#8221; css=&#8221;.vc_custom_1583759438334{margin-bottom: 5px !important;}&#8221; link=&#8221;url:%23izone|&#8221;][vc_btn title=&#8221;VER ESCUELAS&#8221; shape=&#8221;square&#8221; color=&#8221;primary&#8221; size=&#8221;xs&#8221; align=&#8221;center&#8221; link=&#8221;url:http%3A%2F%2Fschools.memphisschoolguide.org%2Fschools%2F%3Ffilter%3Dtrue%26filter_targetGradeLevel%3DANY%26filter_type%3DPublic%2520iZone|target:%20_blank|&#8221;][\/vc_column][vc_column width=&#8221;1\/5&#8243;][vc_single_image image=&#8221;1587&#8243; img_size=&#8221;full&#8221; alignment=&#8221;center&#8221; onclick=&#8221;custom_link&#8221; css_animation=&#8221;flipInX&#8221; css=&#8221;.vc_custom_1583759498191{margin-top: 16px !important;margin-bottom: 0px !important;}&#8221; link=&#8221;#charter&#8221;][vc_column_text css=&#8221;.vc_custom_1582776855640{margin-bottom: 15px !important;}&#8221;]<\/p>\n<h3 style=\"text-align: center\"><span style=\"color: #f0c445\">P\u00fablico<\/span> Carta<\/h3>\n<p>[\/vc_column_text][vc_btn title=&#8221;Leer m\u00e1s&#8221; shape=&#8221;square&#8221; color=&#8221;warning&#8221; size=&#8221;xs&#8221; align=&#8221;center&#8221; css=&#8221;.vc_custom_1583759507193{margin-bottom: 5px !important;}&#8221; link=&#8221;url:%23charter|&#8221;][vc_btn title=&#8221;VER ESCUELAS&#8221; shape=&#8221;square&#8221; color=&#8221;primary&#8221; size=&#8221;xs&#8221; align=&#8221;center&#8221; link=&#8221;url:http%3A%2F%2Fschools.memphisschoolguide.org%2Fschools%2F%3Ffilter%3Dtrue%26filter_targetGradeLevel%3DANY%26filter_type%3DPublic%2520Charter|target:%20_blank|&#8221;][\/vc_column][vc_column width=&#8221;1\/5&#8243;][vc_single_image image=&#8221;1588&#8243; img_size=&#8221;full&#8221; alignment=&#8221;center&#8221; onclick=&#8221;custom_link&#8221; css_animation=&#8221;flipInX&#8221; css=&#8221;.vc_custom_1583759529159{margin-top: 16px !important;margin-bottom: 0px !important;}&#8221; link=&#8221;#private&#8221;][vc_column_text css=&#8221;.vc_custom_1582776861435{margin-bottom: 15px !important;}&#8221;]<\/p>\n<h3 style=\"text-align: center\"><span style=\"color: #4d2777\">Privado<\/span> Escuelas<\/h3>\n<p>[\/vc_column_text][vc_btn title=&#8221;Leer m\u00e1s&#8221; shape=&#8221;square&#8221; color=&#8221;warning&#8221; size=&#8221;xs&#8221; align=&#8221;center&#8221; css=&#8221;.vc_custom_1583759538838{margin-bottom: 5px !important;}&#8221; link=&#8221;url:%23private|&#8221;][vc_btn title=&#8221;VER ESCUELAS&#8221; shape=&#8221;square&#8221; color=&#8221;primary&#8221; size=&#8221;xs&#8221; align=&#8221;center&#8221; link=&#8221;url:http%3A%2F%2Fschools.memphisschoolguide.org%2Fschools%2F%3Ffilter%3Dtrue%26filter_targetGradeLevel%3DANY%26filter_type%3DPrivate|target:%20_blank|&#8221;][\/vc_column][\/vc_row][vc_row full_width=&#8221;stretch_row&#8221; gap=&#8221;30&#8243; equal_height=&#8221;yes&#8221; content_placement=&#8221;middle&#8221; css=&#8221;.vc_custom_1582786589132{margin-top: 0px !important;margin-bottom: 15px !important;background-color: #f0f0f0 !important;}&#8221; el_id=&#8221;traditional&#8221;][vc_column width=&#8221;1\/2&#8243;][vc_column_text css=&#8221;.vc_custom_1582777442335{margin-bottom: 15px !important;}&#8221;]<\/p>\n<h1 style=\"text-align: left\"><span style=\"color: #f0c445\">P\u00fablico<\/span> Tradicional<\/h1>\n<p>[\/vc_column_text][vc_column_text]<\/p>\n<div class=\"x-text none\">\n<p>Todos los estudiantes en el condado de Shelby est\u00e1n zonificadas a una escuela p\u00fablica del vecindario y tienen derecho a un asiento en esa escuela. Pero tambi\u00e9n puede elegir otra escuela p\u00fablica tradicional si parece un mejor ajuste (y la escuela tiene espacio). No hay requisitos de ingreso acad\u00e9mico para las escuelas p\u00fablicas tradicionales. Todas las escuelas p\u00fablicas est\u00e1n libres de matr\u00edcula y siguen las pautas establecidas por el estado para las normas, la seguridad y la evaluaci\u00f3n. Todas las escuelas p\u00fablicas en el condado de Shelby sol\u00edan caer en uno de los dos distritos escolares, pero a partir de 2014, ahora hay <a href=\"https:\/\/memphisschoolguide.org\/como-me-inscribo\/distritos-escolares-del-gran-memphis\/?lang=es\">ocho distritos escolares.<\/a><\/p>\n<\/div>\n<p>[\/vc_column_text][vc_row_inner][vc_column_inner width=&#8221;1\/2&#8243;][vc_btn title=&#8221;VER ESCUELAS&#8221; shape=&#8221;square&#8221; color=&#8221;primary&#8221; size=&#8221;sm&#8221; align=&#8221;center&#8221; button_block=&#8221;true&#8221; link=&#8221;url:http%3A%2F%2Fschools.memphisschoolguide.org%2Fschools%2F%3Ffilter%3Dtrue%26filter_targetGradeLevel%3DANY%26filter_type%3DPublic|target:%20_blank|&#8221;][\/vc_column_inner][vc_column_inner width=&#8221;1\/2&#8243;][vc_btn title=&#8221;ENROLLMENT INFO&#8221; shape=&#8221;square&#8221; color=&#8221;warning&#8221; size=&#8221;sm&#8221; align=&#8221;center&#8221; button_block=&#8221;true&#8221; css=&#8221;.vc_custom_1583762497915{margin-bottom: 5px !important;}&#8221; link=&#8221;url:https%3A%2F%2Fmemphisschoolguide.org%2Fcomo-me-inscribo%2F%3Flang%3Des%23traditional|&#8221;][\/vc_column_inner][\/vc_row_inner][\/vc_column][vc_column width=&#8221;1\/2&#8243;][vc_column_text]<\/p>\n<ul>\n<li>Te recomendamos que comiences tu b\u00fasqueda con tu escuela de <a href=\"http:\/\/apps.schoolsitelocator.com\/?districtcode=70300\" target=\"_blank\" rel=\"noopener noreferrer\">barrio,<\/a>independientemente de lo que hayas o\u00eddo hablar de ella de amigos o vecinos. Incluso si no terminas eligiendolo, al menos habr\u00e1s hecho tu propia opini\u00f3n informada y tendr\u00e1s una buena comparaci\u00f3n mientras contin\u00faas tu b\u00fasqueda.<\/li>\n<li>Incluso las escuelas p\u00fablicas tradicionales en el mismo distrito pueden ser muy diferentes unas de otras, basadas en el liderazgo escolar, el personal docente y el nivel de apoyo de los padres y la comunidad. As\u00ed que si tu escuela de barrio no es un buen ajuste, otro podr\u00eda ser.<\/li>\n<\/ul>\n<p>[\/vc_column_text][\/vc_column][\/vc_row][vc_row full_width=&#8221;stretch_row&#8221; gap=&#8221;30&#8243; equal_height=&#8221;yes&#8221; content_placement=&#8221;middle&#8221; css=&#8221;.vc_custom_1582786598329{margin-top: 0px !important;margin-bottom: 15px !important;}&#8221; el_id=&#8221;optional&#8221;][vc_column width=&#8221;1\/2&#8243;][vc_column_text css=&#8221;.vc_custom_1582778330650{margin-bottom: 15px !important;}&#8221;]<\/p>\n<h1 style=\"text-align: left\"><span style=\"color: #f0c445\">P\u00fablico<\/span> Opcional<\/h1>\n<p>[\/vc_column_text][vc_column_text]<\/p>\n<div class=\"x-text none\">\n<div class=\"x-text none\">\n<p>Las Escuelas Opcionales son parte del distrito de las Escuelas del Condado de Shelby, y pueden ofrecer una educaci\u00f3n tem\u00e1tica, similar a las escuelas &#8220;im\u00e1n&#8221; en otras ciudades. Lea nuestra Gu\u00eda completa <span style=\"color: #3366ff\"><br \/>\n  <a style=\"color: #3366ff\" href=\"https:\/\/memphisschoolguide.org\/como-me-inscribo\/guia-de-escuelas-opcionales-de-scs\/?lang=es\">de Escuelas Opcionales de SCS<\/a><br \/>\n<\/span> para obtener la primicia completa, pero aqu\u00ed hay dos cosas importantes que debe saber acerca de las escuelas opcionales:<\/p>\n<\/div>\n<\/div>\n<p>[\/vc_column_text][vc_row_inner][vc_column_inner width=&#8221;1\/2&#8243;][vc_btn title=&#8221;VER ESCUELAS&#8221; shape=&#8221;square&#8221; color=&#8221;primary&#8221; size=&#8221;sm&#8221; align=&#8221;center&#8221; button_block=&#8221;true&#8221; link=&#8221;url:http%3A%2F%2Fschools.memphisschoolguide.org%2Fschools%2F%3Ffilter%3Dtrue%26filter_targetGradeLevel%3DANY%26filter_type%3DPublic%2520Optional|target:%20_blank|&#8221;][\/vc_column_inner][vc_column_inner width=&#8221;1\/2&#8243;][vc_btn title=&#8221;ENROLLMENT INFO&#8221; shape=&#8221;square&#8221; color=&#8221;warning&#8221; size=&#8221;sm&#8221; align=&#8221;center&#8221; button_block=&#8221;true&#8221; css=&#8221;.vc_custom_1583762553125{margin-bottom: 5px !important;}&#8221; link=&#8221;url:https%3A%2F%2Fmemphisschoolguide.org%2Fcomo-me-inscribo%2F%3Flang%3Des%23optional|&#8221;][\/vc_column_inner][\/vc_row_inner][\/vc_column][vc_column width=&#8221;1\/2&#8243;][vc_column_text]<\/p>\n<ul>\n<li>En algunas Escuelas Opcionales, todas las clases se consideran Opcionales, lo que significa que todos los estudiantes de la escuela deben cumplir con los requisitos de entrada opcionales. Otras escuelas opcionales funcionan como una &#8220;escuela dentro de una escuela&#8221;, con algunas aulas opcionales y algunas tradicionales en cada nivel de grado. <span style=\"color: #3366ff\"><a style=\"color: #3366ff\" href=\"https:\/\/www.scsk12.org\/optional\/types?PID=849\" target=\"_blank\" rel=\"noopener noreferrer\">Averigua qu\u00e9 escuelas entran en cada categor\u00eda opcional aqu\u00ed.<\/a><\/span><\/li>\n<li>Y hablando de los requisitos de entrada&#8230; no todas las escuelas opcionales tienen las mismas. Si su hijo no califica para un programa opcional, todav\u00eda puede ser elegible para otro, as\u00ed que revise los requisitos de cada escuela en el &#8220;Volante opcional&#8221; que se puede encontrar en el perfil de <span style=\"color: #3366ff\"> <a style=\"color: #3366ff\" href=\"https:\/\/www.scsk12.org\/schools\/?LP=schools#\/optional\" target=\"_blank\" rel=\"noopener noreferrer\">SCS<\/a>de cada escuela.<\/span><\/li>\n<\/ul>\n<p>[\/vc_column_text][\/vc_column][\/vc_row][vc_row full_width=&#8221;stretch_row&#8221; gap=&#8221;30&#8243; equal_height=&#8221;yes&#8221; content_placement=&#8221;middle&#8221; css=&#8221;.vc_custom_1582786606055{margin-top: 0px !important;margin-bottom: 15px !important;background-color: #f0f0f0 !important;}&#8221; el_id=&#8221;izone&#8221;][vc_column width=&#8221;1\/2&#8243;][vc_column_text css=&#8221;.vc_custom_1582778727635{margin-bottom: 15px !important;}&#8221;]<\/p>\n<h1 style=\"text-align: left\"><span style=\"color: #f0c445\">IZone p\u00fablica<\/span><\/h1>\n<p>[\/vc_column_text][vc_column_text]<\/p>\n<div class=\"x-text none\">\n<div class=\"x-text none\">\n<p>Las Escuelas de la Zona de Innovaci\u00f3n (iZone) son un subconjunto de las Escuelas del Condado de Shelby que operan con m\u00e1s recursos que las escuelas p\u00fablicas tradicionales. Estas tambi\u00e9n se consideran escuelas de barrio, ya que tienen estudiantes zonificadas a ellos. A los l\u00edderes de la escuela iZone se les da m\u00e1s libertad sobre el personal, los presupuestos, los programas y los horarios. Las escuelas iZone suelen tener un d\u00eda escolar m\u00e1s largo. Pueden experimentar con nuevos m\u00e9todos de ense\u00f1anza o tecnolog\u00eda.<\/p>\n<\/div>\n<\/div>\n<p>[\/vc_column_text][vc_row_inner][vc_column_inner width=&#8221;1\/2&#8243;][vc_btn title=&#8221;VER ESCUELAS&#8221; shape=&#8221;square&#8221; color=&#8221;primary&#8221; size=&#8221;sm&#8221; align=&#8221;center&#8221; button_block=&#8221;true&#8221; link=&#8221;url:http%3A%2F%2Fschools.memphisschoolguide.org%2Fschools%2F%3Ffilter%3Dtrue%26filter_targetGradeLevel%3DANY%26filter_type%3DPublic%2520iZone|target:%20_blank|&#8221;][\/vc_column_inner][vc_column_inner width=&#8221;1\/2&#8243;][vc_btn title=&#8221;ENROLLMENT INFO&#8221; shape=&#8221;square&#8221; color=&#8221;warning&#8221; size=&#8221;sm&#8221; align=&#8221;center&#8221; button_block=&#8221;true&#8221; css=&#8221;.vc_custom_1583762571344{margin-bottom: 5px !important;}&#8221; link=&#8221;url:https%3A%2F%2Fmemphisschoolguide.org%2Fcomo-me-inscribo%2F%3Flang%3Des%23traditional|&#8221;][\/vc_column_inner][\/vc_row_inner][\/vc_column][vc_column width=&#8221;1\/2&#8243;][vc_column_text]<\/p>\n<ul>\n<li>Mientras que estas escuelas fueron puestas en la iZone por estar en la Lista de <a href=\"http:\/\/schools.memphisschoolguide.org\/schools\/?keywordSearch=true&amp;filter_keywords=Priority\" target=\"_blank\" rel=\"noopener noreferrer\">Prioridades<\/a> del estado de las escuelas de menor rendimiento, muchas escuelas de iZone han disfrutado de un fuerte crecimiento de la puntuaci\u00f3n de la prueba desde sus cambios, as\u00ed que preste m\u00e1s atenci\u00f3n a los puntajes de crecimiento de estas escuelas que sus puntuaciones de logros.<\/li>\n<\/ul>\n<h3>Leer m\u00e1s<\/h3>\n<ul>\n<li><a href=\"https:\/\/memphisschoolguide.org\/credito-extra\/escuelas-de-recompensa-y-prioridad\/?lang=es\">Escuelas de Recompensa y Prioridad<\/a><\/li>\n<\/ul>\n<p>[\/vc_column_text][\/vc_column][\/vc_row][vc_row full_width=&#8221;stretch_row&#8221; gap=&#8221;30&#8243; equal_height=&#8221;yes&#8221; content_placement=&#8221;middle&#8221; css=&#8221;.vc_custom_1582786617288{margin-top: 0px !important;margin-bottom: 15px !important;}&#8221; el_id=&#8221;charter&#8221;][vc_column width=&#8221;1\/2&#8243;][vc_column_text css=&#8221;.vc_custom_1582779064386{margin-bottom: 15px !important;}&#8221;]<\/p>\n<h1 style=\"text-align: left\"><span style=\"color: #f0c445\">P\u00fablico<\/span> Carta<\/h1>\n<p>[\/vc_column_text][vc_column_text]<\/p>\n<div class=\"x-text none\">\n<div class=\"x-text none\">\n<p>Las escuelas ch\u00e1rter son escuelas p\u00fablicas, y no cobran la matr\u00edcula. Los distritos escolares locales autorizan las cartas a abrir escuelas, pero no las ejecutan. Las cartas toman sus propias decisiones sobre cosas como el curr\u00edculo, c\u00f3mo contratar maestros (aunque todos deben estar certificados por el estado), e incluso la duraci\u00f3n del d\u00eda escolar o a\u00f1o. Todos los charters que operan en Tennessee no tienen fines de lucro. Algunas cartas son escuelas de un solo sitio, mientras que otras operan varias escuelas como parte de una organizaci\u00f3n de gesti\u00f3n de cartas (CMO) m\u00e1s grande. Para preguntas m\u00e1s frecuentes sobre charters, visite el <a href=\"http:\/\/www.tnchartercenter.org\/who-we-are\/faq\/\" target=\"_blank\" rel=\"noopener noreferrer\">Tennessee Charter School Center<\/a> o el Departamento de Educaci\u00f3n de <a href=\"https:\/\/www.tn.gov\/education\/school-options\/charter-schools.html\" target=\"_blank\" rel=\"noopener noreferrer\">Tennessee.<\/a><\/p>\n<\/div>\n<\/div>\n<p>[\/vc_column_text][vc_row_inner][vc_column_inner width=&#8221;1\/2&#8243;][vc_btn title=&#8221;VER ESCUELAS&#8221; shape=&#8221;square&#8221; color=&#8221;primary&#8221; size=&#8221;sm&#8221; align=&#8221;center&#8221; button_block=&#8221;true&#8221; link=&#8221;url:http%3A%2F%2Fschools.memphisschoolguide.org%2Fschools%2F%3Ffilter%3Dtrue%26filter_targetGradeLevel%3DANY%26filter_type%3DPublic%2520Charter|target:%20_blank|&#8221;][\/vc_column_inner][vc_column_inner width=&#8221;1\/2&#8243;][vc_btn title=&#8221;ENROLLMENT INFO&#8221; shape=&#8221;square&#8221; color=&#8221;warning&#8221; size=&#8221;sm&#8221; align=&#8221;center&#8221; button_block=&#8221;true&#8221; css=&#8221;.vc_custom_1583762581519{margin-bottom: 5px !important;}&#8221; link=&#8221;url:https%3A%2F%2Fmemphisschoolguide.org%2Fcomo-me-inscribo%2F%3Flang%3Des%23charter|&#8221;][\/vc_column_inner][\/vc_row_inner][\/vc_column][vc_column width=&#8221;1\/2&#8243;][vc_column_text]<\/p>\n<ul>\n<li>Las escuelas ch\u00e1rter de SCS no tienen zonas de asistencia \u2013 si usted est\u00e1 interesado en solicitar a su hijo, debe solicitar directamente a la escuela.<\/li>\n<li>La mayor\u00eda de las escuelas de TEA, incluidas las cartas, tienen zonas de asistencia, y se da prioridad a los estudiantes que viven dentro de la zona de cada escuela. Sin embargo, la elegibilidad para asistir se ha abierto un poco (y se ha vuelto m\u00e1s complicada) recientemente. Consulte la secci\u00f3n TEA de la p\u00e1gina Distritos para obtener m\u00e1s <a href=\"https:\/\/memphisschoolguide.org\/como-me-inscribo\/distritos-escolares-del-gran-memphis\/?lang=es\">detalles.<\/a><\/li>\n<\/ul>\n<p>[\/vc_column_text][\/vc_column][\/vc_row][vc_row full_width=&#8221;stretch_row&#8221; gap=&#8221;30&#8243; equal_height=&#8221;yes&#8221; content_placement=&#8221;middle&#8221; css=&#8221;.vc_custom_1582786623233{margin-top: 0px !important;margin-bottom: 0px !important;background-color: #f0f0f0 !important;}&#8221; el_id=&#8221;private&#8221;][vc_column width=&#8221;1\/2&#8243;][vc_column_text css=&#8221;.vc_custom_1582779205090{margin-bottom: 15px !important;}&#8221;]<\/p>\n<h1 style=\"text-align: left\"><span style=\"color: #4d2777\">Privado<\/span> Escuelas<\/h1>\n<p>[\/vc_column_text][vc_column_text]<\/p>\n<div class=\"x-text none\">\n<div class=\"x-text none\">\n<p>Las escuelas privadas no reciben dinero del estado, por lo que financian las operaciones cobrando la matr\u00edcula. Muchas escuelas privadas ofrecen alg\u00fan tipo de ayuda financiera. Por lo general, est\u00e1n dirigidos por un organismo independiente (como una junta escolar o la Di\u00f3cesis Cat\u00f3lica). Debido a que est\u00e1n exentos de la supervisi\u00f3n y las pruebas estatales directas, tienen la libertad de elegir sus propios est\u00e1ndares y enfoque educativo. Mientras que la mayor\u00eda de las escuelas privadas en Memphis tienen una afiliaci\u00f3n religiosa, tambi\u00e9n hay una serie de escuelas no religiosas que se centran en una amplia variedad de metodolog\u00edas y enfoques. <a href=\"https:\/\/www.maisschools.com\/\" target=\"_blank\" rel=\"noopener noreferrer\">La Asociaci\u00f3n de Escuelas Independientes de Memphis<\/a> (MAIS) y la <a href=\"https:\/\/cdom.org\/catholic-schools-office\/\" target=\"_blank\" rel=\"noopener noreferrer\">La Di\u00f3cesis Cat\u00f3lica de Memphis<\/a> representa un gran n\u00famero de escuelas privadas en Memphis. Algunas cosas a tener en cuenta:<\/p>\n<\/div>\n<\/div>\n<p>[\/vc_column_text][vc_row_inner][vc_column_inner width=&#8221;1\/2&#8243;][vc_btn title=&#8221;VER ESCUELAS&#8221; shape=&#8221;square&#8221; color=&#8221;primary&#8221; size=&#8221;sm&#8221; align=&#8221;center&#8221; button_block=&#8221;true&#8221; link=&#8221;url:http%3A%2F%2Fschools.memphisschoolguide.org%2Fschools%2F%3Ffilter%3Dtrue%26filter_targetGradeLevel%3DANY%26filter_type%3DPrivate|target:%20_blank|&#8221;][\/vc_column_inner][vc_column_inner width=&#8221;1\/2&#8243;][vc_btn title=&#8221;ENROLLMENT INFO&#8221; shape=&#8221;square&#8221; color=&#8221;warning&#8221; size=&#8221;sm&#8221; align=&#8221;center&#8221; button_block=&#8221;true&#8221; css=&#8221;.vc_custom_1583762591844{margin-bottom: 5px !important;}&#8221; link=&#8221;url:https%3A%2F%2Fmemphisschoolguide.org%2Fcomo-me-inscribo%2F%3Flang%3Des%23private|&#8221;][\/vc_column_inner][\/vc_row_inner][\/vc_column][vc_column width=&#8221;1\/2&#8243;][vc_column_text]<\/p>\n<ul>\n<li>Al sopesar si su familia puede pagar una escuela privada, usted querr\u00e1 preguntar acerca de todos los costos asociados &#8211; adem\u00e1s de la matr\u00edcula, la mayor\u00eda de las escuelas privadas tambi\u00e9n cobran tarifas por libros, actividades, tecnolog\u00eda, comidas, etc. Sin embargo, algunas escuelas privadas fueron dise\u00f1adas espec\u00edficamente con familias de bajos ingresos en mente, y estas pueden ser una gran opci\u00f3n si usted califica. Echa un vistazo a nuestra p\u00e1gina: \u00bfEs la <a href=\"https:\/\/memphisschoolguide.org\/como-me-inscribo\/es-realmente-la-escuela-privada-una-opcion\/?lang=es\">escuela privada realmente una opci\u00f3n?<\/a><\/li>\n<li>Muchas escuelas privadas tienen una fecha l\u00edmite de cumplea\u00f1os (fecha en la que su hijo tiene que tener 5 a\u00f1os para ingresar al jard\u00edn de infantes) que es anterior a la de las escuelas p\u00fablicas, algunas ya el 1 de junio. Algunos son flexibles en esta fecha&#8230; otros no tanto.<\/li>\n<\/ul>\n<p>[\/vc_column_text][\/vc_column][\/vc_row]<\/p>\n<\/section>","protected":false},"excerpt":{"rendered":"<p>[vc_row equal_height=&#8221;yes&#8221; content_placement=&#8221;middle&#8221; css=&#8221;.vc_custom_1582775316865{margin-bottom: 0px !important;padding-bottom: 0px !important;}&#8221;][vc_column width=&#8221;1\/4&#8243;][vc_single_image image=&#8221;1582&#8243; img_size=&#8221;full&#8221; alignment=&#8221;center&#8221; css_animation=&#8221;flipInX&#8221; css=&#8221;.vc_custom_1582775447699{margin-bottom: 0px !important;}&#8221;][\/vc_column][vc_column width=&#8221;3\/4&#8243;][vc_custom_heading text=&#8221;Tienes opciones.&#8221; font_container=&#8221;tag:h2|text_align:left|color:%23307ad5&#8243; google_fonts=&#8221;font_family:Montserrat%3Aregular%2C700|font_style:700%20bold%20regular%3A700%3Anormal&#8221; css_animation=&#8221;zoomInLeft&#8221; css=&#8221;.vc_custom_1582775289867{margin-top: -8px !important;margin-bottom: 29px !important;}&#8221;][vc_column_text css=&#8221;.vc_custom_1582774853185{margin-bottom: 32px !important;}&#8221;] Memphis est\u00e1 lleno de opciones educativas, de todo tipo. Comience a reducir su lista aqu\u00ed en Memphis School Guide. Haz clic en &#8220;Guardar como Favorito&#8221; [&hellip;]<\/p>\n","protected":false},"author":2,"featured_media":0,"parent":0,"menu_order":0,"comment_status":"closed","ping_status":"closed","template":"","meta":{"footnotes":""},"class_list":["post-1768","page","type-page","status-publish","hentry"],"_links":{"self":[{"href":"http:\/\/memphisschoolguide.org\/es\/wp-json\/wp\/v2\/pages\/1768","targetHints":{"allow":["GET"]}}],"collection":[{"href":"http:\/\/memphisschoolguide.org\/es\/wp-json\/wp\/v2\/pages"}],"about":[{"href":"http:\/\/memphisschoolguide.org\/es\/wp-json\/wp\/v2\/types\/page"}],"author":[{"embeddable":true,"href":"http:\/\/memphisschoolguide.org\/es\/wp-json\/wp\/v2\/users\/2"}],"replies":[{"embeddable":true,"href":"http:\/\/memphisschoolguide.org\/es\/wp-json\/wp\/v2\/comments?post=1768"}],"version-history":[{"count":0,"href":"http:\/\/memphisschoolguide.org\/es\/wp-json\/wp\/v2\/pages\/1768\/revisions"}],"wp:attachment":[{"href":"http:\/\/memphisschoolguide.org\/es\/wp-json\/wp\/v2\/media?parent=1768"}],"curies":[{"name":"wp","href":"https:\/\/api.w.org\/{rel}","templated":true}]}}