{"id":1765,"date":"2020-03-09T22:04:57","date_gmt":"2020-03-09T22:04:57","guid":{"rendered":"https:\/\/memphisschools.wpengine.com\/como-me-inscribo\/guia-de-transferencias-de-eleccion-general-de-scs\/"},"modified":"2020-04-08T16:40:38","modified_gmt":"2020-04-08T16:40:38","slug":"guia-de-transferencias-de-eleccion-general-de-scs","status":"publish","type":"page","link":"http:\/\/memphisschoolguide.org\/es\/como-me-inscribo\/guia-de-transferencias-de-eleccion-general-de-scs\/","title":{"rendered":"Gu\u00eda de Transferencias de Elecci\u00f3n General de SCS"},"content":{"rendered":"<section class=\"wpb-content-wrapper\"><p>[vc_row css=&#8221;.vc_custom_1435816078010{margin-bottom: 15px !important;}&#8221;][vc_column width=&#8221;1\/3&#8243;][vc_single_image image=&#8221;1593&#8243; img_size=&#8221;full&#8221; alignment=&#8221;center&#8221; onclick=&#8221;zoom&#8221; css_animation=&#8221;flipInX&#8221; css=&#8221;.vc_custom_1582793279106{margin-top: 16px !important;margin-bottom: 88px !important;}&#8221;][\/vc_column][vc_column width=&#8221;2\/3&#8243;][vc_column_text css=&#8221;.vc_custom_1584406084585{margin-bottom: 32px !important;}&#8221;]<\/p>\n<div class=\"x-text none\">\n<div id=\"x-section-1\" class=\"x-section\">\n<div class=\"x-container max width\">\n<div class=\"x-column x-sm x-2-3\">\n<div class=\"x-text none\">\n<p><span style=\"font-weight: 400\">Si no est\u00e1s contento con tu <\/span> <a href=\"http:\/\/apps.schoolsitelocator.com\/?districtcode=70300\"> <span style=\"font-weight: 400\">zona<\/span><\/p>\n<p><\/a><span style=\"font-weight: 400\"> (vecindario) \u00a1Escuela del Condado de Shelby, no est\u00e1s atascado con eso!&#8221;<\/span><\/p>\n<p>En 2016, se realizaron m\u00e1s de 9.100 solicitudes a trav\u00e9s del proceso de Transferencia de Elecci\u00f3n General (\u00a1un aumento de casi 50 con respecto al a\u00f1o anterior!), y 73 de los solicitantes recibieron su primera o segunda opci\u00f3n de escuela.<\/p>\n<\/div>\n<\/div>\n<\/div>\n<\/div>\n<\/div>\n<p>[\/vc_column_text][vc_custom_heading text=&#8221;Comencemos con lo b\u00e1sico&#8230;&#8221; font_container=&#8221;tag:h2|text_align:left|color:%23307ad5&#8243; google_fonts=&#8221;font_family:Montserrat%3Aregular%2C700|font_style:700%20bold%20regular%3A700%3Anormal&#8221; css_animation=&#8221;zoomInLeft&#8221; css=&#8221;.vc_custom_1582793551985{margin-top: -8px !important;margin-bottom: 29px !important;}&#8221;][vc_tta_accordion shape=&#8221;square&#8221; active_section=&#8221;0&#8243; collapsible_all=&#8221;true&#8221;][vc_tta_section title=&#8221;\u00bfQu\u00e9?&#8221; tab_id=&#8221;1582767191867-7f3dddd7-83843461-53fe&#8221;][vc_column_text]<span style=\"font-weight: 400\">La <\/span> <a href=\"http:\/\/www.scsk12.org\/schoolchoice\/\"> <span style=\"font-weight: 400\">transferencia de opciones generales<\/span><\/p>\n<p><\/a><span style=\"font-weight: 400\"> proceso es para aquellas familias que quieren que sus estudiantes asistan a una escuela de SCS para la que no est\u00e1n zonificadas. Esto puede incluir escuelas que tienen programas tradicionales junto con programas opcionales, pero el proceso de transferencia de elecci\u00f3n general solo le permite solicitar un lugar en el programa tradicional de la escuela. (Si est\u00e1 interesado en un lugar en un programa opcional, debe <\/span><a href=\"http:\/\/www.scsk12.org\/schoolchoice\/\"><br \/>\n  <span style=\"font-weight: 400\">Inscripci\u00f3n escolar<\/span><br \/>\n<\/a><span style=\"font-weight: 400\">opcional.)<\/span>[\/vc_column_text][\/vc_tta_section][vc_tta_section title=&#8221;\u00bfCuando?&#8221; tab_id=&#8221;1582767191896-02bf8516-d5313461-53fe&#8221;][vc_column_text]<span style=\"font-weight: 400\">El per\u00edodo de solicitud de elecci\u00f3n general de prioridad comienza a finales de enero y termina a finales de febrero. Los solicitantes que se presenten durante este tiempo ser\u00e1n notificados del estado de su hijo antes del final del a\u00f1o escolar.<\/span>[\/vc_column_text][\/vc_tta_section][vc_tta_section title=&#8221;\u00bfQui\u00e9n?&#8221; tab_id=&#8221;1582767257433-facb6973-50513461-53fe&#8221;][vc_column_text]Las transferencias de elecci\u00f3n general est\u00e1n abiertas a todos los residentes del condado de Shelby y las \u00e1reas circundantes, con prioridades para dar cabida a los empleados escolares, hermanos de estudiantes que ya est\u00e1n en la escuela y estudiantes asignados a otras escuelas de SCS. Si su hijo ya est\u00e1 en una escuela en una Transferencia de Opci\u00f3n General, usted no tiene que participar de nuevo en el proceso de solicitud. Sin embargo, tenga en cuenta que los hermanos de los estudiantes que ya est\u00e1n en una escuela a trav\u00e9s de Transferencias de Elecci\u00f3n General no obtienen autom\u00e1ticamente un lugar en esa escuela \u2013 tienen prioridad sobre muchos otros solicitantes, pero todav\u00eda tiene que presentar una solicitud de Transferencia de Opci\u00f3n General. Adem\u00e1s, si ya ha solicitado una transferencia a una Escuela Opcional para la que no est\u00e1 zonificada, pero no est\u00e1 seguro de que su hijo entre por razones de espacio o elegibilidad, puede (y debe) enviar una solicitud de Transferencia de Opci\u00f3n General como una copia de seguridad, si todav\u00eda los desea i n esa escuela, incluso si no califican para un sal\u00f3n de clases opcional.[\/vc_column_text][\/vc_tta_section][vc_tta_section title=&#8221;\u00bfC\u00f3mo?&#8221; tab_id=&#8221;1582767293919-fd51dead-41cc3461-53fe&#8221;][vc_column_text]<\/p>\n<p><b><span style=\"font-weight: 400\">El proceso de solicitud est\u00e1 completamente en l\u00ednea. <\/span><\/b>Las solicitudes todav\u00eda se consideran por orden de llegada, por lo que querr\u00e1 estar en l\u00ednea tan pronto como el per\u00edodo de prioridad comience a finales de enero si espera un lugar en una escuela codiciada.[\/vc_column_text][\/vc_tta_section][\/vc_tta_accordion][vc_custom_heading text=&#8221;Consejos&#8221; font_container=&#8221;tag:h2|text_align:left|color:%23307ad5&#8243; google_fonts=&#8221;font_family:Montserrat%3Aregular%2C700|font_style:700%20bold%20regular%3A700%3Anormal&#8221; css_animation=&#8221;zoomInLeft&#8221; css=&#8221;.vc_custom_1582794159861{margin-top: 40px !important;margin-bottom: 29px !important;}&#8221;][vc_tta_accordion shape=&#8221;square&#8221; active_section=&#8221;0&#8243; collapsible_all=&#8221;true&#8221;][vc_tta_section title=&#8221;Sus opciones&#8221; tab_id=&#8221;1582768180011-7df37737-8f4b3461-53fe&#8221;][vc_column_text]<a href=\"http:\/\/scsk12.org\/schoolchoice\"><span style=\"font-weight: 400\">Encuentre una lista de escuelas<\/span><\/a><span style=\"font-weight: 400\"> con espacio disponible en enero, antes del per\u00edodo de solicitud. Si hay dos escuelas con las que estar\u00edas contento, puedes elegir ambas. Los estudiantes pueden solicitar dos opciones de Opci\u00f3n General y\/o dos escuelas opcionales. Pero tenga en cuenta que si su primera opci\u00f3n est\u00e1 llena, y su segunda opci\u00f3n no es, se le dar\u00e1 su segunda escuela de elecci\u00f3n, y NO se le pondr\u00e1 en una lista de espera para su primera opci\u00f3n. Si no indica una segunda opci\u00f3n, se le pondr\u00e1 en una lista de espera para su escuela de primera elecci\u00f3n, y en algunos casos, un lugar puede abrirse en esa escuela durante el verano (o incluso en la primera semana de la escuela).<\/span>[\/vc_column_text][\/vc_tta_section][vc_tta_section title=&#8221;Acceso en l\u00ednea&#8221; tab_id=&#8221;1582768180078-25620a26-74903461-53fe&#8221;][vc_column_text]<\/p>\n<p><b><span style=\"font-weight: 400\">Debido a que este es un proceso en l\u00ednea por orden de llegada, querr\u00e1 hacer planes para tener una conexi\u00f3n a Internet confiable cuando solicite. Si bien podr\u00eda ser m\u00e1s f\u00e1cil (y m\u00e1s r\u00e1pido) escribir toda la informaci\u00f3n en un ordenador, muchos padres usan dispositivos m\u00f3viles como tel\u00e9fonos inteligentes o tabletas para aplicar, y funciona igual. Para los padres sin acceso personal a Internet, las computadoras y la asistencia in situ estar\u00e1n disponibles en los siguientes sitios del Distrito el primer d\u00eda del per\u00edodo de solicitud:<\/span><\/b><\/p>\n<ul>\n<li><span style=\"font-weight: 400\">Todas las ubicaciones escolares<\/span><\/li>\n<\/ul>\n<ul>\n<li><span style=\"font-weight: 400\">Centro de Bienvenida para Padres de SCS (2687 Avery Ave.) <\/span><\/li>\n<\/ul>\n<ul>\n<li><span style=\"font-weight: 400\">Oficina Regional del Noreste de SCS (920 N. Highland St.)<\/span><\/li>\n<\/ul>\n<ul>\n<li><span style=\"font-weight: 400\">SCS Grays Creek Admin. Oficina (2800 Grays Creek, Arlington). <\/span><\/li>\n<\/ul>\n<p>&nbsp;<\/p>\n<p>[\/vc_column_text][\/vc_tta_section][vc_tta_section title=&#8221;Lo que necesita&#8221; tab_id=&#8221;1582768180148-33a2ad7b-068c3461-53fe&#8221;][vc_column_text]<span style=\"font-weight: 400\">En primer lugar, necesitar\u00e1 una direcci\u00f3n de correo electr\u00f3nico v\u00e1lida. Los padres actuales de SCS tambi\u00e9n necesitan el n\u00famero de estudiante\/identificaci\u00f3n de PowerSchool de su hijo. Si no conoce el ID de PowerSchool de su estudiante, revise la tarjeta de informe de su hijo o llame al 416-5300. Los padres que no son SCS deben usar un SSN. Si su hijo no tiene un n\u00famero de Seguro Social, comun\u00edquese con la escuela actual de su hijo para obtener un n\u00famero PIN. Si usted es un empleado de SCS que intenta transferir a su hijo a su escuela, tambi\u00e9n necesitar\u00e1 su n\u00famero de identificaci\u00f3n de empleado. Si tienes a otra persona que llene el formulario por ti, aseg\u00farate de que tambi\u00e9n tengan toda tu informaci\u00f3n de contacto, la fecha de nacimiento y el nivel de grado de tu hijo, y por supuesto, tus opciones escolares.<\/span>[\/vc_column_text][\/vc_tta_section][vc_tta_section title=&#8221;Despu\u00e9s de pulsar Enviar&#8221; tab_id=&#8221;1582768180223-68c514b5-1f673461-53fe&#8221;][vc_column_text]Se le pedir\u00e1 que proporcione una direcci\u00f3n de correo electr\u00f3nico para enviar su solicitud. Despu\u00e9s de enviar, recibir\u00e1 una confirmaci\u00f3n por correo electr\u00f3nico, pero no recibir\u00e1 un n\u00famero que muestre d\u00f3nde est\u00e1 en l\u00ednea en esa escuela.[\/vc_column_text][\/vc_tta_section][vc_tta_section title=&#8221;When You&#8217;ll Hear&#8221; tab_id=&#8221;1582793938817-dd9b4197-dae9&#8243;][vc_column_text]<span style=\"font-weight: 400\">La oficina de Servicios Estudiantiles de SCS informa que cualquier persona que presente una solicitud durante el per\u00edodo de prioridad recibir\u00e1 una notificaci\u00f3n antes del final del a\u00f1o escolar. Todas las comunicaciones vendr\u00e1n por correo electr\u00f3nico, as\u00ed que mant\u00e9n un ojo en tu bandeja de entrada. Puede llamar al departamento de Asistencia y Disciplina al 901-416-6007 si tiene preguntas, pero no se dar\u00e1n respuestas sobre la decisi\u00f3n de transferencia hasta que se hayan procesado todas las solicitudes.<\/span>[\/vc_column_text][\/vc_tta_section][vc_tta_section title=&#8221;Si no entras&#8221; tab_id=&#8221;1582793977643-e3546730-f832&#8243;][vc_column_text]<\/p>\n<div class=\"x-text none\">\n<p>Si no tiene \u00e9xito en la ronda inicial de tareas estudiantiles, querr\u00e1 comunicarse con la oficina de Servicios Estudiantiles inmediatamente para trabajar con ellos en una apelaci\u00f3n o ser asignado a otra escuela. Su mejor opci\u00f3n es enviarles por correo electr\u00f3nico (<a href=\"https:\/\/web.archive.org\/web\/20180901075733\/mailto:studentservices@scsk12.org\" target=\"_blank\" rel=\"noopener noreferrer\">studentservices@scsk12.org<\/a>) o fax (901-416-8476) una carta explicando su situaci\u00f3n y solicitando ayuda. Mientras que el director de una escuela podr\u00eda ser capaz de darle una idea de si tienen espacio o no, no pueden otorgar la admisi\u00f3n \u2013 eso debe suceder a trav\u00e9s de la oficina de Servicios Estudiantiles. Su personal trabaja durante todo el verano para ponerse en contacto con las familias y colocar a los estudiantes, pero si se llega a la salida en primer lugar, you&#8217;re m\u00e1s propensos a ser tratado con primero y obtenga un lugar you&#8217;re felices con. Se sabe que los padres listados de espera son contactados tan tarde como la primera semana de la escuela (como los lugares se abrieron debido a los estudiantes que decidieron inscribirse en otro lugar), as\u00ed que si realmente est\u00e1s muriendo por un lugar en una cierta escuela y est\u00e1s dispuesto a hacer un cambio de \u00faltima hora , podr\u00edas terminar recibiendo tu escuela preferida.<\/p>\n<\/div>\n<p>[\/vc_column_text][\/vc_tta_section][\/vc_tta_accordion][\/vc_column][\/vc_row]<\/p>\n<\/section>","protected":false},"excerpt":{"rendered":"<p>[vc_row css=&#8221;.vc_custom_1435816078010{margin-bottom: 15px !important;}&#8221;][vc_column width=&#8221;1\/3&#8243;][vc_single_image image=&#8221;1593&#8243; img_size=&#8221;full&#8221; alignment=&#8221;center&#8221; onclick=&#8221;zoom&#8221; css_animation=&#8221;flipInX&#8221; css=&#8221;.vc_custom_1582793279106{margin-top: 16px !important;margin-bottom: 88px !important;}&#8221;][\/vc_column][vc_column width=&#8221;2\/3&#8243;][vc_column_text css=&#8221;.vc_custom_1584406084585{margin-bottom: 32px !important;}&#8221;] Si no est\u00e1s contento con tu zona (vecindario) \u00a1Escuela del Condado de Shelby, no est\u00e1s atascado con eso!&#8221; En 2016, se realizaron m\u00e1s de 9.100 solicitudes a trav\u00e9s del proceso de Transferencia de Elecci\u00f3n General (\u00a1un [&hellip;]<\/p>\n","protected":false},"author":2,"featured_media":0,"parent":1760,"menu_order":0,"comment_status":"closed","ping_status":"closed","template":"","meta":{"footnotes":""},"class_list":["post-1765","page","type-page","status-publish","hentry"],"_links":{"self":[{"href":"http:\/\/memphisschoolguide.org\/es\/wp-json\/wp\/v2\/pages\/1765","targetHints":{"allow":["GET"]}}],"collection":[{"href":"http:\/\/memphisschoolguide.org\/es\/wp-json\/wp\/v2\/pages"}],"about":[{"href":"http:\/\/memphisschoolguide.org\/es\/wp-json\/wp\/v2\/types\/page"}],"author":[{"embeddable":true,"href":"http:\/\/memphisschoolguide.org\/es\/wp-json\/wp\/v2\/users\/2"}],"replies":[{"embeddable":true,"href":"http:\/\/memphisschoolguide.org\/es\/wp-json\/wp\/v2\/comments?post=1765"}],"version-history":[{"count":0,"href":"http:\/\/memphisschoolguide.org\/es\/wp-json\/wp\/v2\/pages\/1765\/revisions"}],"up":[{"embeddable":true,"href":"http:\/\/memphisschoolguide.org\/es\/wp-json\/wp\/v2\/pages\/1760"}],"wp:attachment":[{"href":"http:\/\/memphisschoolguide.org\/es\/wp-json\/wp\/v2\/media?parent=1765"}],"curies":[{"name":"wp","href":"https:\/\/api.w.org\/{rel}","templated":true}]}}