{"id":1761,"date":"2020-03-09T22:00:54","date_gmt":"2020-03-09T22:00:54","guid":{"rendered":"https:\/\/memphisschools.wpengine.com\/como-me-inscribo\/distritos-escolares-del-gran-memphis\/"},"modified":"2020-04-08T16:40:36","modified_gmt":"2020-04-08T16:40:36","slug":"distritos-escolares-del-gran-memphis","status":"publish","type":"page","link":"http:\/\/memphisschoolguide.org\/es\/como-me-inscribo\/distritos-escolares-del-gran-memphis\/","title":{"rendered":"Distritos Escolares del Gran Memphis"},"content":{"rendered":"<section class=\"wpb-content-wrapper\"><p>[vc_row equal_height=&#8221;yes&#8221; content_placement=&#8221;middle&#8221; css=&#8221;.vc_custom_1582775316865{margin-bottom: 0px !important;padding-bottom: 0px !important;}&#8221;][vc_column width=&#8221;1\/3&#8243;][vc_single_image image=&#8221;1584&#8243; img_size=&#8221;full&#8221; alignment=&#8221;center&#8221; css_animation=&#8221;flipInX&#8221; css=&#8221;.vc_custom_1582790469757{margin-bottom: 0px !important;}&#8221;][\/vc_column][vc_column width=&#8221;2\/3&#8243;][vc_custom_heading text=&#8221;Los distritos:&#8221; font_container=&#8221;tag:h2|text_align:left|color:%23307ad5&#8243; google_fonts=&#8221;font_family:Montserrat%3Aregular%2C700|font_style:700%20bold%20regular%3A700%3Anormal&#8221; css_animation=&#8221;zoomInLeft&#8221; css=&#8221;.vc_custom_1582790505540{margin-top: -8px !important;margin-bottom: 29px !important;}&#8221;][vc_column_text css=&#8221;.vc_custom_1582790663616{margin-bottom: 32px !important;}&#8221;]<\/p>\n<div class=\"x-text none\">\n<div id=\"x-section-1\" class=\"x-section\">\n<div class=\"x-container max width\">\n<div class=\"x-column x-sm x-2-3\">\n<div class=\"x-text none\">\n<div class=\"x-text none\">\n<p>En 2011, s\u00f3lo hab\u00eda dos distritos escolares: Memphis City School y Shelby County Schools. S\u00f3lo tres a\u00f1os despu\u00e9s, eran ocho. Pocas comunidades han pasado por tanto cambio educativo como Shelby County ha hecho recientemente. Afortunadamente, con algunas limitaciones, las familias todav\u00eda tienen acceso a la mayor\u00eda de las escuelas que tienen lugares disponibles, de modo que las opciones nunca han sido m\u00e1s numerosas para las familias del condado de Shelby.<\/p>\n<\/div>\n<\/div>\n<\/div>\n<\/div>\n<\/div>\n<\/div>\n<p>[\/vc_column_text][vc_row_inner][vc_column_inner width=&#8221;1\/2&#8243;][vc_btn title=&#8221;ESCUELAS DEL CONDADO DE SHELBY&#8221; shape=&#8221;square&#8221; color=&#8221;warning&#8221; size=&#8221;xs&#8221; align=&#8221;center&#8221; button_block=&#8221;true&#8221; css=&#8221;.vc_custom_1584394635914{margin-bottom: 5px !important;}&#8221; link=&#8221;url:https%3A%2F%2Fwww.scsk12.org%2F|&#8221;][vc_btn title=&#8221;DISTRITO ESCUELA DE LOGRO&#8221; shape=&#8221;square&#8221; color=&#8221;warning&#8221; size=&#8221;xs&#8221; align=&#8221;center&#8221; button_block=&#8221;true&#8221; css=&#8221;.vc_custom_1582793096160{margin-bottom: 5px !important;}&#8221; link=&#8221;url:https%3A%2F%2Fmemphisschoolguide.org%2Fcomo-me-inscribo%2Fdistritos-escolares-del-gran-memphis%2F%3Flang%3Des%23asd|&#8221;][vc_btn title=&#8221;ESCUELAS COMUNITARIAS DE ARLINGTON&#8221; shape=&#8221;square&#8221; color=&#8221;warning&#8221; size=&#8221;xs&#8221; align=&#8221;center&#8221; button_block=&#8221;true&#8221; css=&#8221;.vc_custom_1584403042318{margin-bottom: 5px !important;}&#8221; link=&#8221;url:https%3A%2F%2Facsk-12.org%2Fparent___students%2Fenrollment%2Ftransfer__non-_resident|&#8221;][vc_btn title=&#8221;ESCUELAS DE LA CIUDAD DE BARTLETT&#8221; shape=&#8221;square&#8221; color=&#8221;warning&#8221; size=&#8221;xs&#8221; align=&#8221;center&#8221; button_block=&#8221;true&#8221; css=&#8221;.vc_custom_1584394603336{margin-bottom: 5px !important;}&#8221; link=&#8221;url:https%3A%2F%2Fwww.bartlettschools.org%2F|&#8221;][\/vc_column_inner][vc_column_inner width=&#8221;1\/2&#8243;][vc_btn title=&#8221;ESCUELAS DE COLLIERVILLE&#8221; shape=&#8221;square&#8221; color=&#8221;warning&#8221; size=&#8221;xs&#8221; align=&#8221;center&#8221; button_block=&#8221;true&#8221; css=&#8221;.vc_custom_1582793127560{margin-bottom: 5px !important;}&#8221; link=&#8221;url:https%3A%2F%2Fmemphisschoolguide.org%2Fcomo-me-inscribo%2Fdistritos-escolares-del-gran-memphis%2F%3Flang%3Des%23collierville|&#8221;][vc_btn title=&#8221;DISTRITO DE LA ESCUELA MUNICIPAL DE GERMANTOWN&#8221; shape=&#8221;square&#8221; color=&#8221;warning&#8221; size=&#8221;xs&#8221; align=&#8221;center&#8221; button_block=&#8221;true&#8221; css=&#8221;.vc_custom_1582793136534{margin-bottom: 5px !important;}&#8221; link=&#8221;url:https%3A%2F%2Fmemphisschoolguide.org%2Fcomo-me-inscribo%2Fdistritos-escolares-del-gran-memphis%2F%3Flang%3Des%23germantown|&#8221;][vc_btn title=&#8221;SISTEMA ESCOLAR DE LAKELAND&#8221; shape=&#8221;square&#8221; color=&#8221;warning&#8221; size=&#8221;xs&#8221; align=&#8221;center&#8221; button_block=&#8221;true&#8221; css=&#8221;.vc_custom_1582793144906{margin-bottom: 5px !important;}&#8221; link=&#8221;url:https%3A%2F%2Fmemphisschoolguide.org%2Fcomo-me-inscribo%2Fdistritos-escolares-del-gran-memphis%2F%3Flang%3Des%23lakeland|&#8221;][vc_btn title=&#8221;ESCUELAS MUNICIPALES DE MILLINGTON&#8221; shape=&#8221;square&#8221; color=&#8221;warning&#8221; size=&#8221;xs&#8221; align=&#8221;center&#8221; button_block=&#8221;true&#8221; css=&#8221;.vc_custom_1582793154816{margin-bottom: 5px !important;}&#8221; link=&#8221;url:https%3A%2F%2Fmemphisschoolguide.org%2Fcomo-me-inscribo%2Fdistritos-escolares-del-gran-memphis%2F%3Flang%3Des%23millington|&#8221;][\/vc_column_inner][\/vc_row_inner][\/vc_column][\/vc_row][vc_row full_width=&#8221;stretch_row&#8221; gap=&#8221;30&#8243; equal_height=&#8221;yes&#8221; content_placement=&#8221;middle&#8221; css=&#8221;.vc_custom_1582792964667{margin-top: 0px !important;margin-bottom: 15px !important;background-color: #f0f0f0 !important;}&#8221; el_id=&#8221;shelby&#8221;][vc_column width=&#8221;1\/2&#8243;][vc_single_image image=&#8221;1642&#8243; img_size=&#8221;medium&#8221; alignment=&#8221;center&#8221; onclick=&#8221;custom_link&#8221; img_link_target=&#8221;_blank&#8221; css_animation=&#8221;flipInX&#8221; link=&#8221;https:\/\/www.scsk12.org\/&#8221;][\/vc_column][vc_column width=&#8221;1\/2&#8243;][vc_column_text css=&#8221;.vc_custom_1582791168717{margin-bottom: 15px !important;}&#8221;]<\/p>\n<h2 style=\"text-align: left\">Escuelas del Condado de Shelby<\/h2>\n<p>[\/vc_column_text][vc_column_text]<\/p>\n<div class=\"x-text none\">\n<p><a href=\"https:\/\/web.archive.org\/web\/20180901082015\/http:\/\/www.scsk12.org\/\" target=\"_blank\" rel=\"noopener noreferrer\">Shelby County Schools<\/a> (SCS) es el distrito escolar p\u00fablico m\u00e1s grande de Tennessee y el 22o m\u00e1s grande del pa\u00eds.<\/p>\n<ul>\n<li><a href=\"https:\/\/web.archive.org\/web\/20180901082015\/http:\/\/scstransquery.scsk12.org\/eduweb\/webquery\/\" target=\"_blank\" rel=\"noopener noreferrer\">Localice su escuela en zona<\/a><\/li>\n<li><a href=\"http:\/\/www.scsk12.org\/registration\/\">Informaci\u00f3n de registro de estudiantes<\/a><\/li>\n<li><span style=\"font-weight: 400\">Las solicitudes para <\/span> <a href=\"http:\/\/www.scsk12.org\/schoolchoice\/\"><b>las Escuelas Generales y Opcionales<\/b>\n<p><\/a> <span style=\"font-weight: 400\">comienzan a finales<\/span> de enero.<\/li>\n<\/ul>\n<\/div>\n<p>[\/vc_column_text][vc_btn title=&#8221;VISITA ESCUELAS DEL CONDADO DE SHELBY&#8221; shape=&#8221;square&#8221; color=&#8221;primary&#8221; size=&#8221;sm&#8221; align=&#8221;center&#8221; button_block=&#8221;true&#8221; link=&#8221;url:http%3A%2F%2Fwww.scsk12.org%2F|target:%20_blank|&#8221;][\/vc_column][\/vc_row][vc_row full_width=&#8221;stretch_row&#8221; gap=&#8221;30&#8243; equal_height=&#8221;yes&#8221; content_placement=&#8221;middle&#8221; css=&#8221;.vc_custom_1582792974070{margin-top: 0px !important;margin-bottom: 15px !important;}&#8221; el_id=&#8221;asd&#8221;][vc_column width=&#8221;1\/2&#8243;][vc_column_text css=&#8221;.vc_custom_1582791345441{margin-bottom: 15px !important;}&#8221;]<\/p>\n<h2 style=\"text-align: left\">Distrito Escolar de Achievement<\/h2>\n<p>[\/vc_column_text][vc_column_text]<\/p>\n<div class=\"x-text none\">\n<div class=\"x-text none\">\n<p>El <a href=\"https:\/\/web.archive.org\/web\/20180901082015\/http:\/\/achievementschooldistrict.org\/\" target=\"_blank\" rel=\"noopener noreferrer\">Distrito Escolar<\/a> de Logro (ASD, por sus sus otros) es un distrito estatal que se estableci\u00f3 para dar la vuelta a las escuelas de menor rendimiento de Tennessee, tambi\u00e9n llamadas Escuelas <a href=\"https:\/\/www.google.com\/url?q=http:\/\/memphisschoolguide.org\/extra-credit\/reward\/&amp;sa=D&amp;ust=1584483317605000&amp;usg=AFQjCNH6fRXR4CmMSiWFgIiWG_S3XvDCYw\">Prioritarias,<\/a>la mayor\u00eda de las cuales se encuentran en el condado de Shelby. El TEA dirige directamente algunas escuelas en Frayser, pero el resto de sus escuelas son operadas por organizaciones ch\u00e1rter autorizadas por TEA, que son organizaciones independientes que dirigen escuelas p\u00fablicas.<\/p>\n<ul>\n<li><a href=\"http:\/\/achievementschooldistrict.org\/index.php\/schools\/\">Ver todas las escuelas astutos<\/a><\/li>\n<\/ul>\n<p>&nbsp;<\/p>\n<\/div>\n<\/div>\n<p>[\/vc_column_text][vc_btn title=&#8221;VISITA EL DISTRITO DE LA ESCUELA DE LOGROS&#8221; shape=&#8221;square&#8221; color=&#8221;primary&#8221; size=&#8221;sm&#8221; align=&#8221;center&#8221; button_block=&#8221;true&#8221; link=&#8221;url:http%3A%2F%2Fachievementschooldistrict.org%2F|target:%20_blank|&#8221;][vc_row_inner][vc_column_inner width=&#8221;1\/2&#8243;][\/vc_column_inner][vc_column_inner width=&#8221;1\/2&#8243;][\/vc_column_inner][\/vc_row_inner][\/vc_column][vc_column width=&#8221;1\/2&#8243;][vc_single_image image=&#8221;1644&#8243; img_size=&#8221;full&#8221; alignment=&#8221;center&#8221; onclick=&#8221;custom_link&#8221; img_link_target=&#8221;_blank&#8221; css_animation=&#8221;flipInX&#8221; link=&#8221;http:\/\/achievementschooldistrict.org\/&#8221;][\/vc_column][\/vc_row][vc_row full_width=&#8221;stretch_row&#8221; gap=&#8221;30&#8243; equal_height=&#8221;yes&#8221; content_placement=&#8221;middle&#8221; css=&#8221;.vc_custom_1582792982629{margin-top: 0px !important;margin-bottom: 15px !important;background-color: #f0f0f0 !important;}&#8221; el_id=&#8221;arlington&#8221;][vc_column width=&#8221;1\/2&#8243;][vc_single_image image=&#8221;1645&#8243; img_size=&#8221;full&#8221; alignment=&#8221;center&#8221; onclick=&#8221;custom_link&#8221; img_link_target=&#8221;_blank&#8221; css_animation=&#8221;flipInX&#8221; link=&#8221;https:\/\/acsk-12.org\/&#8221;][\/vc_column][vc_column width=&#8221;1\/2&#8243;][vc_column_text css=&#8221;.vc_custom_1582791614870{margin-bottom: 15px !important;}&#8221;]<\/p>\n<h2 style=\"text-align: left\">Escuelas Comunitarias de Arlington<\/h2>\n<p>[\/vc_column_text][vc_column_text]<\/p>\n<div class=\"x-text none\">\n<div class=\"x-text none\">\n<p><a href=\"https:\/\/web.archive.org\/web\/20180901082015\/http:\/\/www.acsk-12.org\/\" target=\"_blank\" rel=\"noopener noreferrer\">Arlington Community Schools<\/a> (ACS) comenz\u00f3 a operar en el a\u00f1o escolar 2014-2015, y dirige cuatro escuelas.<\/p>\n<ul>\n<li><a href=\"https:\/\/acsk-12.org\/parent___students\/enrollment\/attendance_zones\">Localice su escuela en zona<\/a><\/li>\n<li><a href=\"https:\/\/acsk-12.org\/parent___students\/enrollment\/transfer__non-_resident\" target=\"_blank\" rel=\"noopener noreferrer\">Traslados<\/a>: <span style=\"font-weight: 400\">Las solicitudes de transferencias y no residentes comienzan a principios de febrero. Los residentes del condado de Shelby no tienen que pagar la matr\u00edcula, pero los que est\u00e1n fuera del condado s\u00ed.<\/span><\/li>\n<\/ul>\n<\/div>\n<\/div>\n<p>[\/vc_column_text][vc_btn title=&#8221;VISITA LAS ESCUELAS COMUNITARIAS DE ARLINGTON&#8221; shape=&#8221;square&#8221; color=&#8221;primary&#8221; size=&#8221;sm&#8221; align=&#8221;center&#8221; button_block=&#8221;true&#8221; link=&#8221;url:https%3A%2F%2Facsk-12.org%2F|target:%20_blank|&#8221;][\/vc_column][\/vc_row][vc_row full_width=&#8221;stretch_row&#8221; gap=&#8221;30&#8243; equal_height=&#8221;yes&#8221; content_placement=&#8221;middle&#8221; css=&#8221;.vc_custom_1582792997201{margin-top: 0px !important;margin-bottom: 15px !important;}&#8221; el_id=&#8221;bartlett&#8221;][vc_column width=&#8221;1\/2&#8243;][vc_column_text css=&#8221;.vc_custom_1582791751328{margin-bottom: 15px !important;}&#8221;]<\/p>\n<h2 style=\"text-align: left\">Escuelas de la ciudad de Bartlett<\/h2>\n<p>[\/vc_column_text][vc_column_text]<\/p>\n<div class=\"x-text none\">\n<div class=\"x-text none\">\n<p><a href=\"https:\/\/web.archive.org\/web\/20180901082015\/http:\/\/www.bartlettschools.org\/\" target=\"_blank\" rel=\"noopener noreferrer\">Bartlett City Schools<\/a> (BCS) comenz\u00f3 a operar en el a\u00f1o escolar 2014-2015, y dirige once escuelas.<\/p>\n<ul>\n<li><a href=\"https:\/\/www.bartlettschools.org\/apps\/pages\/index.jsp?uREC_ID=245383&amp;type=d&amp;pREC_ID=575202\" target=\"_blank\" rel=\"noopener noreferrer\">Localice su escuela en zona<\/a><\/li>\n<li><a href=\"http:\/\/www.bartlettschools.org\/Open%20Enrollment%20FAQs.pdf\">Transferencias<\/a>: Debe solicitar durante el per\u00edodo de inscripci\u00f3n abierta de primavera. Los residentes del condado de Shelby no tienen que pagar la matr\u00edcula, pero los que est\u00e1n fuera del condado s\u00ed.<\/li>\n<\/ul>\n<\/div>\n<\/div>\n<p>[\/vc_column_text][vc_btn title=&#8221;VISITA LAS ESCUELAS DE LA CIUDAD DE BARTLETT&#8221; shape=&#8221;square&#8221; color=&#8221;primary&#8221; size=&#8221;sm&#8221; align=&#8221;center&#8221; button_block=&#8221;true&#8221; link=&#8221;url:https%3A%2F%2Fwww.bartlettschools.org%2F|target:%20_blank|&#8221;][\/vc_column][vc_column width=&#8221;1\/2&#8243;][vc_single_image image=&#8221;1646&#8243; img_size=&#8221;full&#8221; alignment=&#8221;center&#8221; onclick=&#8221;custom_link&#8221; img_link_target=&#8221;_blank&#8221; css_animation=&#8221;flipInX&#8221; link=&#8221;https:\/\/www.bartlettschools.org\/&#8221;][\/vc_column][\/vc_row][vc_row full_width=&#8221;stretch_row&#8221; gap=&#8221;30&#8243; equal_height=&#8221;yes&#8221; content_placement=&#8221;middle&#8221; css=&#8221;.vc_custom_1582793006817{margin-top: 0px !important;margin-bottom: 15px !important;background-color: #f0f0f0 !important;}&#8221; el_id=&#8221;collierville&#8221;][vc_column width=&#8221;1\/2&#8243;][vc_single_image image=&#8221;1651&#8243; img_size=&#8221;medium&#8221; alignment=&#8221;center&#8221; onclick=&#8221;custom_link&#8221; img_link_target=&#8221;_blank&#8221; css_animation=&#8221;flipInX&#8221; link=&#8221;https:\/\/www.colliervilleschools.org\/&#8221;][\/vc_column][vc_column width=&#8221;1\/2&#8243;][vc_column_text css=&#8221;.vc_custom_1582791907337{margin-bottom: 15px !important;}&#8221;]<\/p>\n<h2 style=\"text-align: left\">Escuelas de Collierville<\/h2>\n<p>[\/vc_column_text][vc_column_text]<\/p>\n<div class=\"x-text none\">\n<div class=\"x-text none\">\n<p><a href=\"https:\/\/www.colliervilleschools.org\/\" target=\"_blank\" rel=\"noopener noreferrer\">Collierville Schools<\/a> comenz\u00f3 a operar en el a\u00f1o escolar 2014-2015, y dirige ocho escuelas.<\/p>\n<ul>\n<li><a href=\"https:\/\/www.colliervilleschools.org\/apps\/pages\/index.jsp?uREC_ID=447801&amp;type=d&amp;pREC_ID=965854\" target=\"_blank\" rel=\"noopener noreferrer\">Localice su escuela en zona<\/a><\/li>\n<li><a href=\"https:\/\/www.colliervilleschools.org\/apps\/pages\/index.jsp?uREC_ID=278910&amp;type=d&amp;pREC_ID=636223\">Transferencias<\/a>: Debe solicitar durante el per\u00edodo de inscripci\u00f3n abierta de primavera. Los residentes del condado de Shelby no tienen que pagar la matr\u00edcula, pero los que est\u00e1n fuera del condado s\u00ed.<\/li>\n<\/ul>\n<\/div>\n<\/div>\n<p>[\/vc_column_text][vc_btn title=&#8221;VISITAR LAS ESCUELAS DE COLLIERVILLE&#8221; shape=&#8221;square&#8221; color=&#8221;primary&#8221; size=&#8221;sm&#8221; align=&#8221;center&#8221; button_block=&#8221;true&#8221; link=&#8221;url:https%3A%2F%2Fwww.colliervilleschools.org%2F|target:%20_blank|&#8221;][\/vc_column][\/vc_row][vc_row full_width=&#8221;stretch_row&#8221; gap=&#8221;30&#8243; equal_height=&#8221;yes&#8221; content_placement=&#8221;middle&#8221; css=&#8221;.vc_custom_1582793013507{margin-top: 0px !important;margin-bottom: 15px !important;}&#8221; el_id=&#8221;germantown&#8221;][vc_column width=&#8221;1\/2&#8243;][vc_column_text css=&#8221;.vc_custom_1582792063381{margin-bottom: 15px !important;}&#8221;]<\/p>\n<h2 style=\"text-align: left\">Distrito Escolar Municipal de Germantown<\/h2>\n<p>[\/vc_column_text][vc_column_text]<\/p>\n<div class=\"x-text none\">\n<div class=\"x-text none\">\n<p>El Distrito Escolar Municipal de <a href=\"http:\/\/www.gmsdk12.org\/\" target=\"_blank\" rel=\"noopener noreferrer\">Germantown<\/a> (GMSD) comenz\u00f3 a operar en el a\u00f1o escolar 2014-2015, y dirige cinco escuelas.<\/p>\n<ul>\n<li><a href=\"http:\/\/www.gmsdk12.org\/ZoningMap.aspx\" target=\"_blank\" rel=\"noopener noreferrer\">Localice su escuela en zona<\/a><\/li>\n<li><b>Traslados:<\/b>Todos los residentes de Germantown (incluidos los zonificadas de Germantown Elementary, Middle o High, que forman parte del distrito de Shelby County Schools) son bienvenidos a las escuelas GMSD en cualquier momento. Los residentes de Germantown zonifiquen a las escuelas de SCS y los residentes no germantown deben aplicar durante el per\u00edodo de <a href=\"http:\/\/www.gmsdk12.org\/OpenEnrollment.aspx\" target=\"_blank\" rel=\"noopener noreferrer\">inscripci\u00f3n abierta<\/a> de primavera.<\/li>\n<\/ul>\n<\/div>\n<\/div>\n<p>[\/vc_column_text][vc_btn title=&#8221;VISITA EL DISTRITO MUNICIPAL DE LA ESCUELA DE GERMANTOWN&#8221; shape=&#8221;square&#8221; color=&#8221;primary&#8221; size=&#8221;sm&#8221; align=&#8221;center&#8221; button_block=&#8221;true&#8221; link=&#8221;url:http%3A%2F%2Fwww.gmsdk12.org%2F|target:%20_blank|&#8221;][\/vc_column][vc_column width=&#8221;1\/2&#8243;][vc_single_image image=&#8221;1648&#8243; img_size=&#8221;full&#8221; alignment=&#8221;center&#8221; onclick=&#8221;custom_link&#8221; img_link_target=&#8221;_blank&#8221; css_animation=&#8221;flipInX&#8221; link=&#8221;http:\/\/www.gmsdk12.org\/&#8221;][\/vc_column][\/vc_row][vc_row full_width=&#8221;stretch_row&#8221; gap=&#8221;30&#8243; equal_height=&#8221;yes&#8221; content_placement=&#8221;middle&#8221; css=&#8221;.vc_custom_1582793022848{margin-top: 0px !important;margin-bottom: 15px !important;background-color: #f0f0f0 !important;}&#8221; el_id=&#8221;lakeland&#8221;][vc_column width=&#8221;1\/2&#8243;][vc_single_image image=&#8221;1652&#8243; img_size=&#8221;full&#8221; alignment=&#8221;center&#8221; onclick=&#8221;custom_link&#8221; img_link_target=&#8221;_blank&#8221; css_animation=&#8221;flipInX&#8221; link=&#8221;https:\/\/lakelandk12.org\/&#8221;][\/vc_column][vc_column width=&#8221;1\/2&#8243;][vc_column_text css=&#8221;.vc_custom_1582792209401{margin-bottom: 15px !important;}&#8221;]<\/p>\n<h2 style=\"text-align: left\">Sistema Escolar Lakeland<\/h2>\n<p>[\/vc_column_text][vc_column_text]<\/p>\n<div class=\"x-text none\">\n<div class=\"x-text none\">\n<p><a href=\"https:\/\/lakelandk12.org\/\">Lakeland School System<\/a> (LSS) comenz\u00f3 a operar en el 2014, y dirige dos escuelas, Lakeland Elementary y Lakeland Middle Preparatory. Algunos estudiantes que viven en Lakeland tambi\u00e9n est\u00e1n zonificadas a escuelas dentro de los distritos de Arlington y Bartlett.<\/p>\n<p><a href=\"https:\/\/lakelandk12.org\/schools\/zone-finder-2\/\" target=\"_blank\" rel=\"noopener noreferrer\">Localice su <\/a><a href=\"https:\/\/lakelandk12.org\/schools\/zone-finder-2\/\" target=\"_blank\" rel=\"noopener noreferrer\"> escuela<\/a> <a href=\"https:\/\/lakelandk12.org\/schools\/zone-finder-2\/\" target=\"_blank\" rel=\"noopener noreferrer\">en zona<\/a><\/p>\n<p><b>Transferencias<\/b>: La inscripci\u00f3n est\u00e1 restringida a los residentes de Lakeland.<\/p>\n<\/div>\n<\/div>\n<p>[\/vc_column_text][vc_btn title=&#8221;VISITAR EL SISTEMA ESCOLAR DE LAKELAND&#8221; shape=&#8221;square&#8221; color=&#8221;primary&#8221; size=&#8221;sm&#8221; align=&#8221;center&#8221; button_block=&#8221;true&#8221; link=&#8221;url:https%3A%2F%2Flakelandk12.org%2F|target:%20_blank|&#8221;][\/vc_column][\/vc_row][vc_row full_width=&#8221;stretch_row&#8221; gap=&#8221;30&#8243; equal_height=&#8221;yes&#8221; content_placement=&#8221;middle&#8221; css=&#8221;.vc_custom_1582793031380{margin-top: 0px !important;margin-bottom: 15px !important;}&#8221; el_id=&#8221;millington&#8221;][vc_column width=&#8221;1\/2&#8243;][vc_column_text css=&#8221;.vc_custom_1582792395669{margin-bottom: 15px !important;}&#8221;]<\/p>\n<h2 style=\"text-align: left\">Escuelas Municipales de Millington<\/h2>\n<p>[\/vc_column_text][vc_column_text]<\/p>\n<div class=\"x-text none\">\n<div class=\"x-text none\">\n<p><a href=\"https:\/\/www.millingtonschools.org\/\" target=\"_blank\" rel=\"noopener noreferrer\">Las Escuelas Municipales<\/a> de Millington (MMS) comenzaron a operar en el a\u00f1o escolar 2014-2015, y dirige cuatro escuelas.<\/p>\n<ul>\n<li><a href=\"https:\/\/www.millingtonschools.org\/schools\/locator\">Localice su escuela de zona<\/a><\/li>\n<li><a href=\"https:\/\/www.millingtonschools.org\/parents_and_students\/student_registration\/transfers\" target=\"_blank\" rel=\"noopener noreferrer\">Traslados<\/a>: Millington permite traslados escolares por estudiantes residentes y no residentes.<\/li>\n<\/ul>\n<\/div>\n<\/div>\n<p>[\/vc_column_text][vc_btn title=&#8221;VISITA LAS ESCUELAS MUNICIPALES DE MILLINGTON&#8221; shape=&#8221;square&#8221; color=&#8221;primary&#8221; size=&#8221;sm&#8221; align=&#8221;center&#8221; button_block=&#8221;true&#8221; link=&#8221;url:https%3A%2F%2Fwww.millingtonschools.org%2F|target:%20_blank|&#8221;][\/vc_column][vc_column width=&#8221;1\/2&#8243;][vc_single_image image=&#8221;1650&#8243; img_size=&#8221;full&#8221; alignment=&#8221;center&#8221; onclick=&#8221;custom_link&#8221; img_link_target=&#8221;_blank&#8221; css_animation=&#8221;flipInX&#8221; link=&#8221;https:\/\/www.millingtonschools.org\/&#8221;][\/vc_column][\/vc_row]<\/p>\n<\/section>","protected":false},"excerpt":{"rendered":"<p>[vc_row equal_height=&#8221;yes&#8221; content_placement=&#8221;middle&#8221; css=&#8221;.vc_custom_1582775316865{margin-bottom: 0px !important;padding-bottom: 0px !important;}&#8221;][vc_column width=&#8221;1\/3&#8243;][vc_single_image image=&#8221;1584&#8243; img_size=&#8221;full&#8221; alignment=&#8221;center&#8221; css_animation=&#8221;flipInX&#8221; css=&#8221;.vc_custom_1582790469757{margin-bottom: 0px !important;}&#8221;][\/vc_column][vc_column width=&#8221;2\/3&#8243;][vc_custom_heading text=&#8221;Los distritos:&#8221; font_container=&#8221;tag:h2|text_align:left|color:%23307ad5&#8243; google_fonts=&#8221;font_family:Montserrat%3Aregular%2C700|font_style:700%20bold%20regular%3A700%3Anormal&#8221; css_animation=&#8221;zoomInLeft&#8221; css=&#8221;.vc_custom_1582790505540{margin-top: -8px !important;margin-bottom: 29px !important;}&#8221;][vc_column_text css=&#8221;.vc_custom_1582790663616{margin-bottom: 32px !important;}&#8221;] En 2011, s\u00f3lo hab\u00eda dos distritos escolares: Memphis City School y Shelby County Schools. S\u00f3lo tres a\u00f1os despu\u00e9s, eran ocho. Pocas comunidades han pasado por [&hellip;]<\/p>\n","protected":false},"author":2,"featured_media":0,"parent":1760,"menu_order":0,"comment_status":"closed","ping_status":"closed","template":"","meta":{"footnotes":""},"class_list":["post-1761","page","type-page","status-publish","hentry"],"_links":{"self":[{"href":"http:\/\/memphisschoolguide.org\/es\/wp-json\/wp\/v2\/pages\/1761","targetHints":{"allow":["GET"]}}],"collection":[{"href":"http:\/\/memphisschoolguide.org\/es\/wp-json\/wp\/v2\/pages"}],"about":[{"href":"http:\/\/memphisschoolguide.org\/es\/wp-json\/wp\/v2\/types\/page"}],"author":[{"embeddable":true,"href":"http:\/\/memphisschoolguide.org\/es\/wp-json\/wp\/v2\/users\/2"}],"replies":[{"embeddable":true,"href":"http:\/\/memphisschoolguide.org\/es\/wp-json\/wp\/v2\/comments?post=1761"}],"version-history":[{"count":0,"href":"http:\/\/memphisschoolguide.org\/es\/wp-json\/wp\/v2\/pages\/1761\/revisions"}],"up":[{"embeddable":true,"href":"http:\/\/memphisschoolguide.org\/es\/wp-json\/wp\/v2\/pages\/1760"}],"wp:attachment":[{"href":"http:\/\/memphisschoolguide.org\/es\/wp-json\/wp\/v2\/media?parent=1761"}],"curies":[{"name":"wp","href":"https:\/\/api.w.org\/{rel}","templated":true}]}}